{"id":1789,"date":"2022-02-01T19:28:59","date_gmt":"2022-02-01T18:28:59","guid":{"rendered":"https:\/\/glycanostics.com\/o-nas\/"},"modified":"2022-06-17T09:59:47","modified_gmt":"2022-06-17T07:59:47","slug":"o-nas","status":"publish","type":"page","link":"https:\/\/glycanostics.com\/sk\/o-nas\/","title":{"rendered":"O n\u00e1s"},"content":{"rendered":"\t\t<div data-elementor-type=\"wp-page\" data-elementor-id=\"1789\" class=\"elementor elementor-1789\">\n\t\t\t\t\t\t\t\t\t<section data-particle_enable=\"false\" data-particle-mobile-disabled=\"false\" class=\"elementor-section elementor-top-section elementor-element elementor-element-259a1822 elementor-section-content-middle elementor-section-boxed elementor-section-height-default elementor-section-height-default\" data-id=\"259a1822\" data-element_type=\"section\" data-settings=\"{&quot;background_background&quot;:&quot;classic&quot;}\">\n\t\t\t\t\t\t<div class=\"elementor-container elementor-column-gap-default\">\n\t\t\t\t\t<div class=\"elementor-column elementor-col-100 elementor-top-column elementor-element elementor-element-7a73dee6\" data-id=\"7a73dee6\" data-element_type=\"column\" data-settings=\"{&quot;background_background&quot;:&quot;classic&quot;}\">\n\t\t\t<div class=\"elementor-widget-wrap elementor-element-populated\">\n\t\t\t\t\t\t\t\t<div class=\"elementor-element elementor-element-2762c0e8 elementor-widget elementor-widget-heading\" data-id=\"2762c0e8\" data-element_type=\"widget\" data-widget_type=\"heading.default\">\n\t\t\t\t<div class=\"elementor-widget-container\">\n\t\t\t<h1 class=\"elementor-heading-title elementor-size-default\">O n\u00e1s<\/h1>\t\t<\/div>\n\t\t\t\t<\/div>\n\t\t\t\t\t<\/div>\n\t\t<\/div>\n\t\t\t\t\t\t\t<\/div>\n\t\t<\/section>\n\t\t\t\t<section data-particle_enable=\"false\" data-particle-mobile-disabled=\"false\" class=\"elementor-section elementor-top-section elementor-element elementor-element-35a69ee8 elementor-section-content-middle elementor-section-boxed elementor-section-height-default elementor-section-height-default\" data-id=\"35a69ee8\" data-element_type=\"section\">\n\t\t\t\t\t\t<div class=\"elementor-container elementor-column-gap-no\">\n\t\t\t\t\t<div class=\"elementor-column elementor-col-100 elementor-top-column elementor-element elementor-element-509e6f5f\" data-id=\"509e6f5f\" data-element_type=\"column\">\n\t\t\t<div class=\"elementor-widget-wrap elementor-element-populated\">\n\t\t\t\t\t\t\t\t<div class=\"elementor-element elementor-element-acec0ee elementor-widget elementor-widget-heading\" data-id=\"acec0ee\" data-element_type=\"widget\" data-widget_type=\"heading.default\">\n\t\t\t\t<div class=\"elementor-widget-container\">\n\t\t\t<h2 class=\"elementor-heading-title elementor-size-default\">Sme inovat\u00edvny startup, ktor\u00fd je pripraven\u00fd razi\u0165 nov\u00fa cestu v medic\u00edne v\u010faka mimoriadne presnej a unik\u00e1tnej diagnostike rakoviny v ran\u00fdch \u0161t\u00e1di\u00e1ch v\u00fdvoja ochorenia<\/h2>\t\t<\/div>\n\t\t\t\t<\/div>\n\t\t\t\t<div class=\"elementor-element elementor-element-72e15a16 elementor-widget elementor-widget-text-editor\" data-id=\"72e15a16\" data-element_type=\"widget\" data-widget_type=\"text-editor.default\">\n\t\t\t\t<div class=\"elementor-widget-container\">\n\t\t\t\t\t\t\t<span style=\"font-weight: 400;\">Spolo\u010dnos\u0165 Glycanostics vyvinula mimoriadne inovat\u00edvny diagnostick\u00fd test na rakovinu prostaty zalo\u017een\u00fd na met\u00f3de ELISA, ktor\u00fd vyu\u017e\u00edva magnetick\u00e9 gu\u013e\u00f4\u010dky na detekciu zmien glyk\u00e1nov\u00fdch \u0161trukt\u00far. Glycanostics je inovat\u00edvny startup zalo\u017een\u00fd v\u00a0roku 2017, aby expandoval so svojimi revolu\u010dn\u00fdmi met\u00f3dami na diagnostiku rakoviny na trhy Spojen\u00fdch \u0161t\u00e1tov americk\u00fdch a\u00a0\u0161t\u00e1tov Eur\u00f3pskej \u00fanie. Spolo\u010dnos\u0165 zalo\u017eili J\u00e1n Tk\u00e1\u010d a\u00a0Tom\u00e1\u0161 Bert\u00f3k, dvojica pozoruhodn\u00fdch vedcov, ktor\u00e1 za svoju vedeck\u00fa pr\u00e1cu z\u00edskala nielen medzin\u00e1rodn\u00e9 uznanie, ale aj granty a\u00a0ocenenia, okrem in\u00e9ho aj ocenenie Vedci roka (Slovensko), granty \u201eConsolidator\u201c a\u00a0\u201eProof of Concept\u201c Eur\u00f3pskej rady pre v\u00fdskum (ERC), grant Inovat\u00edvnych \u0161koliacich siet\u00ed (ITN) referen\u010dn\u00e9ho programu Akcie Marie Sk\u0142odowska-Curie a pod.<\/span>\t\t\t\t\t\t<\/div>\n\t\t\t\t<\/div>\n\t\t\t\t<div class=\"elementor-element elementor-element-67290dd7 elementor-widget elementor-widget-toggle\" data-id=\"67290dd7\" data-element_type=\"widget\" data-widget_type=\"toggle.default\">\n\t\t\t\t<div class=\"elementor-widget-container\">\n\t\t\t\t\t<div class=\"elementor-toggle\">\n\t\t\t\t\t\t\t<div class=\"elementor-toggle-item\">\n\t\t\t\t\t<div id=\"elementor-tab-title-1731\" class=\"elementor-tab-title\" data-tab=\"1\" role=\"button\" aria-controls=\"elementor-tab-content-1731\" aria-expanded=\"false\">\n\t\t\t\t\t\t\t\t\t\t\t\t<a class=\"elementor-toggle-title\" tabindex=\"0\">Viac..<\/a>\n\t\t\t\t\t<\/div>\n\n\t\t\t\t\t<div id=\"elementor-tab-content-1731\" class=\"elementor-tab-content elementor-clearfix\" data-tab=\"1\" role=\"region\" aria-labelledby=\"elementor-tab-title-1731\"><span style=\"font-weight: 400;\">V\u00fdkonn\u00e1 riadite\u013eka spolo\u010dnosti, Eva Kov\u00e1\u010dov\u00e1, m\u00e1 viac ne\u017e osemn\u00e1s\u0165ro\u010dn\u00e9 sk\u00fasenosti v\u00a0oblasti komplexn\u00fdch medzin\u00e1rodn\u00fdch farmaceutick\u00fdch f\u00fazi\u00ed, akviz\u00edci\u00ed a\u00a0licen\u010dn\u00fdch procesov, ktor\u00e9 z\u00edskala preva\u017ene po\u010das svojho p\u00f4sobenia v\u00a0spolo\u010dnosti GSK.<\/span>\r\n\r\n<span style=\"font-weight: 400;\">Spolo\u010dnos\u0165 Glycanostics z\u00edskala mimoriadne prest\u00ed\u017eny grant Eur\u00f3pskej rady pre v\u00fdskum (ERC), grant EIC Accelerator a\u00a0minul\u00fd rok sme boli v\u00a0r\u00e1mci sch\u00e9my EIC Transition ocenen\u00ed aj Pe\u010da\u0165ou excelentnosti (Seal of Excellence).<\/span>\r\n\r\n<span style=\"font-weight: 400;\">Glycanostics je tie\u017e v\u00ed\u0165azom r\u00f4znych s\u00fa\u0165a\u017e\u00ed startupov, napr.:<\/span>\r\n\r\n<span style=\"font-weight: 400;\">CE Startup Awards \u2013 Najlep\u0161\u00ed startup v\u00a0oblasti zdravotn\u00edckych technol\u00f3gi\u00ed (Best Health-Tech Startup) a Najlep\u0161\u00ed startup z h\u013eadiska spolo\u010densk\u00e9ho dopadu (Best Social Impact Startup)<\/span>\r\n\r\n<span style=\"font-weight: 400;\">Svetov\u00fd poh\u00e1r a samit startupov (Startup World Cup &amp; Summit) pre krajiny V4 a finalista v roku 2020<\/span><\/div>\n\t\t\t\t<\/div>\n\t\t\t\t\t\t\t\t\t\t<script type=\"application\/ld+json\">{\"@context\":\"https:\\\/\\\/schema.org\",\"@type\":\"FAQPage\",\"mainEntity\":[{\"@type\":\"Question\",\"name\":\"Viac..\",\"acceptedAnswer\":{\"@type\":\"Answer\",\"text\":\"<span style=\\\"font-weight: 400;\\\">V\\u00fdkonn\\u00e1 riadite\\u013eka spolo\\u010dnosti, Eva Kov\\u00e1\\u010dov\\u00e1, m\\u00e1 viac ne\\u017e osemn\\u00e1s\\u0165ro\\u010dn\\u00e9 sk\\u00fasenosti v\\u00a0oblasti komplexn\\u00fdch medzin\\u00e1rodn\\u00fdch farmaceutick\\u00fdch f\\u00fazi\\u00ed, akviz\\u00edci\\u00ed a\\u00a0licen\\u010dn\\u00fdch procesov, ktor\\u00e9 z\\u00edskala preva\\u017ene po\\u010das svojho p\\u00f4sobenia v\\u00a0spolo\\u010dnosti GSK.<\\\/span>\\r\\n\\r\\n<span style=\\\"font-weight: 400;\\\">Spolo\\u010dnos\\u0165 Glycanostics z\\u00edskala mimoriadne prest\\u00ed\\u017eny grant Eur\\u00f3pskej rady pre v\\u00fdskum (ERC), grant EIC Accelerator a\\u00a0minul\\u00fd rok sme boli v\\u00a0r\\u00e1mci sch\\u00e9my EIC Transition ocenen\\u00ed aj Pe\\u010da\\u0165ou excelentnosti (Seal of Excellence).<\\\/span>\\r\\n\\r\\n<span style=\\\"font-weight: 400;\\\">Glycanostics je tie\\u017e v\\u00ed\\u0165azom r\\u00f4znych s\\u00fa\\u0165a\\u017e\\u00ed startupov, napr.:<\\\/span>\\r\\n\\r\\n<span style=\\\"font-weight: 400;\\\">CE Startup Awards \\u2013 Najlep\\u0161\\u00ed startup v\\u00a0oblasti zdravotn\\u00edckych technol\\u00f3gi\\u00ed (Best Health-Tech Startup) a Najlep\\u0161\\u00ed startup z h\\u013eadiska spolo\\u010densk\\u00e9ho dopadu (Best Social Impact Startup)<\\\/span>\\r\\n\\r\\n<span style=\\\"font-weight: 400;\\\">Svetov\\u00fd poh\\u00e1r a samit startupov (Startup World Cup &amp; Summit) pre krajiny V4 a finalista v roku 2020<\\\/span>\"}}]}<\/script>\n\t\t\t\t\t<\/div>\n\t\t\t\t<\/div>\n\t\t\t\t<\/div>\n\t\t\t\t\t<\/div>\n\t\t<\/div>\n\t\t\t\t\t\t\t<\/div>\n\t\t<\/section>\n\t\t\t\t<section data-particle_enable=\"false\" data-particle-mobile-disabled=\"false\" class=\"elementor-section elementor-top-section elementor-element elementor-element-3737c705 elementor-section-boxed elementor-section-height-default elementor-section-height-default\" data-id=\"3737c705\" data-element_type=\"section\" data-settings=\"{&quot;background_background&quot;:&quot;classic&quot;}\">\n\t\t\t\t\t\t\t<div class=\"elementor-background-overlay\"><\/div>\n\t\t\t\t\t\t\t<div class=\"elementor-container elementor-column-gap-no\">\n\t\t\t\t\t<div class=\"elementor-column elementor-col-50 elementor-top-column elementor-element elementor-element-74cae096\" data-id=\"74cae096\" data-element_type=\"column\">\n\t\t\t<div class=\"elementor-widget-wrap elementor-element-populated\">\n\t\t\t\t\t\t\t\t<div class=\"elementor-element elementor-element-5eddcdee elementor-widget elementor-widget-heading\" data-id=\"5eddcdee\" data-element_type=\"widget\" data-widget_type=\"heading.default\">\n\t\t\t\t<div class=\"elementor-widget-container\">\n\t\t\t<h3 class=\"elementor-heading-title elementor-size-default\">Misia<\/h3>\t\t<\/div>\n\t\t\t\t<\/div>\n\t\t\t\t\t<\/div>\n\t\t<\/div>\n\t\t\t\t<div class=\"elementor-column elementor-col-50 elementor-top-column elementor-element elementor-element-242b179c\" data-id=\"242b179c\" data-element_type=\"column\">\n\t\t\t<div class=\"elementor-widget-wrap elementor-element-populated\">\n\t\t\t\t\t\t\t\t<div class=\"elementor-element elementor-element-372fd9d0 elementor-widget-divider--view-line elementor-widget elementor-widget-divider\" data-id=\"372fd9d0\" data-element_type=\"widget\" data-widget_type=\"divider.default\">\n\t\t\t\t<div class=\"elementor-widget-container\">\n\t\t\t\t\t<div class=\"elementor-divider\">\n\t\t\t<span class=\"elementor-divider-separator\">\n\t\t\t\t\t\t<\/span>\n\t\t<\/div>\n\t\t\t\t<\/div>\n\t\t\t\t<\/div>\n\t\t\t\t<section data-particle_enable=\"false\" data-particle-mobile-disabled=\"false\" class=\"elementor-section elementor-inner-section elementor-element elementor-element-31ec1eea elementor-section-content-middle elementor-reverse-mobile elementor-section-boxed elementor-section-height-default elementor-section-height-default\" data-id=\"31ec1eea\" data-element_type=\"section\">\n\t\t\t\t\t\t<div class=\"elementor-container elementor-column-gap-default\">\n\t\t\t\t\t<div class=\"elementor-column elementor-col-100 elementor-inner-column elementor-element elementor-element-24e729ca\" data-id=\"24e729ca\" data-element_type=\"column\">\n\t\t\t<div class=\"elementor-widget-wrap elementor-element-populated\">\n\t\t\t\t\t\t\t\t<div class=\"elementor-element elementor-element-3a2a204b elementor-widget elementor-widget-heading\" data-id=\"3a2a204b\" data-element_type=\"widget\" data-widget_type=\"heading.default\">\n\t\t\t\t<div class=\"elementor-widget-container\">\n\t\t\t<h4 class=\"elementor-heading-title elementor-size-default\">Pomocou unik\u00e1tneho diagnostick\u00e9ho testu na b\u00e1ze glyk\u00e1nov budeme diagnostikova\u0165 s mimoriadnou presnos\u0165ou 11 druhov rakoviny v ran\u00fdch \u0161t\u00e1di\u00e1ch ochorenia<\/h4>\t\t<\/div>\n\t\t\t\t<\/div>\n\t\t\t\t\t<\/div>\n\t\t<\/div>\n\t\t\t\t\t\t\t<\/div>\n\t\t<\/section>\n\t\t\t\t\t<\/div>\n\t\t<\/div>\n\t\t\t\t\t\t\t<\/div>\n\t\t<\/section>\n\t\t\t\t<section data-particle_enable=\"false\" data-particle-mobile-disabled=\"false\" class=\"elementor-section elementor-top-section elementor-element elementor-element-a2c81bf elementor-section-content-middle elementor-section-boxed elementor-section-height-default elementor-section-height-default\" data-id=\"a2c81bf\" data-element_type=\"section\" data-settings=\"{&quot;background_background&quot;:&quot;classic&quot;}\">\n\t\t\t\t\t\t\t<div class=\"elementor-background-overlay\"><\/div>\n\t\t\t\t\t\t\t<div class=\"elementor-container elementor-column-gap-no\">\n\t\t\t\t\t<div class=\"elementor-column elementor-col-50 elementor-top-column elementor-element elementor-element-3c542db\" data-id=\"3c542db\" data-element_type=\"column\">\n\t\t\t<div class=\"elementor-widget-wrap elementor-element-populated\">\n\t\t\t\t\t\t\t\t<div class=\"elementor-element elementor-element-45c023b elementor-widget elementor-widget-heading\" data-id=\"45c023b\" data-element_type=\"widget\" data-widget_type=\"heading.default\">\n\t\t\t\t<div class=\"elementor-widget-container\">\n\t\t\t<h3 class=\"elementor-heading-title elementor-size-default\">V\u00edzia<\/h3>\t\t<\/div>\n\t\t\t\t<\/div>\n\t\t\t\t\t<\/div>\n\t\t<\/div>\n\t\t\t\t<div class=\"elementor-column elementor-col-50 elementor-top-column elementor-element elementor-element-e91b4f2\" data-id=\"e91b4f2\" data-element_type=\"column\">\n\t\t\t<div class=\"elementor-widget-wrap elementor-element-populated\">\n\t\t\t\t\t\t\t\t<div class=\"elementor-element elementor-element-92b0047 elementor-widget-divider--view-line elementor-widget elementor-widget-divider\" data-id=\"92b0047\" data-element_type=\"widget\" data-widget_type=\"divider.default\">\n\t\t\t\t<div class=\"elementor-widget-container\">\n\t\t\t\t\t<div class=\"elementor-divider\">\n\t\t\t<span class=\"elementor-divider-separator\">\n\t\t\t\t\t\t<\/span>\n\t\t<\/div>\n\t\t\t\t<\/div>\n\t\t\t\t<\/div>\n\t\t\t\t<section data-particle_enable=\"false\" data-particle-mobile-disabled=\"false\" class=\"elementor-section elementor-inner-section elementor-element elementor-element-532c9e5 elementor-section-content-middle elementor-reverse-mobile elementor-section-boxed elementor-section-height-default elementor-section-height-default\" data-id=\"532c9e5\" data-element_type=\"section\">\n\t\t\t\t\t\t<div class=\"elementor-container elementor-column-gap-default\">\n\t\t\t\t\t<div class=\"elementor-column elementor-col-100 elementor-inner-column elementor-element elementor-element-927802a\" data-id=\"927802a\" data-element_type=\"column\">\n\t\t\t<div class=\"elementor-widget-wrap elementor-element-populated\">\n\t\t\t\t\t\t\t\t<div class=\"elementor-element elementor-element-8543f28 elementor-widget elementor-widget-heading\" data-id=\"8543f28\" data-element_type=\"widget\" data-widget_type=\"heading.default\">\n\t\t\t\t<div class=\"elementor-widget-container\">\n\t\t\t<h4 class=\"elementor-heading-title elementor-size-default\">Vytvori\u0165 svet, v ktorom budeme diagnostikova\u0165 a \u00faspe\u0161ne lie\u010di\u0165 RAKOVINU v ran\u00fdch \u0161t\u00e1di\u00e1ch ochorenia<\/h4>\t\t<\/div>\n\t\t\t\t<\/div>\n\t\t\t\t\t<\/div>\n\t\t<\/div>\n\t\t\t\t\t\t\t<\/div>\n\t\t<\/section>\n\t\t\t\t\t<\/div>\n\t\t<\/div>\n\t\t\t\t\t\t\t<\/div>\n\t\t<\/section>\n\t\t\t\t\t\t\t<\/div>\n\t\t","protected":false},"excerpt":{"rendered":"<p>Sme inovat\u00edvny startup, ktor\u00fd je pripraven\u00fd razi\u0165 nov\u00fa cestu v medic\u00edne v\u010faka mimoriadne presnej a unik\u00e1tnej diagnostike rakoviny v ran\u00fdch \u0161t\u00e1di\u00e1ch v\u00fdvoja ochorenia Spolo\u010dnos\u0165 Glycanostics vyvinula mimoriadne inovat\u00edvny diagnostick\u00fd test na rakovinu prostaty zalo\u017een\u00fd na met\u00f3de ELISA, ktor\u00fd vyu\u017e\u00edva magnetick\u00e9 gu\u013e\u00f4\u010dky na detekciu zmien glyk\u00e1nov\u00fdch \u0161trukt\u00far. Glycanostics je inovat\u00edvny startup zalo\u017een\u00fd v\u00a0roku 2017, aby expandoval [&hellip;]<\/p>\n","protected":false},"author":1,"featured_media":0,"parent":0,"menu_order":0,"comment_status":"closed","ping_status":"closed","template":"elementor_header_footer","meta":{"inline_featured_image":false,"_mi_skip_tracking":false,"_monsterinsights_sitenote_active":false,"_monsterinsights_sitenote_note":"","_monsterinsights_sitenote_category":0,"footnotes":""},"yoast_head":"<!-- This site is optimized with the Yoast SEO plugin v21.5 - https:\/\/yoast.com\/wordpress\/plugins\/seo\/ -->\n<title>O n\u00e1s - Glycanostics<\/title>\n<meta name=\"robots\" content=\"index, follow, max-snippet:-1, max-image-preview:large, max-video-preview:-1\" \/>\n<link rel=\"canonical\" href=\"https:\/\/glycanostics.com\/who-we-are\/\" \/>\n<meta property=\"og:locale\" content=\"sk_SK\" \/>\n<meta property=\"og:type\" content=\"article\" \/>\n<meta property=\"og:title\" content=\"O n\u00e1s - Glycanostics\" \/>\n<meta property=\"og:description\" content=\"Sme inovat\u00edvny startup, ktor\u00fd je pripraven\u00fd razi\u0165 nov\u00fa cestu v medic\u00edne v\u010faka mimoriadne presnej a unik\u00e1tnej diagnostike rakoviny v ran\u00fdch \u0161t\u00e1di\u00e1ch v\u00fdvoja ochorenia Spolo\u010dnos\u0165 Glycanostics vyvinula mimoriadne inovat\u00edvny diagnostick\u00fd test na rakovinu prostaty zalo\u017een\u00fd na met\u00f3de ELISA, ktor\u00fd vyu\u017e\u00edva magnetick\u00e9 gu\u013e\u00f4\u010dky na detekciu zmien glyk\u00e1nov\u00fdch \u0161trukt\u00far. Glycanostics je inovat\u00edvny startup zalo\u017een\u00fd v\u00a0roku 2017, aby expandoval [&hellip;]\" \/>\n<meta property=\"og:url\" content=\"https:\/\/glycanostics.com\/who-we-are\/\" \/>\n<meta property=\"og:site_name\" content=\"Glycanostics\" \/>\n<meta property=\"article:modified_time\" content=\"2022-06-17T07:59:47+00:00\" \/>\n<meta name=\"twitter:card\" content=\"summary_large_image\" \/>\n<meta name=\"twitter:label1\" content=\"Predpokladan\u00fd \u010das \u010d\u00edtania\" \/>\n\t<meta name=\"twitter:data1\" content=\"2 min\u00faty\" \/>\n<script type=\"application\/ld+json\" class=\"yoast-schema-graph\">{\"@context\":\"https:\/\/schema.org\",\"@graph\":[{\"@type\":\"WebPage\",\"@id\":\"https:\/\/glycanostics.com\/who-we-are\/\",\"url\":\"https:\/\/glycanostics.com\/who-we-are\/\",\"name\":\"O n\u00e1s - Glycanostics\",\"isPartOf\":{\"@id\":\"https:\/\/glycanostics.com\/#website\"},\"datePublished\":\"2022-02-01T18:28:59+00:00\",\"dateModified\":\"2022-06-17T07:59:47+00:00\",\"breadcrumb\":{\"@id\":\"https:\/\/glycanostics.com\/who-we-are\/#breadcrumb\"},\"inLanguage\":\"sk-SK\",\"potentialAction\":[{\"@type\":\"ReadAction\",\"target\":[\"https:\/\/glycanostics.com\/who-we-are\/\"]}]},{\"@type\":\"BreadcrumbList\",\"@id\":\"https:\/\/glycanostics.com\/who-we-are\/#breadcrumb\",\"itemListElement\":[{\"@type\":\"ListItem\",\"position\":1,\"name\":\"Home\",\"item\":\"https:\/\/glycanostics.com\/\"},{\"@type\":\"ListItem\",\"position\":2,\"name\":\"O n\u00e1s\"}]},{\"@type\":\"WebSite\",\"@id\":\"https:\/\/glycanostics.com\/#website\",\"url\":\"https:\/\/glycanostics.com\/\",\"name\":\"Glycanostics\",\"description\":\"\",\"potentialAction\":[{\"@type\":\"SearchAction\",\"target\":{\"@type\":\"EntryPoint\",\"urlTemplate\":\"https:\/\/glycanostics.com\/?s={search_term_string}\"},\"query-input\":\"required name=search_term_string\"}],\"inLanguage\":\"sk-SK\"}]}<\/script>\n<!-- \/ Yoast SEO plugin. -->","yoast_head_json":{"title":"O n\u00e1s - Glycanostics","robots":{"index":"index","follow":"follow","max-snippet":"max-snippet:-1","max-image-preview":"max-image-preview:large","max-video-preview":"max-video-preview:-1"},"canonical":"https:\/\/glycanostics.com\/who-we-are\/","og_locale":"sk_SK","og_type":"article","og_title":"O n\u00e1s - Glycanostics","og_description":"Sme inovat\u00edvny startup, ktor\u00fd je pripraven\u00fd razi\u0165 nov\u00fa cestu v medic\u00edne v\u010faka mimoriadne presnej a unik\u00e1tnej diagnostike rakoviny v ran\u00fdch \u0161t\u00e1di\u00e1ch v\u00fdvoja ochorenia Spolo\u010dnos\u0165 Glycanostics vyvinula mimoriadne inovat\u00edvny diagnostick\u00fd test na rakovinu prostaty zalo\u017een\u00fd na met\u00f3de ELISA, ktor\u00fd vyu\u017e\u00edva magnetick\u00e9 gu\u013e\u00f4\u010dky na detekciu zmien glyk\u00e1nov\u00fdch \u0161trukt\u00far. Glycanostics je inovat\u00edvny startup zalo\u017een\u00fd v\u00a0roku 2017, aby expandoval [&hellip;]","og_url":"https:\/\/glycanostics.com\/who-we-are\/","og_site_name":"Glycanostics","article_modified_time":"2022-06-17T07:59:47+00:00","twitter_card":"summary_large_image","twitter_misc":{"Predpokladan\u00fd \u010das \u010d\u00edtania":"2 min\u00faty"},"schema":{"@context":"https:\/\/schema.org","@graph":[{"@type":"WebPage","@id":"https:\/\/glycanostics.com\/who-we-are\/","url":"https:\/\/glycanostics.com\/who-we-are\/","name":"O n\u00e1s - Glycanostics","isPartOf":{"@id":"https:\/\/glycanostics.com\/#website"},"datePublished":"2022-02-01T18:28:59+00:00","dateModified":"2022-06-17T07:59:47+00:00","breadcrumb":{"@id":"https:\/\/glycanostics.com\/who-we-are\/#breadcrumb"},"inLanguage":"sk-SK","potentialAction":[{"@type":"ReadAction","target":["https:\/\/glycanostics.com\/who-we-are\/"]}]},{"@type":"BreadcrumbList","@id":"https:\/\/glycanostics.com\/who-we-are\/#breadcrumb","itemListElement":[{"@type":"ListItem","position":1,"name":"Home","item":"https:\/\/glycanostics.com\/"},{"@type":"ListItem","position":2,"name":"O n\u00e1s"}]},{"@type":"WebSite","@id":"https:\/\/glycanostics.com\/#website","url":"https:\/\/glycanostics.com\/","name":"Glycanostics","description":"","potentialAction":[{"@type":"SearchAction","target":{"@type":"EntryPoint","urlTemplate":"https:\/\/glycanostics.com\/?s={search_term_string}"},"query-input":"required name=search_term_string"}],"inLanguage":"sk-SK"}]}},"_links":{"self":[{"href":"https:\/\/glycanostics.com\/sk\/wp-json\/wp\/v2\/pages\/1789"}],"collection":[{"href":"https:\/\/glycanostics.com\/sk\/wp-json\/wp\/v2\/pages"}],"about":[{"href":"https:\/\/glycanostics.com\/sk\/wp-json\/wp\/v2\/types\/page"}],"author":[{"embeddable":true,"href":"https:\/\/glycanostics.com\/sk\/wp-json\/wp\/v2\/users\/1"}],"replies":[{"embeddable":true,"href":"https:\/\/glycanostics.com\/sk\/wp-json\/wp\/v2\/comments?post=1789"}],"version-history":[{"count":1,"href":"https:\/\/glycanostics.com\/sk\/wp-json\/wp\/v2\/pages\/1789\/revisions"}],"predecessor-version":[{"id":1790,"href":"https:\/\/glycanostics.com\/sk\/wp-json\/wp\/v2\/pages\/1789\/revisions\/1790"}],"wp:attachment":[{"href":"https:\/\/glycanostics.com\/sk\/wp-json\/wp\/v2\/media?parent=1789"}],"curies":[{"name":"wp","href":"https:\/\/api.w.org\/{rel}","templated":true}]}}