{"id":1791,"date":"2022-02-10T16:55:25","date_gmt":"2022-02-10T15:55:25","guid":{"rendered":"https:\/\/glycanostics.com\/vedenie-spolocnosti\/"},"modified":"2023-04-18T18:12:31","modified_gmt":"2023-04-18T16:12:31","slug":"vedenie-spolocnosti","status":"publish","type":"page","link":"https:\/\/glycanostics.com\/sk\/vedenie-spolocnosti\/","title":{"rendered":"Vedenie spolo\u010dnosti"},"content":{"rendered":"\t\t<div data-elementor-type=\"wp-page\" data-elementor-id=\"1791\" class=\"elementor elementor-1791\">\n\t\t\t\t\t\t\t\t\t<section data-particle_enable=\"false\" data-particle-mobile-disabled=\"false\" class=\"elementor-section elementor-top-section elementor-element elementor-element-e710f29 elementor-section-content-middle elementor-section-boxed elementor-section-height-default elementor-section-height-default\" data-id=\"e710f29\" data-element_type=\"section\">\n\t\t\t\t\t\t<div class=\"elementor-container elementor-column-gap-default\">\n\t\t\t\t\t<div class=\"elementor-column elementor-col-50 elementor-top-column elementor-element elementor-element-9433bc1\" data-id=\"9433bc1\" data-element_type=\"column\">\n\t\t\t<div class=\"elementor-widget-wrap elementor-element-populated\">\n\t\t\t\t\t\t\t\t<div class=\"elementor-element elementor-element-9518c7c elementor-widget elementor-widget-heading\" data-id=\"9518c7c\" data-element_type=\"widget\" data-widget_type=\"heading.default\">\n\t\t\t\t<div class=\"elementor-widget-container\">\n\t\t\t<h1 class=\"elementor-heading-title elementor-size-default\">Vedenie spolo\u010dnosti<\/h1>\t\t<\/div>\n\t\t\t\t<\/div>\n\t\t\t\t<div class=\"elementor-element elementor-element-e91743d elementor-widget-divider--view-line elementor-widget elementor-widget-divider\" data-id=\"e91743d\" data-element_type=\"widget\" data-widget_type=\"divider.default\">\n\t\t\t\t<div class=\"elementor-widget-container\">\n\t\t\t\t\t<div class=\"elementor-divider\">\n\t\t\t<span class=\"elementor-divider-separator\">\n\t\t\t\t\t\t<\/span>\n\t\t<\/div>\n\t\t\t\t<\/div>\n\t\t\t\t<\/div>\n\t\t\t\t\t<\/div>\n\t\t<\/div>\n\t\t\t\t<div class=\"elementor-column elementor-col-50 elementor-top-column elementor-element elementor-element-41f7d27\" data-id=\"41f7d27\" data-element_type=\"column\">\n\t\t\t<div class=\"elementor-widget-wrap\">\n\t\t\t\t\t\t\t\t\t<\/div>\n\t\t<\/div>\n\t\t\t\t\t\t\t<\/div>\n\t\t<\/section>\n\t\t\t\t<section data-particle_enable=\"false\" data-particle-mobile-disabled=\"false\" class=\"elementor-section elementor-top-section elementor-element elementor-element-cfbacc2 elementor-section-boxed elementor-section-height-default elementor-section-height-default\" data-id=\"cfbacc2\" data-element_type=\"section\">\n\t\t\t\t\t\t<div class=\"elementor-container elementor-column-gap-default\">\n\t\t\t\t\t<div class=\"elementor-column elementor-col-33 elementor-top-column elementor-element elementor-element-d9da91e\" data-id=\"d9da91e\" data-element_type=\"column\">\n\t\t\t<div class=\"elementor-widget-wrap elementor-element-populated\">\n\t\t\t\t\t\t\t\t<div class=\"elementor-element elementor-element-0b09309 eael-team-align-centered elementor-widget elementor-widget-eael-team-member\" data-id=\"0b09309\" data-element_type=\"widget\" data-widget_type=\"eael-team-member.default\">\n\t\t\t\t<div class=\"elementor-widget-container\">\n\t\t\t\n\n\t<div id=\"eael-team-member-0b09309\" class=\"eael-team-item eael-team-members-simple \">\n\t\t<div class=\"eael-team-item-inner\">\n\t\t\t<div class=\"eael-team-image\">\n\t\t\t\t<figure>\n\t\t\t\t\t\t\t\t\t\t<img decoding=\"async\" src=\"https:\/\/glycanostics.com\/wp-content\/uploads\/2022\/03\/tkac-bw1.jpg\" alt=\"\">\n\t\t\t\t\t\t\t\t\t<\/figure>\n\t\t\t\t\n\t\t\t\t\n\t\t\t<\/div>\n\n\t\t\t<div class=\"eael-team-content\">\n\t\t\t\t<h2 class=\"eael-team-member-name\">J\u00e1n Tk\u00e1\u010d<\/h2><h3 class=\"eael-team-member-position\">Riadite\u013e pre vedu a v\u00fdskum (CSO)<\/h3>\n\t\t\t\t\t\t\t\t\t\t\t\t\t\t<p class=\"eael-team-text\"><p class=\"eael-team-text\">m\u00e1 26-ro\u010dn\u00fa prax v\u00a0oblasti biotechnol\u00f3gie, ktor\u00fa z\u00edskal jednak po\u010das pr\u00e1ce v Chemickom \u00fastave Slovenskej akad\u00e9mie vied, ale aj po\u010das troch postdoktorandsk\u00fdch pobytov \u2013 na Oxfordskej univerzite (2006 \u2013 2008), Lundskej univerzite (2003 \u2013 2006) a\u00a0Linkopingskej univerzite (2001 \u2013 2003). Doposia\u013e z\u00edskal mnoho prest\u00ed\u017enych grantov, ocenen\u00ed a\u00a0\u0161tipendi\u00ed vr\u00e1tane dvoch grantov Eur\u00f3pskej rady pre v\u00fdskum (ERC):<\/p>\n<p class=\"eael-team-text\">\n2020: Top 3 Kri\u0161t\u00e1\u013eov\u00e9 kr\u00eddlo v\u00a0kateg\u00f3rii Veda a medic\u00edna\n<\/p> \t\n<p class=\"eael-team-text\">\n2019: Dr\u017eite\u013e ceny ESET Science Award\n<\/p>\n<p class=\"eael-team-text\">\n2018: Dr\u017eite\u013e prest\u00ed\u017eneho grantu Eur\u00f3pskej rady pre v\u00fdskum ERC Proof of Concept\n<\/p>\n<p class=\"eael-team-text\">\n2018: Cena ministra \u0161kolstva v\u00a0kateg\u00f3rii Vedeck\u00fd t\u00edm roka\n<\/p>\n<p class=\"eael-team-text\">\n2016: Vedec roka 2015 na Slovensku\n<\/p>\n<p class=\"eael-team-text\">\n2014: Cena Mal\u00e1 medaila Samuela Mikov\u00edniho od ministra \u0161kolstva\n<\/p>\n<p class=\"eael-team-text\">\n2013: Dr\u017eite\u013e prest\u00ed\u017eneho grantu Eur\u00f3pskej rady pre v\u00fdskum ERC Consolidator\n<\/p>\n<p class=\"eael-team-text\">\n2006: \u010clen t\u00edmu, ktor\u00fd vyhral celosvetov\u00fa s\u00fa\u0165a\u017e biznis pl\u00e1nov Nanochallenge 2006\n<\/p>\n<p class=\"eael-team-text\">\n2003: Dr\u017eite\u013e prest\u00ed\u017eneho individu\u00e1lneho \u0161tipendia programu Marie Curie\n<\/p>\n<p class=\"eael-team-text\">\nPublikoval vy\u0161e 150 vedeck\u00fdch \u010dl\u00e1nkov, m\u00e1 na konte viac ako 3 500 cit\u00e1ci\u00ed a p\u00f4sob\u00ed\/p\u00f4sobil ako ved\u00faci 10 doktorandom.\n<\/p><\/p>\n\t\t\t\t\t\t\t<\/div>\n\t\t<\/div>\n\t<\/div>\n\t\t\t<\/div>\n\t\t\t\t<\/div>\n\t\t\t\t\t<\/div>\n\t\t<\/div>\n\t\t\t\t<div class=\"elementor-column elementor-col-33 elementor-top-column elementor-element elementor-element-afb1f57\" data-id=\"afb1f57\" data-element_type=\"column\">\n\t\t\t<div class=\"elementor-widget-wrap elementor-element-populated\">\n\t\t\t\t\t\t\t\t<div class=\"elementor-element elementor-element-78d5643 eael-team-align-centered elementor-widget elementor-widget-eael-team-member\" data-id=\"78d5643\" data-element_type=\"widget\" data-widget_type=\"eael-team-member.default\">\n\t\t\t\t<div class=\"elementor-widget-container\">\n\t\t\t\n\n\t<div id=\"eael-team-member-78d5643\" class=\"eael-team-item eael-team-members-simple \">\n\t\t<div class=\"eael-team-item-inner\">\n\t\t\t<div class=\"eael-team-image\">\n\t\t\t\t<figure>\n\t\t\t\t\t\t\t\t\t\t<img decoding=\"async\" src=\"https:\/\/glycanostics.com\/wp-content\/uploads\/2022\/03\/bertok-bw1.jpg\" alt=\"\">\n\t\t\t\t\t\t\t\t\t<\/figure>\n\t\t\t\t\n\t\t\t\t\n\t\t\t<\/div>\n\n\t\t\t<div class=\"eael-team-content\">\n\t\t\t\t<h2 class=\"eael-team-member-name\">Tom\u00e1\u0161 Bert\u00f3k<\/h2><h3 class=\"eael-team-member-position\">Technologick\u00fd riadite\u013e (CTO)<\/h3>\n\t\t\t\t\t\t\t\t\t\t\t\t\t\t<p class=\"eael-team-text\"><p class=\"eael-team-text\">m\u00e1 16-ro\u010dn\u00e9 sk\u00fasenosti v\u00a0oblasti nanotechnol\u00f3gi\u00ed a\u00a0aplikovanej bioch\u00e9mie, ktor\u00e9 z\u00edskal hlavne po\u010das pr\u00e1ce v Chemickom \u00fastave Slovenskej akad\u00e9mie vied. \u0160pecializuje sa na predklinick\u00e9 valid\u00e1cie, objavovanie biomarkerov a\u00a0v\u00fdvoj analytick\u00fdch sk\u00fa\u0161ok, implement\u00e1ciu a\u00a0n\u00e1vrh inovat\u00edvnych diagnostick\u00fdch testov. Z\u00edskal mnoh\u00e9 prest\u00ed\u017ene granty, ocenenia a\u00a0\u0161tipendi\u00e1. Okrem toho vyv\u00edja r\u00f4zne aktivity na populariz\u00e1ciu vedy a\u00a0svoj \u010das venuje aj predn\u00e1\u0161kam.\n<\/p>\n<p class=\"eael-team-text\">\n2020: V\u00ed\u0165az s\u00fa\u0165a\u017ee Mlad\u00fd inovat\u00edvny podnikate\u013e Slovenskej republiky, JCI Slovensko\n<\/p>\n<p class=\"eael-team-text\">\n2019 a 2020: Finalista ceny ESET Science Award\n<\/p>\n<p class=\"eael-team-text\">\n2018: Cena \u010ceskej a\u00a0Slovenskej akad\u00e9mie vied za najlep\u0161iu publik\u00e1ciu\n<\/p>\n<p class=\"eael-team-text\">\n2017: Mlad\u00e1 osobnos\u0165 vedy, Vedec roka Slovenskej republiky do 35 rokov za rok 2016\n<\/p>\n<p class=\"eael-team-text\">\n2016: Cena Danubius Young Scientist, Rak\u00faske spolkov\u00e9 ministerstvo vedy, v\u00fdskumu a hospod\u00e1rstva\n<\/p>\n<p class=\"eael-team-text\">\n2016: Forbes Slovensko 30 pod 30 \u2013 V\u00ed\u0165az v\u00a0kateg\u00f3rii Osobnos\u0165 vedy\n<\/p>\n<p class=\"eael-team-text\">\n2014: Grant Stefana Schwartza na postdoktorandsk\u00e9 p\u00f4sobenie v\u00a0Slovenskej akad\u00e9mii vied\n<\/p>\n<p class=\"eael-team-text\">\n2014: Cena prezidenta Slovenskej republiky za v\u00fdskum v\u00a0pr\u00edrodn\u00fdch ved\u00e1ch\n<\/p>\n<p class=\"eael-team-text\">\n2014: V\u00ed\u0165az s\u00fa\u0165a\u017ee \u0160tudentsk\u00e1 osobnos\u0165 Slovenska, JCI Slovensko\n<\/p>\n<p class=\"eael-team-text\">\nIn\u00e9 ocenenia, ako napr. BASF SK, Metrohm CZ, Intenda SK a granty poskytnut\u00e9 Slovenskou agent\u00farou na podporu v\u00fdskumu a v\u00fdvoja\n<\/p>\n<p class=\"eael-team-text\">\nDoposia\u013e publikoval viac ne\u017e 55 vedeck\u00fdch \u010dl\u00e1nkov, m\u00e1 na konte vy\u0161e 1 500 cit\u00e1ci\u00ed (h-index 22) a je autorom 2 kn\u00edh a 3 kapitol v in\u00fdch knih\u00e1ch. Vedie\/viedol 5 doktorandov.\n<\/p><\/p>\n\t\t\t\t\t\t\t<\/div>\n\t\t<\/div>\n\t<\/div>\n\t\t\t<\/div>\n\t\t\t\t<\/div>\n\t\t\t\t\t<\/div>\n\t\t<\/div>\n\t\t\t\t<div class=\"elementor-column elementor-col-33 elementor-top-column elementor-element elementor-element-0aef77c\" data-id=\"0aef77c\" data-element_type=\"column\">\n\t\t\t<div class=\"elementor-widget-wrap elementor-element-populated\">\n\t\t\t\t\t\t\t\t<div class=\"elementor-element elementor-element-e05bf2c eael-team-align-centered elementor-widget elementor-widget-eael-team-member\" data-id=\"e05bf2c\" data-element_type=\"widget\" data-widget_type=\"eael-team-member.default\">\n\t\t\t\t<div class=\"elementor-widget-container\">\n\t\t\t\n\n\t<div id=\"eael-team-member-e05bf2c\" class=\"eael-team-item eael-team-members-simple \">\n\t\t<div class=\"eael-team-item-inner\">\n\t\t\t<div class=\"eael-team-image\">\n\t\t\t\t<figure>\n\t\t\t\t\t\t\t\t\t\t<img decoding=\"async\" src=\"https:\/\/glycanostics.com\/wp-content\/uploads\/2022\/03\/kovacova.jpg\" alt=\"\">\n\t\t\t\t\t\t\t\t\t<\/figure>\n\t\t\t\t\n\t\t\t\t\n\t\t\t<\/div>\n\n\t\t\t<div class=\"eael-team-content\">\n\t\t\t\t<h2 class=\"eael-team-member-name\">Eva Kov\u00e1\u010dov\u00e1<\/h2><h3 class=\"eael-team-member-position\">V\u00fdkonn\u00e1 riadite\u013eka (CEO)<\/h3>\n\t\t\t\t\t\t\t\t\t\t\t\t\t\t<p class=\"eael-team-text\"><p class=\"eael-team-text\">m\u00e1 18-ro\u010dn\u00e9 sk\u00fasenosti v\u00a0oblasti f\u00fazi\u00ed a\u00a0akviz\u00edci\u00ed (M&amp;A), licencovania a\u00a0finan\u010dn\u00e9ho riadenia vo farmaceutickom priemysle naprie\u010d celou Eur\u00f3pou. Mala na starosti viacer\u00e9 multimili\u00f3nov\u00e9 M&amp;A transakcie a\u00a0integra\u010dn\u00e9 projekty naviazan\u00e9 na f\u00fazie a akviz\u00edcie. Do n\u00e1\u0161ho t\u00edmu pri\u0161la v\u00a0janu\u00e1ri 2021 ako v\u00fdkonn\u00e1 riadite\u013eka a m\u00e1 na starosti obchodn\u00fa strat\u00e9giu a\u00a0licen\u010dn\u00e9 procesy celej spolo\u010dnosti. Pred kari\u00e9rou u\u00a0n\u00e1s pracovala vo farmaceutickom priemysle na nasleduj\u00facich projektoch:\n<\/p>\n<p class=\"eael-team-text\">\n2019 \u2013 2020: ako Market Cutover Lead bola zodpovedn\u00e1 za integra\u010dn\u00fd proces, v\u00fdsledkom ktor\u00e9ho bol spolo\u010dn\u00fd podnik GSK Consumer Healthcare a Pfizer Consumer Healthcare v Eur\u00f3pe a Latinskej Amerike\n<\/p>\n<p class=\"eael-team-text\">\n2018 \u2013 2019: EMEA Integration Lead pre multimiliardov\u00e9 od\u0161tiepenie div\u00edzie LifeScan od J&amp;J\n<\/p>\n<p class=\"eael-team-text\">\n2015 \u2013 2017: GSK Lond\u00fdn \u2013 ako Integration Lead bola zodpovedn\u00e1 za vytvorenie nov\u00fdch spolo\u010dn\u00fdch podnikov (prostredn\u00edctvom od\u0161tiepenia akt\u00edv zo spolo\u010dnost\u00ed Novartis a\u00a0GSK) v Latinskej Amerike a\u00a0Eur\u00f3pe\n<\/p>\n<p class=\"eael-team-text\">\n2014 \u2013 2015: GSK Lond\u00fdn \u2013 ako Director Corporate Development mala na starosti nieko\u013eko M&amp;A procesov v\u00a0mene spolo\u010dnosti GSK v\u00a0hodnote stoviek mili\u00f3nov libier\n<\/p>\n<p class=\"eael-team-text\">\n2009 \u2013 2011: GSK Stredn\u00e1 Eur\u00f3pa \u2013 ako In-licensing Director sa zameriavala na podpisovanie licen\u010dn\u00fdch zml\u00fav pre regi\u00f3n strednej Eur\u00f3py\n<\/p>\n<p class=\"eael-team-text\">\n2002 \u2013 2009: ako finan\u010dn\u00e1 riadite\u013eka pre GSK Slovakia bola zodpovedn\u00e1 za \u00fa\u010dtovn\u00edctvo, kontroling, reportovanie, distrib\u00faciu, logistiku, IT a\u00a0dodr\u017eiavanie intern\u00fdch pravidiel a legislat\u00edvy\n<\/p><\/p>\n\t\t\t\t\t\t\t<\/div>\n\t\t<\/div>\n\t<\/div>\n\t\t\t<\/div>\n\t\t\t\t<\/div>\n\t\t\t\t\t<\/div>\n\t\t<\/div>\n\t\t\t\t\t\t\t<\/div>\n\t\t<\/section>\n\t\t\t\t\t\t\t<\/div>\n\t\t","protected":false},"excerpt":{"rendered":"<p>J\u00e1n Tk\u00e1\u010d Riadite\u013e pre vedu a v\u00fdskum (CSO) m\u00e1 26-ro\u010dn\u00fa prax v\u00a0oblasti biotechnol\u00f3gie, ktor\u00fa z\u00edskal jednak po\u010das pr\u00e1ce v Chemickom \u00fastave Slovenskej akad\u00e9mie vied, ale aj po\u010das troch postdoktorandsk\u00fdch pobytov \u2013 na Oxfordskej univerzite (2006 \u2013 2008), Lundskej univerzite (2003 \u2013 2006) a\u00a0Linkopingskej univerzite (2001 \u2013 2003). Doposia\u013e z\u00edskal mnoho prest\u00ed\u017enych grantov, ocenen\u00ed a\u00a0\u0161tipendi\u00ed vr\u00e1tane [&hellip;]<\/p>\n","protected":false},"author":1,"featured_media":0,"parent":0,"menu_order":0,"comment_status":"closed","ping_status":"closed","template":"elementor_header_footer","meta":{"inline_featured_image":false,"_mi_skip_tracking":false,"_monsterinsights_sitenote_active":false,"_monsterinsights_sitenote_note":"","_monsterinsights_sitenote_category":0,"footnotes":""},"yoast_head":"<!-- This site is optimized with the Yoast SEO plugin v21.5 - https:\/\/yoast.com\/wordpress\/plugins\/seo\/ -->\n<title>Vedenie spolo\u010dnosti - Glycanostics<\/title>\n<meta name=\"robots\" content=\"index, follow, max-snippet:-1, max-image-preview:large, max-video-preview:-1\" \/>\n<link rel=\"canonical\" href=\"https:\/\/glycanostics.com\/sk\/vedenie-spolocnosti\/\" \/>\n<meta property=\"og:locale\" content=\"sk_SK\" \/>\n<meta property=\"og:type\" content=\"article\" \/>\n<meta property=\"og:title\" content=\"Vedenie spolo\u010dnosti - Glycanostics\" \/>\n<meta property=\"og:description\" content=\"J\u00e1n Tk\u00e1\u010d Riadite\u013e pre vedu a v\u00fdskum (CSO) m\u00e1 26-ro\u010dn\u00fa prax v\u00a0oblasti biotechnol\u00f3gie, ktor\u00fa z\u00edskal jednak po\u010das pr\u00e1ce v Chemickom \u00fastave Slovenskej akad\u00e9mie vied, ale aj po\u010das troch postdoktorandsk\u00fdch pobytov \u2013 na Oxfordskej univerzite (2006 \u2013 2008), Lundskej univerzite (2003 \u2013 2006) a\u00a0Linkopingskej univerzite (2001 \u2013 2003). Doposia\u013e z\u00edskal mnoho prest\u00ed\u017enych grantov, ocenen\u00ed a\u00a0\u0161tipendi\u00ed vr\u00e1tane [&hellip;]\" \/>\n<meta property=\"og:url\" content=\"https:\/\/glycanostics.com\/sk\/vedenie-spolocnosti\/\" \/>\n<meta property=\"og:site_name\" content=\"Glycanostics\" \/>\n<meta property=\"article:modified_time\" content=\"2023-04-18T16:12:31+00:00\" \/>\n<meta property=\"og:image\" content=\"https:\/\/glycanostics.com\/wp-content\/uploads\/2022\/03\/tkac-bw1.jpg\" \/>\n<meta name=\"twitter:card\" content=\"summary_large_image\" \/>\n<meta name=\"twitter:label1\" content=\"Predpokladan\u00fd \u010das \u010d\u00edtania\" \/>\n\t<meta name=\"twitter:data1\" content=\"4 min\u00faty\" \/>\n<script type=\"application\/ld+json\" class=\"yoast-schema-graph\">{\"@context\":\"https:\/\/schema.org\",\"@graph\":[{\"@type\":\"WebPage\",\"@id\":\"https:\/\/glycanostics.com\/sk\/vedenie-spolocnosti\/\",\"url\":\"https:\/\/glycanostics.com\/sk\/vedenie-spolocnosti\/\",\"name\":\"Vedenie spolo\u010dnosti - Glycanostics\",\"isPartOf\":{\"@id\":\"https:\/\/glycanostics.com\/#website\"},\"datePublished\":\"2022-02-10T15:55:25+00:00\",\"dateModified\":\"2023-04-18T16:12:31+00:00\",\"breadcrumb\":{\"@id\":\"https:\/\/glycanostics.com\/sk\/vedenie-spolocnosti\/#breadcrumb\"},\"inLanguage\":\"sk-SK\",\"potentialAction\":[{\"@type\":\"ReadAction\",\"target\":[\"https:\/\/glycanostics.com\/sk\/vedenie-spolocnosti\/\"]}]},{\"@type\":\"BreadcrumbList\",\"@id\":\"https:\/\/glycanostics.com\/sk\/vedenie-spolocnosti\/#breadcrumb\",\"itemListElement\":[{\"@type\":\"ListItem\",\"position\":1,\"name\":\"Home\",\"item\":\"https:\/\/glycanostics.com\/\"},{\"@type\":\"ListItem\",\"position\":2,\"name\":\"Vedenie spolo\u010dnosti\"}]},{\"@type\":\"WebSite\",\"@id\":\"https:\/\/glycanostics.com\/#website\",\"url\":\"https:\/\/glycanostics.com\/\",\"name\":\"Glycanostics\",\"description\":\"\",\"potentialAction\":[{\"@type\":\"SearchAction\",\"target\":{\"@type\":\"EntryPoint\",\"urlTemplate\":\"https:\/\/glycanostics.com\/?s={search_term_string}\"},\"query-input\":\"required name=search_term_string\"}],\"inLanguage\":\"sk-SK\"}]}<\/script>\n<!-- \/ Yoast SEO plugin. -->","yoast_head_json":{"title":"Vedenie spolo\u010dnosti - Glycanostics","robots":{"index":"index","follow":"follow","max-snippet":"max-snippet:-1","max-image-preview":"max-image-preview:large","max-video-preview":"max-video-preview:-1"},"canonical":"https:\/\/glycanostics.com\/sk\/vedenie-spolocnosti\/","og_locale":"sk_SK","og_type":"article","og_title":"Vedenie spolo\u010dnosti - Glycanostics","og_description":"J\u00e1n Tk\u00e1\u010d Riadite\u013e pre vedu a v\u00fdskum (CSO) m\u00e1 26-ro\u010dn\u00fa prax v\u00a0oblasti biotechnol\u00f3gie, ktor\u00fa z\u00edskal jednak po\u010das pr\u00e1ce v Chemickom \u00fastave Slovenskej akad\u00e9mie vied, ale aj po\u010das troch postdoktorandsk\u00fdch pobytov \u2013 na Oxfordskej univerzite (2006 \u2013 2008), Lundskej univerzite (2003 \u2013 2006) a\u00a0Linkopingskej univerzite (2001 \u2013 2003). Doposia\u013e z\u00edskal mnoho prest\u00ed\u017enych grantov, ocenen\u00ed a\u00a0\u0161tipendi\u00ed vr\u00e1tane [&hellip;]","og_url":"https:\/\/glycanostics.com\/sk\/vedenie-spolocnosti\/","og_site_name":"Glycanostics","article_modified_time":"2023-04-18T16:12:31+00:00","og_image":[{"url":"https:\/\/glycanostics.com\/wp-content\/uploads\/2022\/03\/tkac-bw1.jpg"}],"twitter_card":"summary_large_image","twitter_misc":{"Predpokladan\u00fd \u010das \u010d\u00edtania":"4 min\u00faty"},"schema":{"@context":"https:\/\/schema.org","@graph":[{"@type":"WebPage","@id":"https:\/\/glycanostics.com\/sk\/vedenie-spolocnosti\/","url":"https:\/\/glycanostics.com\/sk\/vedenie-spolocnosti\/","name":"Vedenie spolo\u010dnosti - Glycanostics","isPartOf":{"@id":"https:\/\/glycanostics.com\/#website"},"datePublished":"2022-02-10T15:55:25+00:00","dateModified":"2023-04-18T16:12:31+00:00","breadcrumb":{"@id":"https:\/\/glycanostics.com\/sk\/vedenie-spolocnosti\/#breadcrumb"},"inLanguage":"sk-SK","potentialAction":[{"@type":"ReadAction","target":["https:\/\/glycanostics.com\/sk\/vedenie-spolocnosti\/"]}]},{"@type":"BreadcrumbList","@id":"https:\/\/glycanostics.com\/sk\/vedenie-spolocnosti\/#breadcrumb","itemListElement":[{"@type":"ListItem","position":1,"name":"Home","item":"https:\/\/glycanostics.com\/"},{"@type":"ListItem","position":2,"name":"Vedenie spolo\u010dnosti"}]},{"@type":"WebSite","@id":"https:\/\/glycanostics.com\/#website","url":"https:\/\/glycanostics.com\/","name":"Glycanostics","description":"","potentialAction":[{"@type":"SearchAction","target":{"@type":"EntryPoint","urlTemplate":"https:\/\/glycanostics.com\/?s={search_term_string}"},"query-input":"required name=search_term_string"}],"inLanguage":"sk-SK"}]}},"_links":{"self":[{"href":"https:\/\/glycanostics.com\/sk\/wp-json\/wp\/v2\/pages\/1791"}],"collection":[{"href":"https:\/\/glycanostics.com\/sk\/wp-json\/wp\/v2\/pages"}],"about":[{"href":"https:\/\/glycanostics.com\/sk\/wp-json\/wp\/v2\/types\/page"}],"author":[{"embeddable":true,"href":"https:\/\/glycanostics.com\/sk\/wp-json\/wp\/v2\/users\/1"}],"replies":[{"embeddable":true,"href":"https:\/\/glycanostics.com\/sk\/wp-json\/wp\/v2\/comments?post=1791"}],"version-history":[{"count":6,"href":"https:\/\/glycanostics.com\/sk\/wp-json\/wp\/v2\/pages\/1791\/revisions"}],"predecessor-version":[{"id":2417,"href":"https:\/\/glycanostics.com\/sk\/wp-json\/wp\/v2\/pages\/1791\/revisions\/2417"}],"wp:attachment":[{"href":"https:\/\/glycanostics.com\/sk\/wp-json\/wp\/v2\/media?parent=1791"}],"curies":[{"name":"wp","href":"https:\/\/api.w.org\/{rel}","templated":true}]}}