{"id":1801,"date":"2022-02-10T16:55:26","date_gmt":"2022-02-10T15:55:26","guid":{"rendered":"https:\/\/glycanostics.com\/dozorna-rada\/"},"modified":"2022-06-17T10:13:55","modified_gmt":"2022-06-17T08:13:55","slug":"dozorna-rada","status":"publish","type":"page","link":"https:\/\/glycanostics.com\/sk\/dozorna-rada\/","title":{"rendered":"Dozorn\u00e1 rada"},"content":{"rendered":"\t\t<div data-elementor-type=\"wp-page\" data-elementor-id=\"1801\" class=\"elementor elementor-1801\">\n\t\t\t\t\t\t\t\t\t<section data-particle_enable=\"false\" data-particle-mobile-disabled=\"false\" class=\"elementor-section elementor-top-section elementor-element elementor-element-984d86a elementor-section-content-middle elementor-section-boxed elementor-section-height-default elementor-section-height-default\" data-id=\"984d86a\" data-element_type=\"section\">\n\t\t\t\t\t\t<div class=\"elementor-container elementor-column-gap-default\">\n\t\t\t\t\t<div class=\"elementor-column elementor-col-50 elementor-top-column elementor-element elementor-element-6c01885\" data-id=\"6c01885\" data-element_type=\"column\">\n\t\t\t<div class=\"elementor-widget-wrap elementor-element-populated\">\n\t\t\t\t\t\t\t\t<div class=\"elementor-element elementor-element-d1a5624 elementor-widget elementor-widget-heading\" data-id=\"d1a5624\" data-element_type=\"widget\" data-widget_type=\"heading.default\">\n\t\t\t\t<div class=\"elementor-widget-container\">\n\t\t\t<h1 class=\"elementor-heading-title elementor-size-default\">Dozorn\u00e1 rada<\/h1>\t\t<\/div>\n\t\t\t\t<\/div>\n\t\t\t\t<div class=\"elementor-element elementor-element-a0f8ce3 elementor-widget-divider--view-line elementor-widget elementor-widget-divider\" data-id=\"a0f8ce3\" data-element_type=\"widget\" data-widget_type=\"divider.default\">\n\t\t\t\t<div class=\"elementor-widget-container\">\n\t\t\t\t\t<div class=\"elementor-divider\">\n\t\t\t<span class=\"elementor-divider-separator\">\n\t\t\t\t\t\t<\/span>\n\t\t<\/div>\n\t\t\t\t<\/div>\n\t\t\t\t<\/div>\n\t\t\t\t\t<\/div>\n\t\t<\/div>\n\t\t\t\t<div class=\"elementor-column elementor-col-50 elementor-top-column elementor-element elementor-element-3f771c9\" data-id=\"3f771c9\" data-element_type=\"column\">\n\t\t\t<div class=\"elementor-widget-wrap\">\n\t\t\t\t\t\t\t\t\t<\/div>\n\t\t<\/div>\n\t\t\t\t\t\t\t<\/div>\n\t\t<\/section>\n\t\t\t\t<section data-particle_enable=\"false\" data-particle-mobile-disabled=\"false\" class=\"elementor-section elementor-top-section elementor-element elementor-element-78122bf elementor-section-boxed elementor-section-height-default elementor-section-height-default\" data-id=\"78122bf\" data-element_type=\"section\">\n\t\t\t\t\t\t<div class=\"elementor-container elementor-column-gap-default\">\n\t\t\t\t\t<div class=\"elementor-column elementor-col-33 elementor-top-column elementor-element elementor-element-2886dd7\" data-id=\"2886dd7\" data-element_type=\"column\">\n\t\t\t<div class=\"elementor-widget-wrap elementor-element-populated\">\n\t\t\t\t\t\t\t\t<div class=\"elementor-element elementor-element-1af43a9 eael-team-align-centered elementor-widget elementor-widget-eael-team-member\" data-id=\"1af43a9\" data-element_type=\"widget\" data-widget_type=\"eael-team-member.default\">\n\t\t\t\t<div class=\"elementor-widget-container\">\n\t\t\t\n\n\t<div id=\"eael-team-member-1af43a9\" class=\"eael-team-item eael-team-members-simple \">\n\t\t<div class=\"eael-team-item-inner\">\n\t\t\t<div class=\"eael-team-image\">\n\t\t\t\t<figure>\n\t\t\t\t\t\t\t\t\t\t<img decoding=\"async\" src=\"https:\/\/glycanostics.com\/wp-content\/uploads\/2022\/02\/Michal-Nes\u030cpor-sako-foto.jpg\" alt=\"\">\n\t\t\t\t\t\t\t\t\t<\/figure>\n\t\t\t\t\n\t\t\t\t\n\t\t\t<\/div>\n\n\t\t\t<div class=\"eael-team-content\">\n\t\t\t\t<h2 class=\"eael-team-member-name\">Michal Ne\u0161por<\/h2><h3 class=\"eael-team-member-position\"><br>ZAKLADAJ\u00daCI PARTNER FONDU RIZIKOV\u00c9HO KAPIT\u00c1LU, KTOR\u00dd INVESTUJE DO PODNIKOV A STARTUPOV V RANEJ F\u00c1ZE ICH \u017dIVOTN\u00c9HO CYKLU, SPRAVOVAN\u00dd SPOLO\u010cNOS\u0164OU CB INVESTMENT MANAGEMENT<br><br><\/h3>\n\t\t\t\t\t\t\t\t\t\t\t\t\t\t<p class=\"eael-team-text\">\u201eVe\u013emi sa te\u0161\u00edm, \u017ee v na\u0161om investi\u010dnom portf\u00f3liu m\u00e1me aj spolo\u010dnos\u0165 Glycanostics, preto\u017ee tak m\u00e1me mo\u017enos\u0165 podporova\u0165 prelomov\u00e9 inov\u00e1cie v zdravotn\u00edctve, ktor\u00e9 prines\u00fa ve\u013ek\u00fd \u00fa\u017eitok pacientom po celom svete. \u010ci je to rakovina alebo in\u00e9 v\u00e1\u017ene ochorenie, h\u013eadanie rie\u0161en\u00ed nielen za\u010d\u00edna, ale v podstate stoj\u00ed a pad\u00e1 na v\u010dasnej a presnej diagnostike, ktor\u00e1 je tak synonymom z\u00e1chrany \u017eivota.\u201c<br><br><br><br><br><br><br><\/p>\n\t\t\t\t\t\t\t<\/div>\n\t\t<\/div>\n\t<\/div>\n\t\t\t<\/div>\n\t\t\t\t<\/div>\n\t\t\t\t\t<\/div>\n\t\t<\/div>\n\t\t\t\t<div class=\"elementor-column elementor-col-33 elementor-top-column elementor-element elementor-element-aed8ad3\" data-id=\"aed8ad3\" data-element_type=\"column\">\n\t\t\t<div class=\"elementor-widget-wrap elementor-element-populated\">\n\t\t\t\t\t\t\t\t<div class=\"elementor-element elementor-element-78d70b9 eael-team-align-centered elementor-widget elementor-widget-eael-team-member\" data-id=\"78d70b9\" data-element_type=\"widget\" data-widget_type=\"eael-team-member.default\">\n\t\t\t\t<div class=\"elementor-widget-container\">\n\t\t\t\n\n\t<div id=\"eael-team-member-78d70b9\" class=\"eael-team-item eael-team-members-simple \">\n\t\t<div class=\"eael-team-item-inner\">\n\t\t\t<div class=\"eael-team-image\">\n\t\t\t\t<figure>\n\t\t\t\t\t\t\t\t\t\t<img decoding=\"async\" src=\"https:\/\/glycanostics.com\/wp-content\/uploads\/2022\/02\/Miroslav-Mulica.jpg\" alt=\"\">\n\t\t\t\t\t\t\t\t\t<\/figure>\n\t\t\t\t\n\t\t\t\t\n\t\t\t<\/div>\n\n\t\t\t<div class=\"eael-team-content\">\n\t\t\t\t<h2 class=\"eael-team-member-name\">Miroslav Mulica<\/h2><h3 class=\"eael-team-member-position\"><br>ZAKLADAJ\u00daCI PARTNER SPOLO\u010cNOSTI AXELERO CAPITAL ADVISORS, PORADENSKEJ FIRMY V OBLASTI F\u00daZI\u00cd A AKVIZ\u00cdCI\u00cd (M&amp;A)<br><br><\/h3>\n\t\t\t\t\t\t\t\t\t\t\t\t\t\t<p class=\"eael-team-text\">\u201eTe\u0161\u00edm sa, \u017ee som s\u00fa\u010das\u0165ou tohto t\u00edmu, preto\u017ee so sebou prin\u00e1\u0161a unik\u00e1tnu kombin\u00e1ciu \u0161pi\u010dkov\u00fdch vedeck\u00fdch poznatkov a priate\u013esk\u00fdch \u013eud\u00ed, ktor\u00ed spojili svoje sily, aby sa popasovali s jedn\u00fdm z najp\u00e1l\u010divej\u0161\u00edch probl\u00e9mov celosvetovej medic\u00edny.\u201c<br><br><br><br><br><br><br><br><br><br><br><\/p>\n\t\t\t\t\t\t\t<\/div>\n\t\t<\/div>\n\t<\/div>\n\t\t\t<\/div>\n\t\t\t\t<\/div>\n\t\t\t\t\t<\/div>\n\t\t<\/div>\n\t\t\t\t<div class=\"elementor-column elementor-col-33 elementor-top-column elementor-element elementor-element-6c6b177\" data-id=\"6c6b177\" data-element_type=\"column\">\n\t\t\t<div class=\"elementor-widget-wrap elementor-element-populated\">\n\t\t\t\t\t\t\t\t<div class=\"elementor-element elementor-element-5017828 eael-team-align-centered elementor-widget elementor-widget-eael-team-member\" data-id=\"5017828\" data-element_type=\"widget\" data-widget_type=\"eael-team-member.default\">\n\t\t\t\t<div class=\"elementor-widget-container\">\n\t\t\t\n\n\t<div id=\"eael-team-member-5017828\" class=\"eael-team-item eael-team-members-simple \">\n\t\t<div class=\"eael-team-item-inner\">\n\t\t\t<div class=\"eael-team-image\">\n\t\t\t\t<figure>\n\t\t\t\t\t\t\t\t\t\t<img decoding=\"async\" src=\"https:\/\/glycanostics.com\/wp-content\/uploads\/2022\/02\/Branislav-Ho\u0301z-sako-foto.jpg\" alt=\"\">\n\t\t\t\t\t\t\t\t\t<\/figure>\n\t\t\t\t\n\t\t\t\t\n\t\t\t<\/div>\n\n\t\t\t<div class=\"eael-team-content\">\n\t\t\t\t<h2 class=\"eael-team-member-name\">Branislav H\u00f3z<\/h2><h3 class=\"eael-team-member-position\"><br>INVESTI\u010cN\u00dd MANA\u017d\u00c9R V SPOLO\u010cNOSTI CROWDBERRY<br><br><\/h3>\n\t\t\t\t\t\t\t\t\t\t\t\t\t\t<p class=\"eael-team-text\">\u201eZdravie je pre ka\u017ed\u00e9ho jedn\u00e9ho \u010dloveka nesmierne d\u00f4le\u017eit\u00e9 a v\u010faka talentovan\u00fdm \u013eu\u010fom v spolo\u010dnosti Glycanostics pr\u00edde \u010doskoro na trh doposia\u013e najpokro\u010dilej\u0161ia a ve\u013emi presn\u00e1 diagnostick\u00e1 met\u00f3da na detegovanie rakoviny prostaty v ran\u00fdch \u0161t\u00e1di\u00e1ch ochorenia. M\u00e1 potenci\u00e1l zachr\u00e1ni\u0165 mno\u017estvo \u017eivotov na celom svete. Navy\u0161e rap\u00eddne sa rozrastaj\u00faci sektor biotechnol\u00f3gi\u00ed, ktor\u00e9ho hodnota je na vzostupe v celosvetovom meradle, je nepochybne z\u00e1rukou \u00faspechu. Aj to s\u00fa faktory, ktor\u00e9 presved\u010dili investorov vyu\u017e\u00edvaj\u00facich platformu spolo\u010dnosti Crowdberry k tomu, aby vlo\u017eili svoj kapit\u00e1l do spolo\u010dnosti Glycanostics. Vysiela to jasn\u00fd sign\u00e1l, \u017ee investori nemaj\u00fa z\u00e1ujem o k\u00fapu akci\u00ed americkej spolo\u010dnosti k\u00f3tovanej na burze, ale uprednost\u0148uj\u00fa spoluvlastn\u00edctvo a spolu\u00fa\u010das\u0165 na tom, aby sa slovensk\u00fd produkt dostal na glob\u00e1lny trh.\u201d <\/p>\n\t\t\t\t\t\t\t<\/div>\n\t\t<\/div>\n\t<\/div>\n\t\t\t<\/div>\n\t\t\t\t<\/div>\n\t\t\t\t\t<\/div>\n\t\t<\/div>\n\t\t\t\t\t\t\t<\/div>\n\t\t<\/section>\n\t\t\t\t\t\t\t<\/div>\n\t\t","protected":false},"excerpt":{"rendered":"<p>Michal Ne\u0161por ZAKLADAJ\u00daCI PARTNER FONDU RIZIKOV\u00c9HO KAPIT\u00c1LU, KTOR\u00dd INVESTUJE DO PODNIKOV A STARTUPOV V RANEJ F\u00c1ZE ICH \u017dIVOTN\u00c9HO CYKLU, SPRAVOVAN\u00dd SPOLO\u010cNOS\u0164OU CB INVESTMENT MANAGEMENT \u201eVe\u013emi sa te\u0161\u00edm, \u017ee v na\u0161om investi\u010dnom portf\u00f3liu m\u00e1me aj spolo\u010dnos\u0165 Glycanostics, preto\u017ee tak m\u00e1me mo\u017enos\u0165 podporova\u0165 prelomov\u00e9 inov\u00e1cie v zdravotn\u00edctve, ktor\u00e9 prines\u00fa ve\u013ek\u00fd \u00fa\u017eitok pacientom po celom svete. \u010ci je [&hellip;]<\/p>\n","protected":false},"author":1,"featured_media":0,"parent":0,"menu_order":0,"comment_status":"closed","ping_status":"closed","template":"elementor_header_footer","meta":{"inline_featured_image":false,"_mi_skip_tracking":false,"_monsterinsights_sitenote_active":false,"_monsterinsights_sitenote_note":"","_monsterinsights_sitenote_category":0,"footnotes":""},"yoast_head":"<!-- This site is optimized with the Yoast SEO plugin v21.5 - https:\/\/yoast.com\/wordpress\/plugins\/seo\/ -->\n<title>Dozorn\u00e1 rada - Glycanostics<\/title>\n<meta name=\"robots\" content=\"index, follow, max-snippet:-1, max-image-preview:large, max-video-preview:-1\" \/>\n<link rel=\"canonical\" href=\"https:\/\/glycanostics.com\/supervisory-board\/\" \/>\n<meta property=\"og:locale\" content=\"sk_SK\" \/>\n<meta property=\"og:type\" content=\"article\" \/>\n<meta property=\"og:title\" content=\"Dozorn\u00e1 rada - Glycanostics\" \/>\n<meta property=\"og:description\" content=\"Michal Ne\u0161por ZAKLADAJ\u00daCI PARTNER FONDU RIZIKOV\u00c9HO KAPIT\u00c1LU, KTOR\u00dd INVESTUJE DO PODNIKOV A STARTUPOV V RANEJ F\u00c1ZE ICH \u017dIVOTN\u00c9HO CYKLU, SPRAVOVAN\u00dd SPOLO\u010cNOS\u0164OU CB INVESTMENT MANAGEMENT \u201eVe\u013emi sa te\u0161\u00edm, \u017ee v na\u0161om investi\u010dnom portf\u00f3liu m\u00e1me aj spolo\u010dnos\u0165 Glycanostics, preto\u017ee tak m\u00e1me mo\u017enos\u0165 podporova\u0165 prelomov\u00e9 inov\u00e1cie v zdravotn\u00edctve, ktor\u00e9 prines\u00fa ve\u013ek\u00fd \u00fa\u017eitok pacientom po celom svete. \u010ci je [&hellip;]\" \/>\n<meta property=\"og:url\" content=\"https:\/\/glycanostics.com\/supervisory-board\/\" \/>\n<meta property=\"og:site_name\" content=\"Glycanostics\" \/>\n<meta property=\"article:modified_time\" content=\"2022-06-17T08:13:55+00:00\" \/>\n<meta property=\"og:image\" content=\"https:\/\/glycanostics.com\/wp-content\/uploads\/2022\/02\/Michal-Nes\u030cpor-sako-foto.jpg\" \/>\n<meta name=\"twitter:card\" content=\"summary_large_image\" \/>\n<meta name=\"twitter:label1\" content=\"Predpokladan\u00fd \u010das \u010d\u00edtania\" \/>\n\t<meta name=\"twitter:data1\" content=\"2 min\u00faty\" \/>\n<script type=\"application\/ld+json\" class=\"yoast-schema-graph\">{\"@context\":\"https:\/\/schema.org\",\"@graph\":[{\"@type\":\"WebPage\",\"@id\":\"https:\/\/glycanostics.com\/supervisory-board\/\",\"url\":\"https:\/\/glycanostics.com\/supervisory-board\/\",\"name\":\"Dozorn\u00e1 rada - Glycanostics\",\"isPartOf\":{\"@id\":\"https:\/\/glycanostics.com\/#website\"},\"datePublished\":\"2022-02-10T15:55:26+00:00\",\"dateModified\":\"2022-06-17T08:13:55+00:00\",\"breadcrumb\":{\"@id\":\"https:\/\/glycanostics.com\/supervisory-board\/#breadcrumb\"},\"inLanguage\":\"sk-SK\",\"potentialAction\":[{\"@type\":\"ReadAction\",\"target\":[\"https:\/\/glycanostics.com\/supervisory-board\/\"]}]},{\"@type\":\"BreadcrumbList\",\"@id\":\"https:\/\/glycanostics.com\/supervisory-board\/#breadcrumb\",\"itemListElement\":[{\"@type\":\"ListItem\",\"position\":1,\"name\":\"Home\",\"item\":\"https:\/\/glycanostics.com\/\"},{\"@type\":\"ListItem\",\"position\":2,\"name\":\"Dozorn\u00e1 rada\"}]},{\"@type\":\"WebSite\",\"@id\":\"https:\/\/glycanostics.com\/#website\",\"url\":\"https:\/\/glycanostics.com\/\",\"name\":\"Glycanostics\",\"description\":\"\",\"potentialAction\":[{\"@type\":\"SearchAction\",\"target\":{\"@type\":\"EntryPoint\",\"urlTemplate\":\"https:\/\/glycanostics.com\/?s={search_term_string}\"},\"query-input\":\"required name=search_term_string\"}],\"inLanguage\":\"sk-SK\"}]}<\/script>\n<!-- \/ Yoast SEO plugin. -->","yoast_head_json":{"title":"Dozorn\u00e1 rada - Glycanostics","robots":{"index":"index","follow":"follow","max-snippet":"max-snippet:-1","max-image-preview":"max-image-preview:large","max-video-preview":"max-video-preview:-1"},"canonical":"https:\/\/glycanostics.com\/supervisory-board\/","og_locale":"sk_SK","og_type":"article","og_title":"Dozorn\u00e1 rada - Glycanostics","og_description":"Michal Ne\u0161por ZAKLADAJ\u00daCI PARTNER FONDU RIZIKOV\u00c9HO KAPIT\u00c1LU, KTOR\u00dd INVESTUJE DO PODNIKOV A STARTUPOV V RANEJ F\u00c1ZE ICH \u017dIVOTN\u00c9HO CYKLU, SPRAVOVAN\u00dd SPOLO\u010cNOS\u0164OU CB INVESTMENT MANAGEMENT \u201eVe\u013emi sa te\u0161\u00edm, \u017ee v na\u0161om investi\u010dnom portf\u00f3liu m\u00e1me aj spolo\u010dnos\u0165 Glycanostics, preto\u017ee tak m\u00e1me mo\u017enos\u0165 podporova\u0165 prelomov\u00e9 inov\u00e1cie v zdravotn\u00edctve, ktor\u00e9 prines\u00fa ve\u013ek\u00fd \u00fa\u017eitok pacientom po celom svete. \u010ci je [&hellip;]","og_url":"https:\/\/glycanostics.com\/supervisory-board\/","og_site_name":"Glycanostics","article_modified_time":"2022-06-17T08:13:55+00:00","og_image":[{"url":"https:\/\/glycanostics.com\/wp-content\/uploads\/2022\/02\/Michal-Nes\u030cpor-sako-foto.jpg"}],"twitter_card":"summary_large_image","twitter_misc":{"Predpokladan\u00fd \u010das \u010d\u00edtania":"2 min\u00faty"},"schema":{"@context":"https:\/\/schema.org","@graph":[{"@type":"WebPage","@id":"https:\/\/glycanostics.com\/supervisory-board\/","url":"https:\/\/glycanostics.com\/supervisory-board\/","name":"Dozorn\u00e1 rada - Glycanostics","isPartOf":{"@id":"https:\/\/glycanostics.com\/#website"},"datePublished":"2022-02-10T15:55:26+00:00","dateModified":"2022-06-17T08:13:55+00:00","breadcrumb":{"@id":"https:\/\/glycanostics.com\/supervisory-board\/#breadcrumb"},"inLanguage":"sk-SK","potentialAction":[{"@type":"ReadAction","target":["https:\/\/glycanostics.com\/supervisory-board\/"]}]},{"@type":"BreadcrumbList","@id":"https:\/\/glycanostics.com\/supervisory-board\/#breadcrumb","itemListElement":[{"@type":"ListItem","position":1,"name":"Home","item":"https:\/\/glycanostics.com\/"},{"@type":"ListItem","position":2,"name":"Dozorn\u00e1 rada"}]},{"@type":"WebSite","@id":"https:\/\/glycanostics.com\/#website","url":"https:\/\/glycanostics.com\/","name":"Glycanostics","description":"","potentialAction":[{"@type":"SearchAction","target":{"@type":"EntryPoint","urlTemplate":"https:\/\/glycanostics.com\/?s={search_term_string}"},"query-input":"required name=search_term_string"}],"inLanguage":"sk-SK"}]}},"_links":{"self":[{"href":"https:\/\/glycanostics.com\/sk\/wp-json\/wp\/v2\/pages\/1801"}],"collection":[{"href":"https:\/\/glycanostics.com\/sk\/wp-json\/wp\/v2\/pages"}],"about":[{"href":"https:\/\/glycanostics.com\/sk\/wp-json\/wp\/v2\/types\/page"}],"author":[{"embeddable":true,"href":"https:\/\/glycanostics.com\/sk\/wp-json\/wp\/v2\/users\/1"}],"replies":[{"embeddable":true,"href":"https:\/\/glycanostics.com\/sk\/wp-json\/wp\/v2\/comments?post=1801"}],"version-history":[{"count":1,"href":"https:\/\/glycanostics.com\/sk\/wp-json\/wp\/v2\/pages\/1801\/revisions"}],"predecessor-version":[{"id":1802,"href":"https:\/\/glycanostics.com\/sk\/wp-json\/wp\/v2\/pages\/1801\/revisions\/1802"}],"wp:attachment":[{"href":"https:\/\/glycanostics.com\/sk\/wp-json\/wp\/v2\/media?parent=1801"}],"curies":[{"name":"wp","href":"https:\/\/api.w.org\/{rel}","templated":true}]}}