{"id":1807,"date":"2022-02-01T19:31:14","date_gmt":"2022-02-01T18:31:14","guid":{"rendered":"https:\/\/glycanostics.com\/veda\/"},"modified":"2022-06-17T10:25:43","modified_gmt":"2022-06-17T08:25:43","slug":"veda","status":"publish","type":"page","link":"https:\/\/glycanostics.com\/sk\/veda\/","title":{"rendered":"Veda"},"content":{"rendered":"\t\t<div data-elementor-type=\"wp-page\" data-elementor-id=\"1807\" class=\"elementor elementor-1807\">\n\t\t\t\t\t\t\t\t\t<section data-particle_enable=\"false\" data-particle-mobile-disabled=\"false\" class=\"elementor-section elementor-top-section elementor-element elementor-element-ec10778 elementor-section-content-middle elementor-section-boxed elementor-section-height-default elementor-section-height-default\" data-id=\"ec10778\" data-element_type=\"section\" data-settings=\"{&quot;background_background&quot;:&quot;classic&quot;}\">\n\t\t\t\t\t\t<div class=\"elementor-container elementor-column-gap-default\">\n\t\t\t\t\t<div class=\"elementor-column elementor-col-100 elementor-top-column elementor-element elementor-element-7689e383\" data-id=\"7689e383\" data-element_type=\"column\" data-settings=\"{&quot;background_background&quot;:&quot;classic&quot;}\">\n\t\t\t<div class=\"elementor-widget-wrap elementor-element-populated\">\n\t\t\t\t\t\t\t\t<div class=\"elementor-element elementor-element-425baba4 elementor-widget elementor-widget-heading\" data-id=\"425baba4\" data-element_type=\"widget\" data-widget_type=\"heading.default\">\n\t\t\t\t<div class=\"elementor-widget-container\">\n\t\t\t<h1 class=\"elementor-heading-title elementor-size-default\">Veda<\/h1>\t\t<\/div>\n\t\t\t\t<\/div>\n\t\t\t\t\t<\/div>\n\t\t<\/div>\n\t\t\t\t\t\t\t<\/div>\n\t\t<\/section>\n\t\t\t\t<section data-particle_enable=\"false\" data-particle-mobile-disabled=\"false\" class=\"elementor-section elementor-top-section elementor-element elementor-element-2cf1efb elementor-section-boxed elementor-section-height-default elementor-section-height-default\" data-id=\"2cf1efb\" data-element_type=\"section\">\n\t\t\t\t\t\t<div class=\"elementor-container elementor-column-gap-default\">\n\t\t\t\t\t<div class=\"elementor-column elementor-col-100 elementor-top-column elementor-element elementor-element-1a39c8e\" data-id=\"1a39c8e\" data-element_type=\"column\">\n\t\t\t<div class=\"elementor-widget-wrap elementor-element-populated\">\n\t\t\t\t\t\t\t\t<div class=\"elementor-element elementor-element-a2525b2 elementor-widget elementor-widget-heading\" data-id=\"a2525b2\" data-element_type=\"widget\" data-widget_type=\"heading.default\">\n\t\t\t\t<div class=\"elementor-widget-container\">\n\t\t\t<h2 class=\"elementor-heading-title elementor-size-default\">Zamyslite sa nad prevratn\u00fdmi vyn\u00e1lezmi n\u00e1\u0161ho sveta \u2013 koleso, elektrina, vakc\u00edny, lietadlo \u010di internet. Ani jeden z t\u00fdchto vyn\u00e1lezov by nebol vznikol bez testovania, experimentov, zanietenia a provokat\u00edvnych te\u00f3ri\u00ed. Sta\u0148te sa na\u0161imi partnermi. Podporte inov\u00e1cie vo v\u00fdvoji testov na rakovinu v ran\u00fdch \u0161t\u00e1di\u00e1ch ochorenia a uznajte ich z\u00e1sadn\u00fd dopad na cel\u00fd ekosyst\u00e9m zdravotnej starostlivosti. <\/h2>\t\t<\/div>\n\t\t\t\t<\/div>\n\t\t\t\t<div class=\"elementor-element elementor-element-8d0db06 elementor-widget elementor-widget-text-editor\" data-id=\"8d0db06\" data-element_type=\"widget\" data-widget_type=\"text-editor.default\">\n\t\t\t\t<div class=\"elementor-widget-container\">\n\t\t\t\t\t\t\tNa\u0161a civiliz\u00e1cia m\u00e1 od skrotenia oh\u0148a a prv\u00fdch ru\u010dne vyroben\u00fdch n\u00e1strojov u\u017e za sebou dlh\u00fa cestu. Veda i technika v s\u00fa\u010dasnosti napreduj\u00fa \u00fa\u017easnou r\u00fdchlos\u0165ou.\r\n\r\nPokroky vo ved\u00e1ch o \u017eivote s\u00fa enormn\u00e9.\r\n\r\nVeda a technika predl\u017euj\u00fa \u013eu\u010fom \u017eivot. Pred 500 rokmi bola priemern\u00e1 d\u013a\u017eka \u017eivota ve\u013emi kr\u00e1tka. \u013dudia zomierali na r\u00f4zne choroby, ktor\u00e9 u\u017e dok\u00e1\u017eeme s \u013eahkos\u0165ou lie\u010di\u0165.\r\nV na\u0161ej spolo\u010dnosti Glycanostics vyv\u00edjame mimoriadne inovat\u00edvne diagnostick\u00e9 testy na jeden\u00e1s\u0165 druhov rakoviny zalo\u017een\u00e9 na met\u00f3de ELISA s pou\u017eit\u00edm magnetick\u00fdch gu\u013e\u00f4\u010dok na detekciu zmien glyk\u00e1nov\u00fdch \u0161trukt\u00far.\r\nNa\u0161a technol\u00f3gia je zalo\u017een\u00e1 na piatich PCT patentoch. V prv\u00fdch f\u00e1zach sa zameriame na diagnostiku rakoviny prostaty, prsn\u00edka, p\u013e\u00fac a pankreasu.\r\nDoposia\u013e neboli v tejto s\u00favislosti schv\u00e1len\u00e9 \u017eiadne in\u00e9 technol\u00f3gie zalo\u017een\u00e9 na glyk\u00e1noch. Na\u0161e rie\u0161enie teda predstavuje nielen nov\u00fd, ale aj unik\u00e1tny pr\u00edstup \u2013 revol\u00faciu v diagnostike rakoviny v pravom zmysle slova.\r\n\r\n&nbsp;\t\t\t\t\t\t<\/div>\n\t\t\t\t<\/div>\n\t\t\t\t\t<\/div>\n\t\t<\/div>\n\t\t\t\t\t\t\t<\/div>\n\t\t<\/section>\n\t\t\t\t\t\t\t<\/div>\n\t\t","protected":false},"excerpt":{"rendered":"<p>Zamyslite sa nad prevratn\u00fdmi vyn\u00e1lezmi n\u00e1\u0161ho sveta \u2013 koleso, elektrina, vakc\u00edny, lietadlo \u010di internet. Ani jeden z t\u00fdchto vyn\u00e1lezov by nebol vznikol bez testovania, experimentov, zanietenia a provokat\u00edvnych te\u00f3ri\u00ed. Sta\u0148te sa na\u0161imi partnermi. Podporte inov\u00e1cie vo v\u00fdvoji testov na rakovinu v ran\u00fdch \u0161t\u00e1di\u00e1ch ochorenia a uznajte ich z\u00e1sadn\u00fd dopad na cel\u00fd ekosyst\u00e9m zdravotnej starostlivosti. Na\u0161a [&hellip;]<\/p>\n","protected":false},"author":1,"featured_media":0,"parent":0,"menu_order":0,"comment_status":"closed","ping_status":"closed","template":"elementor_header_footer","meta":{"inline_featured_image":false,"_mi_skip_tracking":false,"_monsterinsights_sitenote_active":false,"_monsterinsights_sitenote_note":"","_monsterinsights_sitenote_category":0,"footnotes":""},"yoast_head":"<!-- This site is optimized with the Yoast SEO plugin v21.5 - https:\/\/yoast.com\/wordpress\/plugins\/seo\/ -->\n<title>Veda - Glycanostics<\/title>\n<meta name=\"robots\" content=\"index, follow, max-snippet:-1, max-image-preview:large, max-video-preview:-1\" \/>\n<link rel=\"canonical\" href=\"https:\/\/glycanostics.com\/scientist\/\" \/>\n<meta property=\"og:locale\" content=\"sk_SK\" \/>\n<meta property=\"og:type\" content=\"article\" \/>\n<meta property=\"og:title\" content=\"Veda - Glycanostics\" \/>\n<meta property=\"og:description\" content=\"Zamyslite sa nad prevratn\u00fdmi vyn\u00e1lezmi n\u00e1\u0161ho sveta \u2013 koleso, elektrina, vakc\u00edny, lietadlo \u010di internet. Ani jeden z t\u00fdchto vyn\u00e1lezov by nebol vznikol bez testovania, experimentov, zanietenia a provokat\u00edvnych te\u00f3ri\u00ed. Sta\u0148te sa na\u0161imi partnermi. Podporte inov\u00e1cie vo v\u00fdvoji testov na rakovinu v ran\u00fdch \u0161t\u00e1di\u00e1ch ochorenia a uznajte ich z\u00e1sadn\u00fd dopad na cel\u00fd ekosyst\u00e9m zdravotnej starostlivosti. Na\u0161a [&hellip;]\" \/>\n<meta property=\"og:url\" content=\"https:\/\/glycanostics.com\/scientist\/\" \/>\n<meta property=\"og:site_name\" content=\"Glycanostics\" \/>\n<meta property=\"article:modified_time\" content=\"2022-06-17T08:25:43+00:00\" \/>\n<meta name=\"twitter:card\" content=\"summary_large_image\" \/>\n<meta name=\"twitter:label1\" content=\"Predpokladan\u00fd \u010das \u010d\u00edtania\" \/>\n\t<meta name=\"twitter:data1\" content=\"1 min\u00fata\" \/>\n<script type=\"application\/ld+json\" class=\"yoast-schema-graph\">{\"@context\":\"https:\/\/schema.org\",\"@graph\":[{\"@type\":\"WebPage\",\"@id\":\"https:\/\/glycanostics.com\/scientist\/\",\"url\":\"https:\/\/glycanostics.com\/scientist\/\",\"name\":\"Veda - Glycanostics\",\"isPartOf\":{\"@id\":\"https:\/\/glycanostics.com\/#website\"},\"datePublished\":\"2022-02-01T18:31:14+00:00\",\"dateModified\":\"2022-06-17T08:25:43+00:00\",\"breadcrumb\":{\"@id\":\"https:\/\/glycanostics.com\/scientist\/#breadcrumb\"},\"inLanguage\":\"sk-SK\",\"potentialAction\":[{\"@type\":\"ReadAction\",\"target\":[\"https:\/\/glycanostics.com\/scientist\/\"]}]},{\"@type\":\"BreadcrumbList\",\"@id\":\"https:\/\/glycanostics.com\/scientist\/#breadcrumb\",\"itemListElement\":[{\"@type\":\"ListItem\",\"position\":1,\"name\":\"Home\",\"item\":\"https:\/\/glycanostics.com\/\"},{\"@type\":\"ListItem\",\"position\":2,\"name\":\"Veda\"}]},{\"@type\":\"WebSite\",\"@id\":\"https:\/\/glycanostics.com\/#website\",\"url\":\"https:\/\/glycanostics.com\/\",\"name\":\"Glycanostics\",\"description\":\"\",\"potentialAction\":[{\"@type\":\"SearchAction\",\"target\":{\"@type\":\"EntryPoint\",\"urlTemplate\":\"https:\/\/glycanostics.com\/?s={search_term_string}\"},\"query-input\":\"required name=search_term_string\"}],\"inLanguage\":\"sk-SK\"}]}<\/script>\n<!-- \/ Yoast SEO plugin. -->","yoast_head_json":{"title":"Veda - Glycanostics","robots":{"index":"index","follow":"follow","max-snippet":"max-snippet:-1","max-image-preview":"max-image-preview:large","max-video-preview":"max-video-preview:-1"},"canonical":"https:\/\/glycanostics.com\/scientist\/","og_locale":"sk_SK","og_type":"article","og_title":"Veda - Glycanostics","og_description":"Zamyslite sa nad prevratn\u00fdmi vyn\u00e1lezmi n\u00e1\u0161ho sveta \u2013 koleso, elektrina, vakc\u00edny, lietadlo \u010di internet. Ani jeden z t\u00fdchto vyn\u00e1lezov by nebol vznikol bez testovania, experimentov, zanietenia a provokat\u00edvnych te\u00f3ri\u00ed. Sta\u0148te sa na\u0161imi partnermi. Podporte inov\u00e1cie vo v\u00fdvoji testov na rakovinu v ran\u00fdch \u0161t\u00e1di\u00e1ch ochorenia a uznajte ich z\u00e1sadn\u00fd dopad na cel\u00fd ekosyst\u00e9m zdravotnej starostlivosti. Na\u0161a [&hellip;]","og_url":"https:\/\/glycanostics.com\/scientist\/","og_site_name":"Glycanostics","article_modified_time":"2022-06-17T08:25:43+00:00","twitter_card":"summary_large_image","twitter_misc":{"Predpokladan\u00fd \u010das \u010d\u00edtania":"1 min\u00fata"},"schema":{"@context":"https:\/\/schema.org","@graph":[{"@type":"WebPage","@id":"https:\/\/glycanostics.com\/scientist\/","url":"https:\/\/glycanostics.com\/scientist\/","name":"Veda - Glycanostics","isPartOf":{"@id":"https:\/\/glycanostics.com\/#website"},"datePublished":"2022-02-01T18:31:14+00:00","dateModified":"2022-06-17T08:25:43+00:00","breadcrumb":{"@id":"https:\/\/glycanostics.com\/scientist\/#breadcrumb"},"inLanguage":"sk-SK","potentialAction":[{"@type":"ReadAction","target":["https:\/\/glycanostics.com\/scientist\/"]}]},{"@type":"BreadcrumbList","@id":"https:\/\/glycanostics.com\/scientist\/#breadcrumb","itemListElement":[{"@type":"ListItem","position":1,"name":"Home","item":"https:\/\/glycanostics.com\/"},{"@type":"ListItem","position":2,"name":"Veda"}]},{"@type":"WebSite","@id":"https:\/\/glycanostics.com\/#website","url":"https:\/\/glycanostics.com\/","name":"Glycanostics","description":"","potentialAction":[{"@type":"SearchAction","target":{"@type":"EntryPoint","urlTemplate":"https:\/\/glycanostics.com\/?s={search_term_string}"},"query-input":"required name=search_term_string"}],"inLanguage":"sk-SK"}]}},"_links":{"self":[{"href":"https:\/\/glycanostics.com\/sk\/wp-json\/wp\/v2\/pages\/1807"}],"collection":[{"href":"https:\/\/glycanostics.com\/sk\/wp-json\/wp\/v2\/pages"}],"about":[{"href":"https:\/\/glycanostics.com\/sk\/wp-json\/wp\/v2\/types\/page"}],"author":[{"embeddable":true,"href":"https:\/\/glycanostics.com\/sk\/wp-json\/wp\/v2\/users\/1"}],"replies":[{"embeddable":true,"href":"https:\/\/glycanostics.com\/sk\/wp-json\/wp\/v2\/comments?post=1807"}],"version-history":[{"count":1,"href":"https:\/\/glycanostics.com\/sk\/wp-json\/wp\/v2\/pages\/1807\/revisions"}],"predecessor-version":[{"id":1808,"href":"https:\/\/glycanostics.com\/sk\/wp-json\/wp\/v2\/pages\/1807\/revisions\/1808"}],"wp:attachment":[{"href":"https:\/\/glycanostics.com\/sk\/wp-json\/wp\/v2\/media?parent=1807"}],"curies":[{"name":"wp","href":"https:\/\/api.w.org\/{rel}","templated":true}]}}