{"id":1815,"date":"2022-02-01T19:31:46","date_gmt":"2022-02-01T18:31:46","guid":{"rendered":"https:\/\/glycanostics.com\/rozvoj-podniku\/"},"modified":"2022-07-08T08:47:40","modified_gmt":"2022-07-08T06:47:40","slug":"rozvoj-podniku","status":"publish","type":"page","link":"https:\/\/glycanostics.com\/sk\/rozvoj-podniku\/","title":{"rendered":"Rozvoj firmy"},"content":{"rendered":"\t\t<div data-elementor-type=\"wp-page\" data-elementor-id=\"1815\" class=\"elementor elementor-1815\">\n\t\t\t\t\t\t\t\t\t<section data-particle_enable=\"false\" data-particle-mobile-disabled=\"false\" class=\"elementor-section elementor-top-section elementor-element elementor-element-7d7815f elementor-section-content-middle elementor-section-boxed elementor-section-height-default elementor-section-height-default\" data-id=\"7d7815f\" data-element_type=\"section\" data-settings=\"{&quot;background_background&quot;:&quot;classic&quot;}\">\n\t\t\t\t\t\t<div class=\"elementor-container elementor-column-gap-default\">\n\t\t\t\t\t<div class=\"elementor-column elementor-col-100 elementor-top-column elementor-element elementor-element-aef4ad2\" data-id=\"aef4ad2\" data-element_type=\"column\" data-settings=\"{&quot;background_background&quot;:&quot;classic&quot;}\">\n\t\t\t<div class=\"elementor-widget-wrap elementor-element-populated\">\n\t\t\t\t\t\t\t\t<div class=\"elementor-element elementor-element-09b633b elementor-widget elementor-widget-heading\" data-id=\"09b633b\" data-element_type=\"widget\" data-widget_type=\"heading.default\">\n\t\t\t\t<div class=\"elementor-widget-container\">\n\t\t\t<h1 class=\"elementor-heading-title elementor-size-default\">Rozvoj firmy<\/h1>\t\t<\/div>\n\t\t\t\t<\/div>\n\t\t\t\t\t<\/div>\n\t\t<\/div>\n\t\t\t\t\t\t\t<\/div>\n\t\t<\/section>\n\t\t\t\t<section data-particle_enable=\"false\" data-particle-mobile-disabled=\"false\" class=\"elementor-section elementor-top-section elementor-element elementor-element-816f91f elementor-section-boxed elementor-section-height-default elementor-section-height-default\" data-id=\"816f91f\" data-element_type=\"section\">\n\t\t\t\t\t\t<div class=\"elementor-container elementor-column-gap-default\">\n\t\t\t\t\t<div class=\"elementor-column elementor-col-100 elementor-top-column elementor-element elementor-element-2f54a27\" data-id=\"2f54a27\" data-element_type=\"column\">\n\t\t\t<div class=\"elementor-widget-wrap elementor-element-populated\">\n\t\t\t\t\t\t\t\t<div class=\"elementor-element elementor-element-eaea534 elementor-widget elementor-widget-heading\" data-id=\"eaea534\" data-element_type=\"widget\" data-widget_type=\"heading.default\">\n\t\t\t\t<div class=\"elementor-widget-container\">\n\t\t\t<h2 class=\"elementor-heading-title elementor-size-default\">NA\u0160TARTUJME REVOL\u00daCIU V DIAGNOSTIKE RAKOVINY SPOLO\u010cN\u00ddMI SILAMI!<\/h2>\t\t<\/div>\n\t\t\t\t<\/div>\n\t\t\t\t\t<\/div>\n\t\t<\/div>\n\t\t\t\t\t\t\t<\/div>\n\t\t<\/section>\n\t\t\t\t<section data-particle_enable=\"false\" data-particle-mobile-disabled=\"false\" class=\"elementor-section elementor-top-section elementor-element elementor-element-69a0fce elementor-section-boxed elementor-section-height-default elementor-section-height-default\" data-id=\"69a0fce\" data-element_type=\"section\">\n\t\t\t\t\t\t<div class=\"elementor-container elementor-column-gap-default\">\n\t\t\t\t\t<div class=\"elementor-column elementor-col-100 elementor-top-column elementor-element elementor-element-64c700c\" data-id=\"64c700c\" data-element_type=\"column\">\n\t\t\t<div class=\"elementor-widget-wrap elementor-element-populated\">\n\t\t\t\t\t\t\t\t<div class=\"elementor-element elementor-element-a282f8d elementor-widget elementor-widget-heading\" data-id=\"a282f8d\" data-element_type=\"widget\" data-widget_type=\"heading.default\">\n\t\t\t\t<div class=\"elementor-widget-container\">\n\t\t\t<h2 class=\"elementor-heading-title elementor-size-default\">Rakovina je v zdravotn\u00edctve pr\u00ed\u010dinou mnohomiliardov\u00fdch ro\u010dn\u00fdch v\u00fddavkov, nehovoriac o \u010fal\u0161\u00edch n\u00e1kladoch spojen\u00fdch s kr\u00e1tkodob\u00fdm \u010di dlhodob\u00fdm zdravotn\u00fdm postihnut\u00edm a zn\u00ed\u017een\u00fdch v\u00fdkonoch na strane pacientov i zdravotn\u00edkov. <\/h2>\t\t<\/div>\n\t\t\t\t<\/div>\n\t\t\t\t<div class=\"elementor-element elementor-element-f23917f elementor-widget elementor-widget-text-editor\" data-id=\"f23917f\" data-element_type=\"widget\" data-widget_type=\"text-editor.default\">\n\t\t\t\t<div class=\"elementor-widget-container\">\n\t\t\t\t\t\t\tUvedomujeme si, ak\u00e9 d\u00f4le\u017eit\u00e9 s\u00fa inov\u00e1cie vo sf\u00e9re diagnostick\u00fdch met\u00f3d na detekciu rakoviny v ran\u00fdch \u0161t\u00e1di\u00e1ch a ich dopad na cel\u00fd zdravotn\u00edcky ekosyst\u00e9m.\r\nRakovina je obrovsk\u00fdm glob\u00e1lnym probl\u00e9mom, pri\u010dom len v roku 2020 bolo v s\u00favislosti s \u0148ou zaznamenan\u00fdch 19,3 mili\u00f3na pr\u00edpadov a 10 mili\u00f3nov \u00famrt\u00ed.\r\nOdhaduje sa, \u017ee do roku 2040 sa po\u010det novozisten\u00fdch pr\u00edpadov zv\u00fd\u0161i a\u017e na 28 mili\u00f3nov a po\u010det \u00famrt\u00ed a\u017e na 16 mili\u00f3nov ro\u010dne.\r\n\r\nSpolo\u010dnos\u0165 Glycanostics je inovat\u00edvnym startupom, ktor\u00fd vyv\u00edja diagnostick\u00e9 testy na jeden\u00e1s\u0165 druhov rakoviny a je zalo\u017een\u00fd na met\u00f3de ELISA, ktor\u00e1 vyu\u017e\u00edva magnetick\u00e9 gu\u013e\u00f4\u010dky na detekciu zmien glyk\u00e1nov\u00fdch \u0161trukt\u00far. Na\u0161e patentovan\u00e9 rie\u0161enie predstavuje nov\u00fd a unik\u00e1tny pr\u00edstup na b\u00e1ze tekutej biopsie.\r\n\r\nV roku 2022 m\u00e1me v pl\u00e1ne poda\u0165 \u017eiados\u0165 o certifik\u00e1t CE pre n\u00e1\u0161 diagnostick\u00fd test na rakovinu prostaty a n\u00e1sledne v roku 2023 pre test na rakovinu prsn\u00edka.\r\n\r\nNa\u0161e pl\u00e1ny zah\u0155\u0148aj\u00fa aj \u010fal\u0161\u00edch 9 testov na r\u00f4zne druhy rakoviny:\r\n<ul>\r\n \t<li>Rakovina p\u013e\u00fac<\/li>\r\n \t<li>Rakovina pankreasu<\/li>\r\n \t<li>Rakovina hrub\u00e9ho \u010dreva a kone\u010dn\u00edka<\/li>\r\n \t<li>Rakovina \u017eal\u00fadka<\/li>\r\n \t<li>Rakovina pe\u010dene<\/li>\r\n \t<li>Rakovina vaje\u010dn\u00edkov<\/li>\r\n \t<li>Rakovina semenn\u00edkov<\/li>\r\n \t<li>Rakovina mo\u010dov\u00e9ho mech\u00fara<\/li>\r\n \t<li>Rakovina \u0161t\u00edtnej \u017e\u013eazy<\/li>\r\n<\/ul>\r\nNa\u0161ou strat\u00e9giou je uzavrie\u0165 partnerstvo s nadn\u00e1rodnou farmaceutickou alebo diagnostickou spolo\u010dnos\u0165ou, ktorej by sme n\u00e1sledne poskytli exkluz\u00edvnu licenciu na predaj na\u0161ich produktov po celom svete.\t\t\t\t\t\t<\/div>\n\t\t\t\t<\/div>\n\t\t\t\t\t<\/div>\n\t\t<\/div>\n\t\t\t\t\t\t\t<\/div>\n\t\t<\/section>\n\t\t\t\t<section data-particle_enable=\"false\" data-particle-mobile-disabled=\"false\" class=\"elementor-section elementor-top-section elementor-element elementor-element-94b1f92 elementor-section-boxed elementor-section-height-default elementor-section-height-default\" data-id=\"94b1f92\" data-element_type=\"section\" data-settings=\"{&quot;background_background&quot;:&quot;classic&quot;}\">\n\t\t\t\t\t\t<div class=\"elementor-container elementor-column-gap-default\">\n\t\t\t\t\t<div class=\"elementor-column elementor-col-100 elementor-top-column elementor-element elementor-element-3cbc958\" data-id=\"3cbc958\" data-element_type=\"column\" data-settings=\"{&quot;background_background&quot;:&quot;classic&quot;}\">\n\t\t\t<div class=\"elementor-widget-wrap elementor-element-populated\">\n\t\t\t\t\t<div class=\"elementor-background-overlay\"><\/div>\n\t\t\t\t\t\t\t\t<section data-particle_enable=\"false\" data-particle-mobile-disabled=\"false\" class=\"elementor-section elementor-inner-section elementor-element elementor-element-70b96bb elementor-section-boxed elementor-section-height-default elementor-section-height-default\" data-id=\"70b96bb\" data-element_type=\"section\">\n\t\t\t\t\t\t<div class=\"elementor-container elementor-column-gap-default\">\n\t\t\t\t\t<div class=\"elementor-column elementor-col-50 elementor-inner-column elementor-element elementor-element-96f445b\" data-id=\"96f445b\" data-element_type=\"column\">\n\t\t\t<div class=\"elementor-widget-wrap elementor-element-populated\">\n\t\t\t\t\t\t\t\t<div class=\"elementor-element elementor-element-8a43dad elementor-widget elementor-widget-heading\" data-id=\"8a43dad\" data-element_type=\"widget\" data-widget_type=\"heading.default\">\n\t\t\t\t<div class=\"elementor-widget-container\">\n\t\t\t<h4 class=\"elementor-heading-title elementor-size-default\">Chceli by ste si dohodn\u00fa\u0165 stretnutie, aby sme prerokovali pr\u00edpadn\u00fa strategick\u00fa spolupr\u00e1cu?<\/h4>\t\t<\/div>\n\t\t\t\t<\/div>\n\t\t\t\t\t<\/div>\n\t\t<\/div>\n\t\t\t\t<div class=\"elementor-column elementor-col-50 elementor-inner-column elementor-element elementor-element-8bef352\" data-id=\"8bef352\" data-element_type=\"column\">\n\t\t\t<div class=\"elementor-widget-wrap elementor-element-populated\">\n\t\t\t\t\t\t\t\t<div class=\"elementor-element elementor-element-649faac elementor-align-center elementor-widget elementor-widget-button\" data-id=\"649faac\" data-element_type=\"widget\" data-widget_type=\"button.default\">\n\t\t\t\t<div class=\"elementor-widget-container\">\n\t\t\t\t\t<div class=\"elementor-button-wrapper\">\n\t\t\t<a class=\"elementor-button elementor-button-link elementor-size-xl\" href=\"mailto:%20bd@glycanostics.com\">\n\t\t\t\t\t\t<span class=\"elementor-button-content-wrapper\">\n\t\t\t\t\t\t<span class=\"elementor-button-text\">KONTAKTUJTE N\u00c1S<\/span>\n\t\t<\/span>\n\t\t\t\t\t<\/a>\n\t\t<\/div>\n\t\t\t\t<\/div>\n\t\t\t\t<\/div>\n\t\t\t\t\t<\/div>\n\t\t<\/div>\n\t\t\t\t\t\t\t<\/div>\n\t\t<\/section>\n\t\t\t\t\t<\/div>\n\t\t<\/div>\n\t\t\t\t\t\t\t<\/div>\n\t\t<\/section>\n\t\t\t\t\t\t\t<\/div>\n\t\t","protected":false},"excerpt":{"rendered":"<p>NA\u0160TARTUJME REVOL\u00daCIU V DIAGNOSTIKE RAKOVINY SPOLO\u010cN\u00ddMI SILAMI! Rakovina je v zdravotn\u00edctve pr\u00ed\u010dinou mnohomiliardov\u00fdch ro\u010dn\u00fdch v\u00fddavkov, nehovoriac o \u010fal\u0161\u00edch n\u00e1kladoch spojen\u00fdch s kr\u00e1tkodob\u00fdm \u010di dlhodob\u00fdm zdravotn\u00fdm postihnut\u00edm a zn\u00ed\u017een\u00fdch v\u00fdkonoch na strane pacientov i zdravotn\u00edkov. Uvedomujeme si, ak\u00e9 d\u00f4le\u017eit\u00e9 s\u00fa inov\u00e1cie vo sf\u00e9re diagnostick\u00fdch met\u00f3d na detekciu rakoviny v ran\u00fdch \u0161t\u00e1di\u00e1ch a ich dopad na cel\u00fd [&hellip;]<\/p>\n","protected":false},"author":1,"featured_media":0,"parent":0,"menu_order":0,"comment_status":"closed","ping_status":"closed","template":"elementor_header_footer","meta":{"inline_featured_image":false,"_mi_skip_tracking":false,"_monsterinsights_sitenote_active":false,"_monsterinsights_sitenote_note":"","_monsterinsights_sitenote_category":0,"footnotes":""},"yoast_head":"<!-- This site is optimized with the Yoast SEO plugin v21.5 - https:\/\/yoast.com\/wordpress\/plugins\/seo\/ -->\n<title>Rozvoj firmy - Glycanostics<\/title>\n<meta name=\"robots\" content=\"index, follow, max-snippet:-1, max-image-preview:large, max-video-preview:-1\" \/>\n<link rel=\"canonical\" href=\"https:\/\/glycanostics.com\/sk\/rozvoj-podniku\/\" \/>\n<meta property=\"og:locale\" content=\"sk_SK\" \/>\n<meta property=\"og:type\" content=\"article\" \/>\n<meta property=\"og:title\" content=\"Rozvoj firmy - Glycanostics\" \/>\n<meta property=\"og:description\" content=\"NA\u0160TARTUJME REVOL\u00daCIU V DIAGNOSTIKE RAKOVINY SPOLO\u010cN\u00ddMI SILAMI! Rakovina je v zdravotn\u00edctve pr\u00ed\u010dinou mnohomiliardov\u00fdch ro\u010dn\u00fdch v\u00fddavkov, nehovoriac o \u010fal\u0161\u00edch n\u00e1kladoch spojen\u00fdch s kr\u00e1tkodob\u00fdm \u010di dlhodob\u00fdm zdravotn\u00fdm postihnut\u00edm a zn\u00ed\u017een\u00fdch v\u00fdkonoch na strane pacientov i zdravotn\u00edkov. Uvedomujeme si, ak\u00e9 d\u00f4le\u017eit\u00e9 s\u00fa inov\u00e1cie vo sf\u00e9re diagnostick\u00fdch met\u00f3d na detekciu rakoviny v ran\u00fdch \u0161t\u00e1di\u00e1ch a ich dopad na cel\u00fd [&hellip;]\" \/>\n<meta property=\"og:url\" content=\"https:\/\/glycanostics.com\/sk\/rozvoj-podniku\/\" \/>\n<meta property=\"og:site_name\" content=\"Glycanostics\" \/>\n<meta property=\"article:modified_time\" content=\"2022-07-08T06:47:40+00:00\" \/>\n<meta name=\"twitter:card\" content=\"summary_large_image\" \/>\n<meta name=\"twitter:label1\" content=\"Predpokladan\u00fd \u010das \u010d\u00edtania\" \/>\n\t<meta name=\"twitter:data1\" content=\"2 min\u00faty\" \/>\n<script type=\"application\/ld+json\" class=\"yoast-schema-graph\">{\"@context\":\"https:\/\/schema.org\",\"@graph\":[{\"@type\":\"WebPage\",\"@id\":\"https:\/\/glycanostics.com\/sk\/rozvoj-podniku\/\",\"url\":\"https:\/\/glycanostics.com\/sk\/rozvoj-podniku\/\",\"name\":\"Rozvoj firmy - Glycanostics\",\"isPartOf\":{\"@id\":\"https:\/\/glycanostics.com\/#website\"},\"datePublished\":\"2022-02-01T18:31:46+00:00\",\"dateModified\":\"2022-07-08T06:47:40+00:00\",\"breadcrumb\":{\"@id\":\"https:\/\/glycanostics.com\/sk\/rozvoj-podniku\/#breadcrumb\"},\"inLanguage\":\"sk-SK\",\"potentialAction\":[{\"@type\":\"ReadAction\",\"target\":[\"https:\/\/glycanostics.com\/sk\/rozvoj-podniku\/\"]}]},{\"@type\":\"BreadcrumbList\",\"@id\":\"https:\/\/glycanostics.com\/sk\/rozvoj-podniku\/#breadcrumb\",\"itemListElement\":[{\"@type\":\"ListItem\",\"position\":1,\"name\":\"Home\",\"item\":\"https:\/\/glycanostics.com\/\"},{\"@type\":\"ListItem\",\"position\":2,\"name\":\"Rozvoj firmy\"}]},{\"@type\":\"WebSite\",\"@id\":\"https:\/\/glycanostics.com\/#website\",\"url\":\"https:\/\/glycanostics.com\/\",\"name\":\"Glycanostics\",\"description\":\"\",\"potentialAction\":[{\"@type\":\"SearchAction\",\"target\":{\"@type\":\"EntryPoint\",\"urlTemplate\":\"https:\/\/glycanostics.com\/?s={search_term_string}\"},\"query-input\":\"required name=search_term_string\"}],\"inLanguage\":\"sk-SK\"}]}<\/script>\n<!-- \/ Yoast SEO plugin. -->","yoast_head_json":{"title":"Rozvoj firmy - Glycanostics","robots":{"index":"index","follow":"follow","max-snippet":"max-snippet:-1","max-image-preview":"max-image-preview:large","max-video-preview":"max-video-preview:-1"},"canonical":"https:\/\/glycanostics.com\/sk\/rozvoj-podniku\/","og_locale":"sk_SK","og_type":"article","og_title":"Rozvoj firmy - Glycanostics","og_description":"NA\u0160TARTUJME REVOL\u00daCIU V DIAGNOSTIKE RAKOVINY SPOLO\u010cN\u00ddMI SILAMI! Rakovina je v zdravotn\u00edctve pr\u00ed\u010dinou mnohomiliardov\u00fdch ro\u010dn\u00fdch v\u00fddavkov, nehovoriac o \u010fal\u0161\u00edch n\u00e1kladoch spojen\u00fdch s kr\u00e1tkodob\u00fdm \u010di dlhodob\u00fdm zdravotn\u00fdm postihnut\u00edm a zn\u00ed\u017een\u00fdch v\u00fdkonoch na strane pacientov i zdravotn\u00edkov. Uvedomujeme si, ak\u00e9 d\u00f4le\u017eit\u00e9 s\u00fa inov\u00e1cie vo sf\u00e9re diagnostick\u00fdch met\u00f3d na detekciu rakoviny v ran\u00fdch \u0161t\u00e1di\u00e1ch a ich dopad na cel\u00fd [&hellip;]","og_url":"https:\/\/glycanostics.com\/sk\/rozvoj-podniku\/","og_site_name":"Glycanostics","article_modified_time":"2022-07-08T06:47:40+00:00","twitter_card":"summary_large_image","twitter_misc":{"Predpokladan\u00fd \u010das \u010d\u00edtania":"2 min\u00faty"},"schema":{"@context":"https:\/\/schema.org","@graph":[{"@type":"WebPage","@id":"https:\/\/glycanostics.com\/sk\/rozvoj-podniku\/","url":"https:\/\/glycanostics.com\/sk\/rozvoj-podniku\/","name":"Rozvoj firmy - Glycanostics","isPartOf":{"@id":"https:\/\/glycanostics.com\/#website"},"datePublished":"2022-02-01T18:31:46+00:00","dateModified":"2022-07-08T06:47:40+00:00","breadcrumb":{"@id":"https:\/\/glycanostics.com\/sk\/rozvoj-podniku\/#breadcrumb"},"inLanguage":"sk-SK","potentialAction":[{"@type":"ReadAction","target":["https:\/\/glycanostics.com\/sk\/rozvoj-podniku\/"]}]},{"@type":"BreadcrumbList","@id":"https:\/\/glycanostics.com\/sk\/rozvoj-podniku\/#breadcrumb","itemListElement":[{"@type":"ListItem","position":1,"name":"Home","item":"https:\/\/glycanostics.com\/"},{"@type":"ListItem","position":2,"name":"Rozvoj firmy"}]},{"@type":"WebSite","@id":"https:\/\/glycanostics.com\/#website","url":"https:\/\/glycanostics.com\/","name":"Glycanostics","description":"","potentialAction":[{"@type":"SearchAction","target":{"@type":"EntryPoint","urlTemplate":"https:\/\/glycanostics.com\/?s={search_term_string}"},"query-input":"required name=search_term_string"}],"inLanguage":"sk-SK"}]}},"_links":{"self":[{"href":"https:\/\/glycanostics.com\/sk\/wp-json\/wp\/v2\/pages\/1815"}],"collection":[{"href":"https:\/\/glycanostics.com\/sk\/wp-json\/wp\/v2\/pages"}],"about":[{"href":"https:\/\/glycanostics.com\/sk\/wp-json\/wp\/v2\/types\/page"}],"author":[{"embeddable":true,"href":"https:\/\/glycanostics.com\/sk\/wp-json\/wp\/v2\/users\/1"}],"replies":[{"embeddable":true,"href":"https:\/\/glycanostics.com\/sk\/wp-json\/wp\/v2\/comments?post=1815"}],"version-history":[{"count":5,"href":"https:\/\/glycanostics.com\/sk\/wp-json\/wp\/v2\/pages\/1815\/revisions"}],"predecessor-version":[{"id":1969,"href":"https:\/\/glycanostics.com\/sk\/wp-json\/wp\/v2\/pages\/1815\/revisions\/1969"}],"wp:attachment":[{"href":"https:\/\/glycanostics.com\/sk\/wp-json\/wp\/v2\/media?parent=1815"}],"curies":[{"name":"wp","href":"https:\/\/api.w.org\/{rel}","templated":true}]}}