{"id":2104,"date":"2022-08-01T14:46:12","date_gmt":"2022-08-01T12:46:12","guid":{"rendered":"https:\/\/glycanostics.com\/?page_id=2104"},"modified":"2022-08-01T14:46:52","modified_gmt":"2022-08-01T12:46:52","slug":"obstaravanie","status":"publish","type":"page","link":"https:\/\/glycanostics.com\/sk\/obstaravanie\/","title":{"rendered":"Obstar\u00e1vanie"},"content":{"rendered":"\t\t<div data-elementor-type=\"wp-page\" data-elementor-id=\"2104\" class=\"elementor elementor-2104\">\n\t\t\t\t\t\t\t\t\t<section data-particle_enable=\"false\" data-particle-mobile-disabled=\"false\" class=\"elementor-section elementor-top-section elementor-element elementor-element-f185453 elementor-section-boxed elementor-section-height-default elementor-section-height-default\" data-id=\"f185453\" data-element_type=\"section\">\n\t\t\t\t\t\t<div class=\"elementor-container elementor-column-gap-default\">\n\t\t\t\t\t<div class=\"elementor-column elementor-col-100 elementor-top-column elementor-element elementor-element-172a162\" data-id=\"172a162\" data-element_type=\"column\">\n\t\t\t<div class=\"elementor-widget-wrap elementor-element-populated\">\n\t\t\t\t\t\t\t\t<div class=\"elementor-element elementor-element-771d492 elementor-widget elementor-widget-text-editor\" data-id=\"771d492\" data-element_type=\"widget\" data-widget_type=\"text-editor.default\">\n\t\t\t\t<div class=\"elementor-widget-container\">\n\t\t\t\t\t\t\t<p>Obstar\u00e1vanie pre projekt :<\/p><p>\u00a0<\/p><p><b>PROstate biomarker based on GLYcans for prostate CANcer managment APVV-20-0476<\/b>\u00a0\u00a0<\/p><p>\u00a0<\/p><p>Inform\u00e1cie a podklady s\u00fa dostupn\u00e9 na profile:\u00a0<a href=\"https:\/\/www.uvo.gov.sk\/vyhladavanie-profilov\/zakazky\/21028\" target=\"_blank\" rel=\"noopener noreferrer\" data-saferedirecturl=\"https:\/\/www.google.com\/url?q=https:\/\/www.uvo.gov.sk\/vyhladavanie-profilov\/zakazky\/21028&amp;source=gmail&amp;ust=1659438979931000&amp;usg=AOvVaw26fH_xbsBwFiUsSF54u8hW\">https:\/\/www.uvo.gov.<wbr \/>sk\/vyhladavanie-profilov\/<wbr \/>zakazky\/21028<\/a><\/p>\t\t\t\t\t\t<\/div>\n\t\t\t\t<\/div>\n\t\t\t\t\t<\/div>\n\t\t<\/div>\n\t\t\t\t\t\t\t<\/div>\n\t\t<\/section>\n\t\t\t\t\t\t\t<\/div>\n\t\t","protected":false},"excerpt":{"rendered":"<p>Obstar\u00e1vanie pre projekt : \u00a0 PROstate biomarker based on GLYcans for prostate CANcer managment APVV-20-0476\u00a0\u00a0 \u00a0 Inform\u00e1cie a podklady s\u00fa dostupn\u00e9 na profile:\u00a0https:\/\/www.uvo.gov.sk\/vyhladavanie-profilov\/zakazky\/21028<\/p>\n","protected":false},"author":4,"featured_media":0,"parent":0,"menu_order":0,"comment_status":"closed","ping_status":"closed","template":"","meta":{"inline_featured_image":false,"_mi_skip_tracking":false,"_monsterinsights_sitenote_active":false,"_monsterinsights_sitenote_note":"","_monsterinsights_sitenote_category":0,"footnotes":""},"yoast_head":"<!-- This site is optimized with the Yoast SEO plugin v21.5 - https:\/\/yoast.com\/wordpress\/plugins\/seo\/ -->\n<title>Obstar\u00e1vanie - Glycanostics<\/title>\n<meta name=\"robots\" content=\"index, follow, max-snippet:-1, max-image-preview:large, max-video-preview:-1\" \/>\n<link rel=\"canonical\" href=\"https:\/\/glycanostics.com\/sk\/obstaravanie\/\" \/>\n<meta property=\"og:locale\" content=\"sk_SK\" \/>\n<meta property=\"og:type\" content=\"article\" \/>\n<meta property=\"og:title\" content=\"Obstar\u00e1vanie - Glycanostics\" \/>\n<meta property=\"og:description\" content=\"Obstar\u00e1vanie pre projekt : \u00a0 PROstate biomarker based on GLYcans for prostate CANcer managment APVV-20-0476\u00a0\u00a0 \u00a0 Inform\u00e1cie a podklady s\u00fa dostupn\u00e9 na profile:\u00a0https:\/\/www.uvo.gov.sk\/vyhladavanie-profilov\/zakazky\/21028\" \/>\n<meta property=\"og:url\" content=\"https:\/\/glycanostics.com\/sk\/obstaravanie\/\" \/>\n<meta property=\"og:site_name\" content=\"Glycanostics\" \/>\n<meta property=\"article:modified_time\" content=\"2022-08-01T12:46:52+00:00\" \/>\n<meta name=\"twitter:card\" content=\"summary_large_image\" \/>\n<meta name=\"twitter:label1\" content=\"Predpokladan\u00fd \u010das \u010d\u00edtania\" \/>\n\t<meta name=\"twitter:data1\" content=\"1 min\u00fata\" \/>\n<script type=\"application\/ld+json\" class=\"yoast-schema-graph\">{\"@context\":\"https:\/\/schema.org\",\"@graph\":[{\"@type\":\"WebPage\",\"@id\":\"https:\/\/glycanostics.com\/sk\/obstaravanie\/\",\"url\":\"https:\/\/glycanostics.com\/sk\/obstaravanie\/\",\"name\":\"Obstar\u00e1vanie - Glycanostics\",\"isPartOf\":{\"@id\":\"https:\/\/glycanostics.com\/#website\"},\"datePublished\":\"2022-08-01T12:46:12+00:00\",\"dateModified\":\"2022-08-01T12:46:52+00:00\",\"breadcrumb\":{\"@id\":\"https:\/\/glycanostics.com\/sk\/obstaravanie\/#breadcrumb\"},\"inLanguage\":\"sk-SK\",\"potentialAction\":[{\"@type\":\"ReadAction\",\"target\":[\"https:\/\/glycanostics.com\/sk\/obstaravanie\/\"]}]},{\"@type\":\"BreadcrumbList\",\"@id\":\"https:\/\/glycanostics.com\/sk\/obstaravanie\/#breadcrumb\",\"itemListElement\":[{\"@type\":\"ListItem\",\"position\":1,\"name\":\"Home\",\"item\":\"https:\/\/glycanostics.com\/\"},{\"@type\":\"ListItem\",\"position\":2,\"name\":\"Obstar\u00e1vanie\"}]},{\"@type\":\"WebSite\",\"@id\":\"https:\/\/glycanostics.com\/#website\",\"url\":\"https:\/\/glycanostics.com\/\",\"name\":\"Glycanostics\",\"description\":\"\",\"potentialAction\":[{\"@type\":\"SearchAction\",\"target\":{\"@type\":\"EntryPoint\",\"urlTemplate\":\"https:\/\/glycanostics.com\/?s={search_term_string}\"},\"query-input\":\"required name=search_term_string\"}],\"inLanguage\":\"sk-SK\"}]}<\/script>\n<!-- \/ Yoast SEO plugin. -->","yoast_head_json":{"title":"Obstar\u00e1vanie - Glycanostics","robots":{"index":"index","follow":"follow","max-snippet":"max-snippet:-1","max-image-preview":"max-image-preview:large","max-video-preview":"max-video-preview:-1"},"canonical":"https:\/\/glycanostics.com\/sk\/obstaravanie\/","og_locale":"sk_SK","og_type":"article","og_title":"Obstar\u00e1vanie - Glycanostics","og_description":"Obstar\u00e1vanie pre projekt : \u00a0 PROstate biomarker based on GLYcans for prostate CANcer managment APVV-20-0476\u00a0\u00a0 \u00a0 Inform\u00e1cie a podklady s\u00fa dostupn\u00e9 na profile:\u00a0https:\/\/www.uvo.gov.sk\/vyhladavanie-profilov\/zakazky\/21028","og_url":"https:\/\/glycanostics.com\/sk\/obstaravanie\/","og_site_name":"Glycanostics","article_modified_time":"2022-08-01T12:46:52+00:00","twitter_card":"summary_large_image","twitter_misc":{"Predpokladan\u00fd \u010das \u010d\u00edtania":"1 min\u00fata"},"schema":{"@context":"https:\/\/schema.org","@graph":[{"@type":"WebPage","@id":"https:\/\/glycanostics.com\/sk\/obstaravanie\/","url":"https:\/\/glycanostics.com\/sk\/obstaravanie\/","name":"Obstar\u00e1vanie - Glycanostics","isPartOf":{"@id":"https:\/\/glycanostics.com\/#website"},"datePublished":"2022-08-01T12:46:12+00:00","dateModified":"2022-08-01T12:46:52+00:00","breadcrumb":{"@id":"https:\/\/glycanostics.com\/sk\/obstaravanie\/#breadcrumb"},"inLanguage":"sk-SK","potentialAction":[{"@type":"ReadAction","target":["https:\/\/glycanostics.com\/sk\/obstaravanie\/"]}]},{"@type":"BreadcrumbList","@id":"https:\/\/glycanostics.com\/sk\/obstaravanie\/#breadcrumb","itemListElement":[{"@type":"ListItem","position":1,"name":"Home","item":"https:\/\/glycanostics.com\/"},{"@type":"ListItem","position":2,"name":"Obstar\u00e1vanie"}]},{"@type":"WebSite","@id":"https:\/\/glycanostics.com\/#website","url":"https:\/\/glycanostics.com\/","name":"Glycanostics","description":"","potentialAction":[{"@type":"SearchAction","target":{"@type":"EntryPoint","urlTemplate":"https:\/\/glycanostics.com\/?s={search_term_string}"},"query-input":"required name=search_term_string"}],"inLanguage":"sk-SK"}]}},"_links":{"self":[{"href":"https:\/\/glycanostics.com\/sk\/wp-json\/wp\/v2\/pages\/2104"}],"collection":[{"href":"https:\/\/glycanostics.com\/sk\/wp-json\/wp\/v2\/pages"}],"about":[{"href":"https:\/\/glycanostics.com\/sk\/wp-json\/wp\/v2\/types\/page"}],"author":[{"embeddable":true,"href":"https:\/\/glycanostics.com\/sk\/wp-json\/wp\/v2\/users\/4"}],"replies":[{"embeddable":true,"href":"https:\/\/glycanostics.com\/sk\/wp-json\/wp\/v2\/comments?post=2104"}],"version-history":[{"count":3,"href":"https:\/\/glycanostics.com\/sk\/wp-json\/wp\/v2\/pages\/2104\/revisions"}],"predecessor-version":[{"id":2107,"href":"https:\/\/glycanostics.com\/sk\/wp-json\/wp\/v2\/pages\/2104\/revisions\/2107"}],"wp:attachment":[{"href":"https:\/\/glycanostics.com\/sk\/wp-json\/wp\/v2\/media?parent=2104"}],"curies":[{"name":"wp","href":"https:\/\/api.w.org\/{rel}","templated":true}]}}