{"id":3248,"date":"2024-12-10T13:28:45","date_gmt":"2024-12-10T12:28:45","guid":{"rendered":"https:\/\/glycanostics.com\/?page_id=3248"},"modified":"2025-02-14T15:37:55","modified_gmt":"2025-02-14T14:37:55","slug":"gdpr","status":"publish","type":"page","link":"https:\/\/glycanostics.com\/sk\/gdpr\/","title":{"rendered":"GDPR"},"content":{"rendered":"\t\t<div data-elementor-type=\"wp-page\" data-elementor-id=\"3248\" class=\"elementor elementor-3248\">\n\t\t\t\t\t\t\t\t\t<section data-particle_enable=\"false\" data-particle-mobile-disabled=\"false\" class=\"elementor-section elementor-top-section elementor-element elementor-element-672d8b1 elementor-section-boxed elementor-section-height-default elementor-section-height-default\" data-id=\"672d8b1\" data-element_type=\"section\">\n\t\t\t\t\t\t<div class=\"elementor-container elementor-column-gap-default\">\n\t\t\t\t\t<div class=\"elementor-column elementor-col-100 elementor-top-column elementor-element elementor-element-7fd4be7\" data-id=\"7fd4be7\" data-element_type=\"column\">\n\t\t\t<div class=\"elementor-widget-wrap elementor-element-populated\">\n\t\t\t\t\t\t\t\t<div class=\"elementor-element elementor-element-3f38beb elementor-widget elementor-widget-spacer\" data-id=\"3f38beb\" data-element_type=\"widget\" data-widget_type=\"spacer.default\">\n\t\t\t\t<div class=\"elementor-widget-container\">\n\t\t\t\t\t<div class=\"elementor-spacer\">\n\t\t\t<div class=\"elementor-spacer-inner\"><\/div>\n\t\t<\/div>\n\t\t\t\t<\/div>\n\t\t\t\t<\/div>\n\t\t\t\t\t<\/div>\n\t\t<\/div>\n\t\t\t\t\t\t\t<\/div>\n\t\t<\/section>\n\t\t\t\t<section data-particle_enable=\"false\" data-particle-mobile-disabled=\"false\" class=\"elementor-section elementor-top-section elementor-element elementor-element-d9e9c57 elementor-section-boxed elementor-section-height-default elementor-section-height-default\" data-id=\"d9e9c57\" data-element_type=\"section\">\n\t\t\t\t\t\t<div class=\"elementor-container elementor-column-gap-default\">\n\t\t\t\t\t<div class=\"elementor-column elementor-col-100 elementor-top-column elementor-element elementor-element-5fd2dd7\" data-id=\"5fd2dd7\" data-element_type=\"column\">\n\t\t\t<div class=\"elementor-widget-wrap elementor-element-populated\">\n\t\t\t\t\t\t\t\t<div class=\"elementor-element elementor-element-f4142a0 elementor-widget elementor-widget-heading\" data-id=\"f4142a0\" data-element_type=\"widget\" data-widget_type=\"heading.default\">\n\t\t\t\t<div class=\"elementor-widget-container\">\n\t\t\t<h2 class=\"elementor-heading-title elementor-size-default\">GDPR<\/h2>\t\t<\/div>\n\t\t\t\t<\/div>\n\t\t\t\t\t<\/div>\n\t\t<\/div>\n\t\t\t\t\t\t\t<\/div>\n\t\t<\/section>\n\t\t\t\t<section data-particle_enable=\"false\" data-particle-mobile-disabled=\"false\" class=\"elementor-section elementor-top-section elementor-element elementor-element-b0445ae elementor-section-boxed elementor-section-height-default elementor-section-height-default\" data-id=\"b0445ae\" data-element_type=\"section\">\n\t\t\t\t\t\t<div class=\"elementor-container elementor-column-gap-default\">\n\t\t\t\t\t<div class=\"elementor-column elementor-col-100 elementor-top-column elementor-element elementor-element-e8449b2\" data-id=\"e8449b2\" data-element_type=\"column\">\n\t\t\t<div class=\"elementor-widget-wrap elementor-element-populated\">\n\t\t\t\t\t\t\t\t<div class=\"elementor-element elementor-element-06241c2 elementor-widget-divider--view-line elementor-widget elementor-widget-divider\" data-id=\"06241c2\" data-element_type=\"widget\" data-widget_type=\"divider.default\">\n\t\t\t\t<div class=\"elementor-widget-container\">\n\t\t\t\t\t<div class=\"elementor-divider\">\n\t\t\t<span class=\"elementor-divider-separator\">\n\t\t\t\t\t\t<\/span>\n\t\t<\/div>\n\t\t\t\t<\/div>\n\t\t\t\t<\/div>\n\t\t\t\t\t<\/div>\n\t\t<\/div>\n\t\t\t\t\t\t\t<\/div>\n\t\t<\/section>\n\t\t\t\t<section data-particle_enable=\"false\" data-particle-mobile-disabled=\"false\" class=\"elementor-section elementor-top-section elementor-element elementor-element-2410258 elementor-section-boxed elementor-section-height-default elementor-section-height-default\" data-id=\"2410258\" data-element_type=\"section\" data-settings=\"{&quot;background_background&quot;:&quot;gradient&quot;}\">\n\t\t\t\t\t\t<div class=\"elementor-container elementor-column-gap-default\">\n\t\t\t\t\t<div class=\"elementor-column elementor-col-100 elementor-top-column elementor-element elementor-element-6e0da0b\" data-id=\"6e0da0b\" data-element_type=\"column\">\n\t\t\t<div class=\"elementor-widget-wrap elementor-element-populated\">\n\t\t\t\t\t\t\t\t<div class=\"elementor-element elementor-element-ea6004a elementor-widget elementor-widget-text-editor\" data-id=\"ea6004a\" data-element_type=\"widget\" data-widget_type=\"text-editor.default\">\n\t\t\t\t<div class=\"elementor-widget-container\">\n\t\t\t\t\t\t\t<p><a href=\"https:\/\/glycanostics.com\/sk\/zakladne-informacie\/\"><strong>Z\u00e1kladn\u00e9 inform\u00e1cie<\/strong><\/a><\/p>\t\t\t\t\t\t<\/div>\n\t\t\t\t<\/div>\n\t\t\t\t<div class=\"elementor-element elementor-element-a129e4a elementor-widget elementor-widget-text-editor\" data-id=\"a129e4a\" data-element_type=\"widget\" data-widget_type=\"text-editor.default\">\n\t\t\t\t<div class=\"elementor-widget-container\">\n\t\t\t\t\t\t\t<p><a href=\"https:\/\/glycanostics.com\/sk\/pravny-zaklad-spracovavania-os-udajov-dotknutych-osob\/\"><b>Pr\u00e1vny z\u00e1klad sprac\u00favania osobn\u00fdch \u00fadajov dotknut\u00fdch os\u00f4b<\/b><\/a><\/p>\t\t\t\t\t\t<\/div>\n\t\t\t\t<\/div>\n\t\t\t\t<div class=\"elementor-element elementor-element-bf178e9 elementor-widget elementor-widget-text-editor\" data-id=\"bf178e9\" data-element_type=\"widget\" data-widget_type=\"text-editor.default\">\n\t\t\t\t<div class=\"elementor-widget-container\">\n\t\t\t\t\t\t\t<p><a href=\"https:\/\/glycanostics.com\/sk\/pravny-zaklad-spracovavania-os-udajov-dotknutych-osob\/\"><b>\u00da\u010del sprac\u00favania osobn\u00fdch \u00fadajov dotknut\u00fdch os\u00f4b<\/b><\/a><\/p>\t\t\t\t\t\t<\/div>\n\t\t\t\t<\/div>\n\t\t\t\t<div class=\"elementor-element elementor-element-c5fb76b elementor-widget elementor-widget-text-editor\" data-id=\"c5fb76b\" data-element_type=\"widget\" data-widget_type=\"text-editor.default\">\n\t\t\t\t<div class=\"elementor-widget-container\">\n\t\t\t\t\t\t\t<p><a href=\"https:\/\/glycanostics.com\/sk\/rozsah-a-sposob-spracovavania-os-udajov-dotknutych-osob\/\"><b>Rozsah a sp\u00f4sob sprac\u00favania osobn\u00fdch \u00fadajov dotknut\u00fdch os\u00f4b<\/b><\/a><\/p>\t\t\t\t\t\t<\/div>\n\t\t\t\t<\/div>\n\t\t\t\t<div class=\"elementor-element elementor-element-434c484 elementor-widget elementor-widget-text-editor\" data-id=\"434c484\" data-element_type=\"widget\" data-widget_type=\"text-editor.default\">\n\t\t\t\t<div class=\"elementor-widget-container\">\n\t\t\t\t\t\t\t<p><a href=\"https:\/\/glycanostics.com\/sk\/prava-dotknutej-osoby\/\"><b>Pr\u00e1va dotknutej osoby<\/b><\/a><\/p>\t\t\t\t\t\t<\/div>\n\t\t\t\t<\/div>\n\t\t\t\t<div class=\"elementor-element elementor-element-7db44d8 elementor-widget elementor-widget-text-editor\" data-id=\"7db44d8\" data-element_type=\"widget\" data-widget_type=\"text-editor.default\">\n\t\t\t\t<div class=\"elementor-widget-container\">\n\t\t\t\t\t\t\t<p><a href=\"https:\/\/glycanostics.com\/sk\/spracuvanie-suborov-cookie\/\"><b>Sprac\u00favanie s\u00faborov cookie<\/b><\/a><\/p>\t\t\t\t\t\t<\/div>\n\t\t\t\t<\/div>\n\t\t\t\t<div class=\"elementor-element elementor-element-96e49db elementor-widget elementor-widget-text-editor\" data-id=\"96e49db\" data-element_type=\"widget\" data-widget_type=\"text-editor.default\">\n\t\t\t\t<div class=\"elementor-widget-container\">\n\t\t\t\t\t\t\t<p><a href=\"https:\/\/glycanostics.com\/sk\/urad-na-ochranu-osobnych-udajov-slovenskej-republiky\/\"><b>\u00darad na ochranu osobn\u00fdch \u00fadajov Slovenskej republiky<\/b><\/a><\/p>\t\t\t\t\t\t<\/div>\n\t\t\t\t<\/div>\n\t\t\t\t<div class=\"elementor-element elementor-element-8306bd7 elementor-widget elementor-widget-text-editor\" data-id=\"8306bd7\" data-element_type=\"widget\" data-widget_type=\"text-editor.default\">\n\t\t\t\t<div class=\"elementor-widget-container\">\n\t\t\t\t\t\t\t<p><a href=\"https:\/\/glycanostics.com\/sk\/gdpr\/formulare\/\"><b>Formul\u00e1re na stiahnutie<\/b><\/a><\/p>\t\t\t\t\t\t<\/div>\n\t\t\t\t<\/div>\n\t\t\t\t\t<\/div>\n\t\t<\/div>\n\t\t\t\t\t\t\t<\/div>\n\t\t<\/section>\n\t\t\t\t\t\t\t<\/div>\n\t\t","protected":false},"excerpt":{"rendered":"<p>GDPR Z\u00e1kladn\u00e9 inform\u00e1cie Pr\u00e1vny z\u00e1klad sprac\u00favania osobn\u00fdch \u00fadajov dotknut\u00fdch os\u00f4b \u00da\u010del sprac\u00favania osobn\u00fdch \u00fadajov dotknut\u00fdch os\u00f4b Rozsah a sp\u00f4sob sprac\u00favania osobn\u00fdch \u00fadajov dotknut\u00fdch os\u00f4b Pr\u00e1va dotknutej osoby Sprac\u00favanie s\u00faborov cookie \u00darad na ochranu osobn\u00fdch \u00fadajov Slovenskej republiky Formul\u00e1re na stiahnutie<\/p>\n","protected":false},"author":5,"featured_media":0,"parent":0,"menu_order":0,"comment_status":"closed","ping_status":"closed","template":"elementor_header_footer","meta":{"inline_featured_image":false,"_mi_skip_tracking":false,"_monsterinsights_sitenote_active":false,"_monsterinsights_sitenote_note":"","_monsterinsights_sitenote_category":0,"footnotes":""},"yoast_head":"<!-- This site is optimized with the Yoast SEO plugin v21.5 - https:\/\/yoast.com\/wordpress\/plugins\/seo\/ -->\n<title>GDPR - Glycanostics<\/title>\n<meta name=\"robots\" content=\"index, follow, max-snippet:-1, max-image-preview:large, max-video-preview:-1\" \/>\n<link rel=\"canonical\" href=\"https:\/\/glycanostics.com\/sk\/gdpr\/\" \/>\n<meta property=\"og:locale\" content=\"sk_SK\" \/>\n<meta property=\"og:type\" content=\"article\" \/>\n<meta property=\"og:title\" content=\"GDPR - Glycanostics\" \/>\n<meta property=\"og:description\" content=\"GDPR Z\u00e1kladn\u00e9 inform\u00e1cie Pr\u00e1vny z\u00e1klad sprac\u00favania osobn\u00fdch \u00fadajov dotknut\u00fdch os\u00f4b \u00da\u010del sprac\u00favania osobn\u00fdch \u00fadajov dotknut\u00fdch os\u00f4b Rozsah a sp\u00f4sob sprac\u00favania osobn\u00fdch \u00fadajov dotknut\u00fdch os\u00f4b Pr\u00e1va dotknutej osoby Sprac\u00favanie s\u00faborov cookie \u00darad na ochranu osobn\u00fdch \u00fadajov Slovenskej republiky Formul\u00e1re na stiahnutie\" \/>\n<meta property=\"og:url\" content=\"https:\/\/glycanostics.com\/sk\/gdpr\/\" \/>\n<meta property=\"og:site_name\" content=\"Glycanostics\" \/>\n<meta property=\"article:modified_time\" content=\"2025-02-14T14:37:55+00:00\" \/>\n<meta name=\"twitter:card\" content=\"summary_large_image\" \/>\n<meta name=\"twitter:label1\" content=\"Predpokladan\u00fd \u010das \u010d\u00edtania\" \/>\n\t<meta name=\"twitter:data1\" content=\"1 min\u00fata\" \/>\n<script type=\"application\/ld+json\" class=\"yoast-schema-graph\">{\"@context\":\"https:\/\/schema.org\",\"@graph\":[{\"@type\":\"WebPage\",\"@id\":\"https:\/\/glycanostics.com\/sk\/gdpr\/\",\"url\":\"https:\/\/glycanostics.com\/sk\/gdpr\/\",\"name\":\"GDPR - Glycanostics\",\"isPartOf\":{\"@id\":\"https:\/\/glycanostics.com\/#website\"},\"datePublished\":\"2024-12-10T12:28:45+00:00\",\"dateModified\":\"2025-02-14T14:37:55+00:00\",\"breadcrumb\":{\"@id\":\"https:\/\/glycanostics.com\/sk\/gdpr\/#breadcrumb\"},\"inLanguage\":\"sk-SK\",\"potentialAction\":[{\"@type\":\"ReadAction\",\"target\":[\"https:\/\/glycanostics.com\/sk\/gdpr\/\"]}]},{\"@type\":\"BreadcrumbList\",\"@id\":\"https:\/\/glycanostics.com\/sk\/gdpr\/#breadcrumb\",\"itemListElement\":[{\"@type\":\"ListItem\",\"position\":1,\"name\":\"Home\",\"item\":\"https:\/\/glycanostics.com\/\"},{\"@type\":\"ListItem\",\"position\":2,\"name\":\"GDPR\"}]},{\"@type\":\"WebSite\",\"@id\":\"https:\/\/glycanostics.com\/#website\",\"url\":\"https:\/\/glycanostics.com\/\",\"name\":\"Glycanostics\",\"description\":\"\",\"potentialAction\":[{\"@type\":\"SearchAction\",\"target\":{\"@type\":\"EntryPoint\",\"urlTemplate\":\"https:\/\/glycanostics.com\/?s={search_term_string}\"},\"query-input\":\"required name=search_term_string\"}],\"inLanguage\":\"sk-SK\"}]}<\/script>\n<!-- \/ Yoast SEO plugin. -->","yoast_head_json":{"title":"GDPR - Glycanostics","robots":{"index":"index","follow":"follow","max-snippet":"max-snippet:-1","max-image-preview":"max-image-preview:large","max-video-preview":"max-video-preview:-1"},"canonical":"https:\/\/glycanostics.com\/sk\/gdpr\/","og_locale":"sk_SK","og_type":"article","og_title":"GDPR - Glycanostics","og_description":"GDPR Z\u00e1kladn\u00e9 inform\u00e1cie Pr\u00e1vny z\u00e1klad sprac\u00favania osobn\u00fdch \u00fadajov dotknut\u00fdch os\u00f4b \u00da\u010del sprac\u00favania osobn\u00fdch \u00fadajov dotknut\u00fdch os\u00f4b Rozsah a sp\u00f4sob sprac\u00favania osobn\u00fdch \u00fadajov dotknut\u00fdch os\u00f4b Pr\u00e1va dotknutej osoby Sprac\u00favanie s\u00faborov cookie \u00darad na ochranu osobn\u00fdch \u00fadajov Slovenskej republiky Formul\u00e1re na stiahnutie","og_url":"https:\/\/glycanostics.com\/sk\/gdpr\/","og_site_name":"Glycanostics","article_modified_time":"2025-02-14T14:37:55+00:00","twitter_card":"summary_large_image","twitter_misc":{"Predpokladan\u00fd \u010das \u010d\u00edtania":"1 min\u00fata"},"schema":{"@context":"https:\/\/schema.org","@graph":[{"@type":"WebPage","@id":"https:\/\/glycanostics.com\/sk\/gdpr\/","url":"https:\/\/glycanostics.com\/sk\/gdpr\/","name":"GDPR - Glycanostics","isPartOf":{"@id":"https:\/\/glycanostics.com\/#website"},"datePublished":"2024-12-10T12:28:45+00:00","dateModified":"2025-02-14T14:37:55+00:00","breadcrumb":{"@id":"https:\/\/glycanostics.com\/sk\/gdpr\/#breadcrumb"},"inLanguage":"sk-SK","potentialAction":[{"@type":"ReadAction","target":["https:\/\/glycanostics.com\/sk\/gdpr\/"]}]},{"@type":"BreadcrumbList","@id":"https:\/\/glycanostics.com\/sk\/gdpr\/#breadcrumb","itemListElement":[{"@type":"ListItem","position":1,"name":"Home","item":"https:\/\/glycanostics.com\/"},{"@type":"ListItem","position":2,"name":"GDPR"}]},{"@type":"WebSite","@id":"https:\/\/glycanostics.com\/#website","url":"https:\/\/glycanostics.com\/","name":"Glycanostics","description":"","potentialAction":[{"@type":"SearchAction","target":{"@type":"EntryPoint","urlTemplate":"https:\/\/glycanostics.com\/?s={search_term_string}"},"query-input":"required name=search_term_string"}],"inLanguage":"sk-SK"}]}},"_links":{"self":[{"href":"https:\/\/glycanostics.com\/sk\/wp-json\/wp\/v2\/pages\/3248"}],"collection":[{"href":"https:\/\/glycanostics.com\/sk\/wp-json\/wp\/v2\/pages"}],"about":[{"href":"https:\/\/glycanostics.com\/sk\/wp-json\/wp\/v2\/types\/page"}],"author":[{"embeddable":true,"href":"https:\/\/glycanostics.com\/sk\/wp-json\/wp\/v2\/users\/5"}],"replies":[{"embeddable":true,"href":"https:\/\/glycanostics.com\/sk\/wp-json\/wp\/v2\/comments?post=3248"}],"version-history":[{"count":6,"href":"https:\/\/glycanostics.com\/sk\/wp-json\/wp\/v2\/pages\/3248\/revisions"}],"predecessor-version":[{"id":3447,"href":"https:\/\/glycanostics.com\/sk\/wp-json\/wp\/v2\/pages\/3248\/revisions\/3447"}],"wp:attachment":[{"href":"https:\/\/glycanostics.com\/sk\/wp-json\/wp\/v2\/media?parent=3248"}],"curies":[{"name":"wp","href":"https:\/\/api.w.org\/{rel}","templated":true}]}}