{"id":3254,"date":"2024-12-10T13:39:06","date_gmt":"2024-12-10T12:39:06","guid":{"rendered":"https:\/\/glycanostics.com\/?page_id=3254"},"modified":"2024-12-12T13:34:27","modified_gmt":"2024-12-12T12:34:27","slug":"pravny-zaklad-spracovavania-os-udajov-dotknutych-osob","status":"publish","type":"page","link":"https:\/\/glycanostics.com\/sk\/pravny-zaklad-spracovavania-os-udajov-dotknutych-osob\/","title":{"rendered":"Pr\u00e1vny z\u00e1klad sprac\u00favania os.\u00fadajov dotknut\u00fdch os\u00f4b"},"content":{"rendered":"\t\t<div data-elementor-type=\"wp-page\" data-elementor-id=\"3254\" class=\"elementor elementor-3254\">\n\t\t\t\t\t\t\t\t\t<section data-particle_enable=\"false\" data-particle-mobile-disabled=\"false\" class=\"elementor-section elementor-top-section elementor-element elementor-element-b189658 elementor-section-boxed elementor-section-height-default elementor-section-height-default\" data-id=\"b189658\" data-element_type=\"section\">\n\t\t\t\t\t\t<div class=\"elementor-container elementor-column-gap-default\">\n\t\t\t\t\t<div class=\"elementor-column elementor-col-100 elementor-top-column elementor-element elementor-element-e21c8bc\" data-id=\"e21c8bc\" data-element_type=\"column\">\n\t\t\t<div class=\"elementor-widget-wrap elementor-element-populated\">\n\t\t\t\t\t\t\t\t<div class=\"elementor-element elementor-element-a5b3722 elementor-widget elementor-widget-spacer\" data-id=\"a5b3722\" data-element_type=\"widget\" data-widget_type=\"spacer.default\">\n\t\t\t\t<div class=\"elementor-widget-container\">\n\t\t\t\t\t<div class=\"elementor-spacer\">\n\t\t\t<div class=\"elementor-spacer-inner\"><\/div>\n\t\t<\/div>\n\t\t\t\t<\/div>\n\t\t\t\t<\/div>\n\t\t\t\t\t<\/div>\n\t\t<\/div>\n\t\t\t\t\t\t\t<\/div>\n\t\t<\/section>\n\t\t\t\t<section data-particle_enable=\"false\" data-particle-mobile-disabled=\"false\" class=\"elementor-section elementor-top-section elementor-element elementor-element-0c60a80 elementor-section-boxed elementor-section-height-default elementor-section-height-default\" data-id=\"0c60a80\" data-element_type=\"section\">\n\t\t\t\t\t\t<div class=\"elementor-container elementor-column-gap-default\">\n\t\t\t\t\t<div class=\"elementor-column elementor-col-100 elementor-top-column elementor-element elementor-element-c17b413\" data-id=\"c17b413\" data-element_type=\"column\">\n\t\t\t<div class=\"elementor-widget-wrap elementor-element-populated\">\n\t\t\t\t\t\t\t\t<div class=\"elementor-element elementor-element-59439a9 elementor-widget elementor-widget-heading\" data-id=\"59439a9\" data-element_type=\"widget\" data-widget_type=\"heading.default\">\n\t\t\t\t<div class=\"elementor-widget-container\">\n\t\t\t<h2 class=\"elementor-heading-title elementor-size-default\">Pr\u00e1vny z\u00e1klad sprac\u00favania osobn\u00fdch \u00fadajov dotknut\u00fdch os\u00f4b<\/h2>\t\t<\/div>\n\t\t\t\t<\/div>\n\t\t\t\t\t<\/div>\n\t\t<\/div>\n\t\t\t\t\t\t\t<\/div>\n\t\t<\/section>\n\t\t\t\t<section data-particle_enable=\"false\" data-particle-mobile-disabled=\"false\" class=\"elementor-section elementor-top-section elementor-element elementor-element-610439a elementor-section-boxed elementor-section-height-default elementor-section-height-default\" data-id=\"610439a\" data-element_type=\"section\">\n\t\t\t\t\t\t<div class=\"elementor-container elementor-column-gap-default\">\n\t\t\t\t\t<div class=\"elementor-column elementor-col-100 elementor-top-column elementor-element elementor-element-329de7e\" data-id=\"329de7e\" data-element_type=\"column\">\n\t\t\t<div class=\"elementor-widget-wrap elementor-element-populated\">\n\t\t\t\t\t\t\t\t<div class=\"elementor-element elementor-element-0592d18 elementor-widget-divider--view-line elementor-widget elementor-widget-divider\" data-id=\"0592d18\" data-element_type=\"widget\" data-widget_type=\"divider.default\">\n\t\t\t\t<div class=\"elementor-widget-container\">\n\t\t\t\t\t<div class=\"elementor-divider\">\n\t\t\t<span class=\"elementor-divider-separator\">\n\t\t\t\t\t\t<\/span>\n\t\t<\/div>\n\t\t\t\t<\/div>\n\t\t\t\t<\/div>\n\t\t\t\t\t<\/div>\n\t\t<\/div>\n\t\t\t\t\t\t\t<\/div>\n\t\t<\/section>\n\t\t\t\t<section data-particle_enable=\"false\" data-particle-mobile-disabled=\"false\" class=\"elementor-section elementor-top-section elementor-element elementor-element-fe7e7bd elementor-section-boxed elementor-section-height-default elementor-section-height-default\" data-id=\"fe7e7bd\" data-element_type=\"section\">\n\t\t\t\t\t\t<div class=\"elementor-container elementor-column-gap-default\">\n\t\t\t\t\t<div class=\"elementor-column elementor-col-100 elementor-top-column elementor-element elementor-element-259ab22\" data-id=\"259ab22\" data-element_type=\"column\">\n\t\t\t<div class=\"elementor-widget-wrap elementor-element-populated\">\n\t\t\t\t\t\t\t\t<div class=\"elementor-element elementor-element-d07f6e8 elementor-widget elementor-widget-text-editor\" data-id=\"d07f6e8\" data-element_type=\"widget\" data-widget_type=\"text-editor.default\">\n\t\t\t\t<div class=\"elementor-widget-container\">\n\t\t\t\t\t\t\t<p>Spolo\u010dnos\u0165\u00a0sprac\u00fava Va\u0161e osobn\u00e9 \u00fadaje v zmysle <em>\u010dl\u00e1nku<\/em> <em>6 nariadenia GDPR<\/em>, resp. <em>\u00a7 13 Z\u00e1kona. <\/em>V\u00a0pr\u00edpade, ak \u00fa\u010del sprac\u00favania osobn\u00fdch \u00fadajov, okruh dotknut\u00fdch os\u00f4b a\u00a0zoznam osobn\u00fdch \u00fadajov ustanovuje priamo vykonate\u013en\u00fd akt Eur\u00f3pskej \u00fanie (E\u00da), medzin\u00e1rodn\u00e1 zmluva, ktorou je Slovensk\u00e1 republika viazan\u00e1, z\u00e1kon o\u00a0ochrane osobn\u00fdch \u00fadajov alebo osobitn\u00fd z\u00e1kon, je spolo\u010dnos\u0165 v zmysle nariadenia GDPR a Z\u00e1kona opr\u00e1vnen\u00e1 sprac\u00fava\u0165 osobn\u00e9 \u00fadaje bez s\u00fahlasu dotknutej osoby. Ak zoznam alebo rozsah osobn\u00fdch \u00fadajov nie je ustanoven\u00fd, spolo\u010dnos\u0165 m\u00f4\u017ee sprac\u00fava\u0165 osobn\u00e9 \u00fadaje len v rozsahu a sp\u00f4sobom, ktor\u00fd je nevyhnutn\u00fd na dosiahnutie ustanoven\u00e9ho \u00fa\u010delu sprac\u00favania pri dodr\u017ean\u00ed z\u00e1kladn\u00fdch povinnost\u00ed pod\u013ea Z\u00e1kona.<\/p>\t\t\t\t\t\t<\/div>\n\t\t\t\t<\/div>\n\t\t\t\t\t<\/div>\n\t\t<\/div>\n\t\t\t\t\t\t\t<\/div>\n\t\t<\/section>\n\t\t\t\t<section data-particle_enable=\"false\" data-particle-mobile-disabled=\"false\" class=\"elementor-section elementor-top-section elementor-element elementor-element-4e939f0 elementor-section-boxed elementor-section-height-default elementor-section-height-default\" data-id=\"4e939f0\" data-element_type=\"section\">\n\t\t\t\t\t\t<div class=\"elementor-container elementor-column-gap-default\">\n\t\t\t\t\t<div class=\"elementor-column elementor-col-100 elementor-top-column elementor-element elementor-element-829e689\" data-id=\"829e689\" data-element_type=\"column\">\n\t\t\t<div class=\"elementor-widget-wrap elementor-element-populated\">\n\t\t\t\t\t\t\t\t<div class=\"elementor-element elementor-element-696c239 elementor-widget elementor-widget-text-editor\" data-id=\"696c239\" data-element_type=\"widget\" data-widget_type=\"text-editor.default\">\n\t\t\t\t<div class=\"elementor-widget-container\">\n\t\t\t\t\t\t\t<p>Spolo\u010dnos\u0165 sprac\u00fava osobn\u00e9 \u00fadaje bez s\u00fahlasu dotknutej osoby aj vtedy, ak:<\/p><p>a) sprac\u00favanie osobn\u00fdch \u00fadajov je nevyhnutn\u00e9 na plnenie zmluvy, ktorej zmluvnou stranou je\u00a0dotknut\u00e1 osoba, alebo na vykonanie opatrenia pred uzatvoren\u00edm zmluvy na z\u00e1klade \u017eiadosti dotknutej osoby;<\/p><p>b) sprac\u00favanie osobn\u00fdch \u00fadajov je nevyhnutn\u00e9 pod\u013ea osobitn\u00e9ho predpisu alebo medzin\u00e1rodnej zmluvy, ktorou je Slovensk\u00e1 republika viazan\u00e1;<\/p><p>c) sprac\u00favanie osobn\u00fdch \u00fadajov je nevyhnutn\u00e9 na ochranu \u017eivota, zdravia alebo majetku dotknutej osoby alebo inej fyzickej osoby;<\/p><p>d) sprac\u00favanie osobn\u00fdch \u00fadajov je nevyhnutn\u00e9 na splnenie \u00falohy realizovanej vo verejnom z\u00e1ujme alebo pri v\u00fdkone verejnej moci zverenej prev\u00e1dzkovate\u013eovi, alebo<\/p><p>e) sprac\u00favanie osobn\u00fdch \u00fadajov je nevyhnutn\u00e9 na \u00fa\u010del opr\u00e1vnen\u00fdch z\u00e1ujmov prev\u00e1dzkovate\u013ea alebo tretej strany okrem pr\u00edpadov, ke\u010f nad t\u00fdmito z\u00e1ujmami preva\u017euj\u00fa z\u00e1ujmy alebo pr\u00e1va dotknutej osoby vy\u017eaduj\u00face si ochranu osobn\u00fdch \u00fadajov, najm\u00e4 ak je dotknutou osobou die\u0165a; tento pr\u00e1vny z\u00e1klad sa nevz\u0165ahuje na sprac\u00favanie osobn\u00fdch \u00fadajov org\u00e1nmi verejnej moci pri plnen\u00ed ich \u00faloh.<\/p><p>Spolo\u010dnos\u0165 m\u00f4\u017ee sprac\u00fava\u0165 osobn\u00e9 \u00fadaje aj na z\u00e1klade viacer\u00fdch pr\u00e1vnych z\u00e1kladov.<\/p>\t\t\t\t\t\t<\/div>\n\t\t\t\t<\/div>\n\t\t\t\t\t<\/div>\n\t\t<\/div>\n\t\t\t\t\t\t\t<\/div>\n\t\t<\/section>\n\t\t\t\t<section data-particle_enable=\"false\" data-particle-mobile-disabled=\"false\" class=\"elementor-section elementor-top-section elementor-element elementor-element-a733dcd elementor-section-boxed elementor-section-height-default elementor-section-height-default\" data-id=\"a733dcd\" data-element_type=\"section\">\n\t\t\t\t\t\t<div class=\"elementor-container elementor-column-gap-default\">\n\t\t\t\t\t<div class=\"elementor-column elementor-col-100 elementor-top-column elementor-element elementor-element-810ddc1\" data-id=\"810ddc1\" data-element_type=\"column\">\n\t\t\t<div class=\"elementor-widget-wrap elementor-element-populated\">\n\t\t\t\t\t\t\t\t<div class=\"elementor-element elementor-element-a523955 elementor-widget elementor-widget-text-editor\" data-id=\"a523955\" data-element_type=\"widget\" data-widget_type=\"text-editor.default\">\n\t\t\t\t<div class=\"elementor-widget-container\">\n\t\t\t\t\t\t\t<p>V\u00a0pr\u00edpade, ak sa na sprac\u00favanie osobn\u00fdch \u00fadajov neuplat\u0148uje \u017eiaden z\u00a0vy\u0161\u0161ie uveden\u00fdch pr\u00e1vnych z\u00e1kladov, je spolo\u010dnos\u0165 ako prev\u00e1dzkovate\u013e opr\u00e1vnen\u00e1 sprac\u00fava\u0165 osobn\u00e9 \u00fadaje len so s\u00fahlasom dotknutej osoby a\u00a0to aspo\u0148 na jeden konkr\u00e9tny \u00fa\u010del.<\/p>\t\t\t\t\t\t<\/div>\n\t\t\t\t<\/div>\n\t\t\t\t\t<\/div>\n\t\t<\/div>\n\t\t\t\t\t\t\t<\/div>\n\t\t<\/section>\n\t\t\t\t\t\t\t<\/div>\n\t\t","protected":false},"excerpt":{"rendered":"<p>Pr\u00e1vny z\u00e1klad sprac\u00favania osobn\u00fdch \u00fadajov dotknut\u00fdch os\u00f4b Spolo\u010dnos\u0165\u00a0sprac\u00fava Va\u0161e osobn\u00e9 \u00fadaje v zmysle \u010dl\u00e1nku 6 nariadenia GDPR, resp. \u00a7 13 Z\u00e1kona. V\u00a0pr\u00edpade, ak \u00fa\u010del sprac\u00favania osobn\u00fdch \u00fadajov, okruh dotknut\u00fdch os\u00f4b a\u00a0zoznam osobn\u00fdch \u00fadajov ustanovuje priamo vykonate\u013en\u00fd akt Eur\u00f3pskej \u00fanie (E\u00da), medzin\u00e1rodn\u00e1 zmluva, ktorou je Slovensk\u00e1 republika viazan\u00e1, z\u00e1kon o\u00a0ochrane osobn\u00fdch \u00fadajov alebo osobitn\u00fd z\u00e1kon, je [&hellip;]<\/p>\n","protected":false},"author":5,"featured_media":0,"parent":0,"menu_order":0,"comment_status":"closed","ping_status":"closed","template":"elementor_header_footer","meta":{"inline_featured_image":false,"_mi_skip_tracking":false,"_monsterinsights_sitenote_active":false,"_monsterinsights_sitenote_note":"","_monsterinsights_sitenote_category":0,"footnotes":""},"yoast_head":"<!-- This site is optimized with the Yoast SEO plugin v21.5 - https:\/\/yoast.com\/wordpress\/plugins\/seo\/ -->\n<title>Pr\u00e1vny z\u00e1klad sprac\u00favania os.\u00fadajov dotknut\u00fdch os\u00f4b - Glycanostics<\/title>\n<meta name=\"robots\" content=\"index, follow, max-snippet:-1, max-image-preview:large, max-video-preview:-1\" \/>\n<link rel=\"canonical\" href=\"https:\/\/glycanostics.com\/sk\/pravny-zaklad-spracovavania-os-udajov-dotknutych-osob\/\" \/>\n<meta property=\"og:locale\" content=\"sk_SK\" \/>\n<meta property=\"og:type\" content=\"article\" \/>\n<meta property=\"og:title\" content=\"Pr\u00e1vny z\u00e1klad sprac\u00favania os.\u00fadajov dotknut\u00fdch os\u00f4b - Glycanostics\" \/>\n<meta property=\"og:description\" content=\"Pr\u00e1vny z\u00e1klad sprac\u00favania osobn\u00fdch \u00fadajov dotknut\u00fdch os\u00f4b Spolo\u010dnos\u0165\u00a0sprac\u00fava Va\u0161e osobn\u00e9 \u00fadaje v zmysle \u010dl\u00e1nku 6 nariadenia GDPR, resp. \u00a7 13 Z\u00e1kona. V\u00a0pr\u00edpade, ak \u00fa\u010del sprac\u00favania osobn\u00fdch \u00fadajov, okruh dotknut\u00fdch os\u00f4b a\u00a0zoznam osobn\u00fdch \u00fadajov ustanovuje priamo vykonate\u013en\u00fd akt Eur\u00f3pskej \u00fanie (E\u00da), medzin\u00e1rodn\u00e1 zmluva, ktorou je Slovensk\u00e1 republika viazan\u00e1, z\u00e1kon o\u00a0ochrane osobn\u00fdch \u00fadajov alebo osobitn\u00fd z\u00e1kon, je [&hellip;]\" \/>\n<meta property=\"og:url\" content=\"https:\/\/glycanostics.com\/sk\/pravny-zaklad-spracovavania-os-udajov-dotknutych-osob\/\" \/>\n<meta property=\"og:site_name\" content=\"Glycanostics\" \/>\n<meta property=\"article:modified_time\" content=\"2024-12-12T12:34:27+00:00\" \/>\n<meta name=\"twitter:card\" content=\"summary_large_image\" \/>\n<meta name=\"twitter:label1\" content=\"Predpokladan\u00fd \u010das \u010d\u00edtania\" \/>\n\t<meta name=\"twitter:data1\" content=\"2 min\u00faty\" \/>\n<script type=\"application\/ld+json\" class=\"yoast-schema-graph\">{\"@context\":\"https:\/\/schema.org\",\"@graph\":[{\"@type\":\"WebPage\",\"@id\":\"https:\/\/glycanostics.com\/sk\/pravny-zaklad-spracovavania-os-udajov-dotknutych-osob\/\",\"url\":\"https:\/\/glycanostics.com\/sk\/pravny-zaklad-spracovavania-os-udajov-dotknutych-osob\/\",\"name\":\"Pr\u00e1vny z\u00e1klad sprac\u00favania os.\u00fadajov dotknut\u00fdch os\u00f4b - Glycanostics\",\"isPartOf\":{\"@id\":\"https:\/\/glycanostics.com\/#website\"},\"datePublished\":\"2024-12-10T12:39:06+00:00\",\"dateModified\":\"2024-12-12T12:34:27+00:00\",\"breadcrumb\":{\"@id\":\"https:\/\/glycanostics.com\/sk\/pravny-zaklad-spracovavania-os-udajov-dotknutych-osob\/#breadcrumb\"},\"inLanguage\":\"sk-SK\",\"potentialAction\":[{\"@type\":\"ReadAction\",\"target\":[\"https:\/\/glycanostics.com\/sk\/pravny-zaklad-spracovavania-os-udajov-dotknutych-osob\/\"]}]},{\"@type\":\"BreadcrumbList\",\"@id\":\"https:\/\/glycanostics.com\/sk\/pravny-zaklad-spracovavania-os-udajov-dotknutych-osob\/#breadcrumb\",\"itemListElement\":[{\"@type\":\"ListItem\",\"position\":1,\"name\":\"Home\",\"item\":\"https:\/\/glycanostics.com\/\"},{\"@type\":\"ListItem\",\"position\":2,\"name\":\"Pr\u00e1vny z\u00e1klad sprac\u00favania os.\u00fadajov dotknut\u00fdch os\u00f4b\"}]},{\"@type\":\"WebSite\",\"@id\":\"https:\/\/glycanostics.com\/#website\",\"url\":\"https:\/\/glycanostics.com\/\",\"name\":\"Glycanostics\",\"description\":\"\",\"potentialAction\":[{\"@type\":\"SearchAction\",\"target\":{\"@type\":\"EntryPoint\",\"urlTemplate\":\"https:\/\/glycanostics.com\/?s={search_term_string}\"},\"query-input\":\"required name=search_term_string\"}],\"inLanguage\":\"sk-SK\"}]}<\/script>\n<!-- \/ Yoast SEO plugin. -->","yoast_head_json":{"title":"Pr\u00e1vny z\u00e1klad sprac\u00favania os.\u00fadajov dotknut\u00fdch os\u00f4b - Glycanostics","robots":{"index":"index","follow":"follow","max-snippet":"max-snippet:-1","max-image-preview":"max-image-preview:large","max-video-preview":"max-video-preview:-1"},"canonical":"https:\/\/glycanostics.com\/sk\/pravny-zaklad-spracovavania-os-udajov-dotknutych-osob\/","og_locale":"sk_SK","og_type":"article","og_title":"Pr\u00e1vny z\u00e1klad sprac\u00favania os.\u00fadajov dotknut\u00fdch os\u00f4b - Glycanostics","og_description":"Pr\u00e1vny z\u00e1klad sprac\u00favania osobn\u00fdch \u00fadajov dotknut\u00fdch os\u00f4b Spolo\u010dnos\u0165\u00a0sprac\u00fava Va\u0161e osobn\u00e9 \u00fadaje v zmysle \u010dl\u00e1nku 6 nariadenia GDPR, resp. \u00a7 13 Z\u00e1kona. V\u00a0pr\u00edpade, ak \u00fa\u010del sprac\u00favania osobn\u00fdch \u00fadajov, okruh dotknut\u00fdch os\u00f4b a\u00a0zoznam osobn\u00fdch \u00fadajov ustanovuje priamo vykonate\u013en\u00fd akt Eur\u00f3pskej \u00fanie (E\u00da), medzin\u00e1rodn\u00e1 zmluva, ktorou je Slovensk\u00e1 republika viazan\u00e1, z\u00e1kon o\u00a0ochrane osobn\u00fdch \u00fadajov alebo osobitn\u00fd z\u00e1kon, je [&hellip;]","og_url":"https:\/\/glycanostics.com\/sk\/pravny-zaklad-spracovavania-os-udajov-dotknutych-osob\/","og_site_name":"Glycanostics","article_modified_time":"2024-12-12T12:34:27+00:00","twitter_card":"summary_large_image","twitter_misc":{"Predpokladan\u00fd \u010das \u010d\u00edtania":"2 min\u00faty"},"schema":{"@context":"https:\/\/schema.org","@graph":[{"@type":"WebPage","@id":"https:\/\/glycanostics.com\/sk\/pravny-zaklad-spracovavania-os-udajov-dotknutych-osob\/","url":"https:\/\/glycanostics.com\/sk\/pravny-zaklad-spracovavania-os-udajov-dotknutych-osob\/","name":"Pr\u00e1vny z\u00e1klad sprac\u00favania os.\u00fadajov dotknut\u00fdch os\u00f4b - Glycanostics","isPartOf":{"@id":"https:\/\/glycanostics.com\/#website"},"datePublished":"2024-12-10T12:39:06+00:00","dateModified":"2024-12-12T12:34:27+00:00","breadcrumb":{"@id":"https:\/\/glycanostics.com\/sk\/pravny-zaklad-spracovavania-os-udajov-dotknutych-osob\/#breadcrumb"},"inLanguage":"sk-SK","potentialAction":[{"@type":"ReadAction","target":["https:\/\/glycanostics.com\/sk\/pravny-zaklad-spracovavania-os-udajov-dotknutych-osob\/"]}]},{"@type":"BreadcrumbList","@id":"https:\/\/glycanostics.com\/sk\/pravny-zaklad-spracovavania-os-udajov-dotknutych-osob\/#breadcrumb","itemListElement":[{"@type":"ListItem","position":1,"name":"Home","item":"https:\/\/glycanostics.com\/"},{"@type":"ListItem","position":2,"name":"Pr\u00e1vny z\u00e1klad sprac\u00favania os.\u00fadajov dotknut\u00fdch os\u00f4b"}]},{"@type":"WebSite","@id":"https:\/\/glycanostics.com\/#website","url":"https:\/\/glycanostics.com\/","name":"Glycanostics","description":"","potentialAction":[{"@type":"SearchAction","target":{"@type":"EntryPoint","urlTemplate":"https:\/\/glycanostics.com\/?s={search_term_string}"},"query-input":"required name=search_term_string"}],"inLanguage":"sk-SK"}]}},"_links":{"self":[{"href":"https:\/\/glycanostics.com\/sk\/wp-json\/wp\/v2\/pages\/3254"}],"collection":[{"href":"https:\/\/glycanostics.com\/sk\/wp-json\/wp\/v2\/pages"}],"about":[{"href":"https:\/\/glycanostics.com\/sk\/wp-json\/wp\/v2\/types\/page"}],"author":[{"embeddable":true,"href":"https:\/\/glycanostics.com\/sk\/wp-json\/wp\/v2\/users\/5"}],"replies":[{"embeddable":true,"href":"https:\/\/glycanostics.com\/sk\/wp-json\/wp\/v2\/comments?post=3254"}],"version-history":[{"count":6,"href":"https:\/\/glycanostics.com\/sk\/wp-json\/wp\/v2\/pages\/3254\/revisions"}],"predecessor-version":[{"id":3366,"href":"https:\/\/glycanostics.com\/sk\/wp-json\/wp\/v2\/pages\/3254\/revisions\/3366"}],"wp:attachment":[{"href":"https:\/\/glycanostics.com\/sk\/wp-json\/wp\/v2\/media?parent=3254"}],"curies":[{"name":"wp","href":"https:\/\/api.w.org\/{rel}","templated":true}]}}