{"id":3257,"date":"2024-12-10T13:39:55","date_gmt":"2024-12-10T12:39:55","guid":{"rendered":"https:\/\/glycanostics.com\/?page_id=3257"},"modified":"2024-12-12T13:23:58","modified_gmt":"2024-12-12T12:23:58","slug":"ucel-spracovavania-os-udajov-dotknutych-osob","status":"publish","type":"page","link":"https:\/\/glycanostics.com\/sk\/ucel-spracovavania-os-udajov-dotknutych-osob\/","title":{"rendered":"\u00da\u010del sprac\u00favania os.\u00fadajov dotknut\u00fdch os\u00f4b"},"content":{"rendered":"\t\t<div data-elementor-type=\"wp-page\" data-elementor-id=\"3257\" class=\"elementor elementor-3257\">\n\t\t\t\t\t\t\t\t\t<section data-particle_enable=\"false\" data-particle-mobile-disabled=\"false\" class=\"elementor-section elementor-top-section elementor-element elementor-element-10cbd80 elementor-section-boxed elementor-section-height-default elementor-section-height-default\" data-id=\"10cbd80\" data-element_type=\"section\">\n\t\t\t\t\t\t<div class=\"elementor-container elementor-column-gap-default\">\n\t\t\t\t\t<div class=\"elementor-column elementor-col-100 elementor-top-column elementor-element elementor-element-74c1378\" data-id=\"74c1378\" data-element_type=\"column\">\n\t\t\t<div class=\"elementor-widget-wrap elementor-element-populated\">\n\t\t\t\t\t\t\t\t<div class=\"elementor-element elementor-element-be20e94 elementor-widget elementor-widget-spacer\" data-id=\"be20e94\" data-element_type=\"widget\" data-widget_type=\"spacer.default\">\n\t\t\t\t<div class=\"elementor-widget-container\">\n\t\t\t\t\t<div class=\"elementor-spacer\">\n\t\t\t<div class=\"elementor-spacer-inner\"><\/div>\n\t\t<\/div>\n\t\t\t\t<\/div>\n\t\t\t\t<\/div>\n\t\t\t\t\t<\/div>\n\t\t<\/div>\n\t\t\t\t\t\t\t<\/div>\n\t\t<\/section>\n\t\t\t\t<section data-particle_enable=\"false\" data-particle-mobile-disabled=\"false\" class=\"elementor-section elementor-top-section elementor-element elementor-element-25bc6c9 elementor-section-boxed elementor-section-height-default elementor-section-height-default\" data-id=\"25bc6c9\" data-element_type=\"section\">\n\t\t\t\t\t\t<div class=\"elementor-container elementor-column-gap-default\">\n\t\t\t\t\t<div class=\"elementor-column elementor-col-100 elementor-top-column elementor-element elementor-element-cbc9b88\" data-id=\"cbc9b88\" data-element_type=\"column\">\n\t\t\t<div class=\"elementor-widget-wrap elementor-element-populated\">\n\t\t\t\t\t\t\t\t<div class=\"elementor-element elementor-element-00b1fe5 elementor-widget elementor-widget-heading\" data-id=\"00b1fe5\" data-element_type=\"widget\" data-widget_type=\"heading.default\">\n\t\t\t\t<div class=\"elementor-widget-container\">\n\t\t\t<h2 class=\"elementor-heading-title elementor-size-default\">\u00da\u010del sprac\u00favania osobn\u00fdch \u00fadajov dotknut\u00fdch os\u00f4b<\/h2>\t\t<\/div>\n\t\t\t\t<\/div>\n\t\t\t\t<div class=\"elementor-element elementor-element-4b894fb elementor-widget-divider--view-line elementor-widget elementor-widget-divider\" data-id=\"4b894fb\" data-element_type=\"widget\" data-widget_type=\"divider.default\">\n\t\t\t\t<div class=\"elementor-widget-container\">\n\t\t\t\t\t<div class=\"elementor-divider\">\n\t\t\t<span class=\"elementor-divider-separator\">\n\t\t\t\t\t\t<\/span>\n\t\t<\/div>\n\t\t\t\t<\/div>\n\t\t\t\t<\/div>\n\t\t\t\t\t<\/div>\n\t\t<\/div>\n\t\t\t\t\t\t\t<\/div>\n\t\t<\/section>\n\t\t\t\t<section data-particle_enable=\"false\" data-particle-mobile-disabled=\"false\" class=\"elementor-section elementor-top-section elementor-element elementor-element-3d79760 elementor-section-boxed elementor-section-height-default elementor-section-height-default\" data-id=\"3d79760\" data-element_type=\"section\">\n\t\t\t\t\t\t<div class=\"elementor-container elementor-column-gap-default\">\n\t\t\t\t\t<div class=\"elementor-column elementor-col-100 elementor-top-column elementor-element elementor-element-5994608\" data-id=\"5994608\" data-element_type=\"column\">\n\t\t\t<div class=\"elementor-widget-wrap elementor-element-populated\">\n\t\t\t\t\t\t\t\t<div class=\"elementor-element elementor-element-2367151 elementor-widget elementor-widget-text-editor\" data-id=\"2367151\" data-element_type=\"widget\" data-widget_type=\"text-editor.default\">\n\t\t\t\t<div class=\"elementor-widget-container\">\n\t\t\t\t\t\t\t<p>Pri sprac\u00favan\u00ed osobn\u00fdch \u00fadajov spolo\u010dnos\u0165 dodr\u017eiava z\u00e1sady sprac\u00favania osobn\u00fdch \u00fadajov definovan\u00e9 <em>v\u00a0\u010dl\u00e1nku 5 ods. 1 nariadenia GDPR<\/em>. Jednou zo z\u00e1sad sprac\u00favania osobn\u00fdch \u00fadajov je z\u00e1sada obmedzenia \u00fa\u010delu. V\u00a0zmysle tejto z\u00e1sady sa osobn\u00e9 \u00fadaje m\u00f4\u017eu z\u00edskava\u0165 len na konkr\u00e9tne ur\u010den\u00fd, v\u00fdslovne uveden\u00fd a opr\u00e1vnen\u00fd \u00fa\u010del, ktor\u00fd nesmie by\u0165 nelegit\u00edmny, a nesm\u00fa sa \u010falej sprac\u00fava\u0165 sp\u00f4sobom, ktor\u00fd nie je zlu\u010dite\u013en\u00fd s t\u00fdmto \u00fa\u010delom. \u00da\u010del mus\u00ed by\u0165 vymedzen\u00fd dostato\u010dne jasne a ur\u010dito tak, aby bolo zrejm\u00e9, ak\u00e9 spracovate\u013esk\u00e9 oper\u00e1cie bud\u00fa na jeho z\u00e1klade prebieha\u0165 alebo ak\u00e9 spracovate\u013esk\u00e9 oper\u00e1cie m\u00f4\u017ee dotknut\u00e1 osoba o\u010dak\u00e1va\u0165, \u017ee s jej osobn\u00fdmi \u00fadajmi m\u00f4\u017eu prebieha\u0165. \u00da\u010del je z\u00e1kladn\u00fdm obmedzuj\u00facim faktorom najm\u00e4 vo vz\u0165ahu k zoznamu alebo rozsahu sprac\u00favania osobn\u00fdch \u00fadajov a vo vz\u0165ahu k dobe sprac\u00favania, ako aj uchov\u00e1vania sprac\u00favan\u00fdch osobn\u00fdch \u00fadajov.<\/p>\t\t\t\t\t\t<\/div>\n\t\t\t\t<\/div>\n\t\t\t\t\t<\/div>\n\t\t<\/div>\n\t\t\t\t\t\t\t<\/div>\n\t\t<\/section>\n\t\t\t\t<section data-particle_enable=\"false\" data-particle-mobile-disabled=\"false\" class=\"elementor-section elementor-top-section elementor-element elementor-element-0d6c858 elementor-section-boxed elementor-section-height-default elementor-section-height-default\" data-id=\"0d6c858\" data-element_type=\"section\">\n\t\t\t\t\t\t<div class=\"elementor-container elementor-column-gap-default\">\n\t\t\t\t\t<div class=\"elementor-column elementor-col-100 elementor-top-column elementor-element elementor-element-335ddcc\" data-id=\"335ddcc\" data-element_type=\"column\">\n\t\t\t<div class=\"elementor-widget-wrap elementor-element-populated\">\n\t\t\t\t\t\t\t\t<div class=\"elementor-element elementor-element-d9a2205 elementor-widget elementor-widget-text-editor\" data-id=\"d9a2205\" data-element_type=\"widget\" data-widget_type=\"text-editor.default\">\n\t\t\t\t<div class=\"elementor-widget-container\">\n\t\t\t\t\t\t\t<p>Spolo\u010dnos\u0165 sprac\u00fava poskytnut\u00e9 osobn\u00e9 \u00fadaje za\u00a0viacer\u00fdmi \u00fa\u010delmi. Ide o\u00a0osobn\u00e9 \u00fadaje uch\u00e1dza\u010dov o\u00a0zamestnanie a osobn\u00e9 \u00fadaje svojich zamestnancov na \u00fa\u010dely person\u00e1lnej a\u00a0mzdovej agendy, a\u00a0s\u00a0t\u00fdm s\u00favisiacich z\u00e1konn\u00fdch povinnost\u00ed vypl\u00fdvaj\u00facich z\u00a0osobitn\u00fdch pr\u00e1vnych predpisov. Spolo\u010dnos\u0165 \u010falej sprac\u00fava aj osobn\u00e9 \u00fadaje svojich zmluvn\u00fdch partnerov za \u00fa\u010delom zabezpe\u010dovania svojej podnikate\u013eskej \u010dinnosti s\u00a0prihliadnut\u00edm na z\u00e1ujmy v\u0161etk\u00fdch zainteresovan\u00fdch str\u00e1n.<\/p>\t\t\t\t\t\t<\/div>\n\t\t\t\t<\/div>\n\t\t\t\t\t<\/div>\n\t\t<\/div>\n\t\t\t\t\t\t\t<\/div>\n\t\t<\/section>\n\t\t\t\t\t\t\t<\/div>\n\t\t","protected":false},"excerpt":{"rendered":"<p>\u00da\u010del sprac\u00favania osobn\u00fdch \u00fadajov dotknut\u00fdch os\u00f4b Pri sprac\u00favan\u00ed osobn\u00fdch \u00fadajov spolo\u010dnos\u0165 dodr\u017eiava z\u00e1sady sprac\u00favania osobn\u00fdch \u00fadajov definovan\u00e9 v\u00a0\u010dl\u00e1nku 5 ods. 1 nariadenia GDPR. Jednou zo z\u00e1sad sprac\u00favania osobn\u00fdch \u00fadajov je z\u00e1sada obmedzenia \u00fa\u010delu. V\u00a0zmysle tejto z\u00e1sady sa osobn\u00e9 \u00fadaje m\u00f4\u017eu z\u00edskava\u0165 len na konkr\u00e9tne ur\u010den\u00fd, v\u00fdslovne uveden\u00fd a opr\u00e1vnen\u00fd \u00fa\u010del, ktor\u00fd nesmie by\u0165 nelegit\u00edmny, a [&hellip;]<\/p>\n","protected":false},"author":5,"featured_media":0,"parent":0,"menu_order":0,"comment_status":"closed","ping_status":"closed","template":"elementor_header_footer","meta":{"inline_featured_image":false,"_mi_skip_tracking":false,"_monsterinsights_sitenote_active":false,"_monsterinsights_sitenote_note":"","_monsterinsights_sitenote_category":0,"footnotes":""},"yoast_head":"<!-- This site is optimized with the Yoast SEO plugin v21.5 - https:\/\/yoast.com\/wordpress\/plugins\/seo\/ -->\n<title>\u00da\u010del sprac\u00favania os.\u00fadajov dotknut\u00fdch os\u00f4b - Glycanostics<\/title>\n<meta name=\"robots\" content=\"index, follow, max-snippet:-1, max-image-preview:large, max-video-preview:-1\" \/>\n<link rel=\"canonical\" href=\"https:\/\/glycanostics.com\/sk\/ucel-spracovavania-os-udajov-dotknutych-osob\/\" \/>\n<meta property=\"og:locale\" content=\"sk_SK\" \/>\n<meta property=\"og:type\" content=\"article\" \/>\n<meta property=\"og:title\" content=\"\u00da\u010del sprac\u00favania os.\u00fadajov dotknut\u00fdch os\u00f4b - Glycanostics\" \/>\n<meta property=\"og:description\" content=\"\u00da\u010del sprac\u00favania osobn\u00fdch \u00fadajov dotknut\u00fdch os\u00f4b Pri sprac\u00favan\u00ed osobn\u00fdch \u00fadajov spolo\u010dnos\u0165 dodr\u017eiava z\u00e1sady sprac\u00favania osobn\u00fdch \u00fadajov definovan\u00e9 v\u00a0\u010dl\u00e1nku 5 ods. 1 nariadenia GDPR. Jednou zo z\u00e1sad sprac\u00favania osobn\u00fdch \u00fadajov je z\u00e1sada obmedzenia \u00fa\u010delu. V\u00a0zmysle tejto z\u00e1sady sa osobn\u00e9 \u00fadaje m\u00f4\u017eu z\u00edskava\u0165 len na konkr\u00e9tne ur\u010den\u00fd, v\u00fdslovne uveden\u00fd a opr\u00e1vnen\u00fd \u00fa\u010del, ktor\u00fd nesmie by\u0165 nelegit\u00edmny, a [&hellip;]\" \/>\n<meta property=\"og:url\" content=\"https:\/\/glycanostics.com\/sk\/ucel-spracovavania-os-udajov-dotknutych-osob\/\" \/>\n<meta property=\"og:site_name\" content=\"Glycanostics\" \/>\n<meta property=\"article:modified_time\" content=\"2024-12-12T12:23:58+00:00\" \/>\n<meta name=\"twitter:card\" content=\"summary_large_image\" \/>\n<meta name=\"twitter:label1\" content=\"Predpokladan\u00fd \u010das \u010d\u00edtania\" \/>\n\t<meta name=\"twitter:data1\" content=\"2 min\u00faty\" \/>\n<script type=\"application\/ld+json\" class=\"yoast-schema-graph\">{\"@context\":\"https:\/\/schema.org\",\"@graph\":[{\"@type\":\"WebPage\",\"@id\":\"https:\/\/glycanostics.com\/sk\/ucel-spracovavania-os-udajov-dotknutych-osob\/\",\"url\":\"https:\/\/glycanostics.com\/sk\/ucel-spracovavania-os-udajov-dotknutych-osob\/\",\"name\":\"\u00da\u010del sprac\u00favania os.\u00fadajov dotknut\u00fdch os\u00f4b - Glycanostics\",\"isPartOf\":{\"@id\":\"https:\/\/glycanostics.com\/#website\"},\"datePublished\":\"2024-12-10T12:39:55+00:00\",\"dateModified\":\"2024-12-12T12:23:58+00:00\",\"breadcrumb\":{\"@id\":\"https:\/\/glycanostics.com\/sk\/ucel-spracovavania-os-udajov-dotknutych-osob\/#breadcrumb\"},\"inLanguage\":\"sk-SK\",\"potentialAction\":[{\"@type\":\"ReadAction\",\"target\":[\"https:\/\/glycanostics.com\/sk\/ucel-spracovavania-os-udajov-dotknutych-osob\/\"]}]},{\"@type\":\"BreadcrumbList\",\"@id\":\"https:\/\/glycanostics.com\/sk\/ucel-spracovavania-os-udajov-dotknutych-osob\/#breadcrumb\",\"itemListElement\":[{\"@type\":\"ListItem\",\"position\":1,\"name\":\"Home\",\"item\":\"https:\/\/glycanostics.com\/\"},{\"@type\":\"ListItem\",\"position\":2,\"name\":\"\u00da\u010del sprac\u00favania os.\u00fadajov dotknut\u00fdch os\u00f4b\"}]},{\"@type\":\"WebSite\",\"@id\":\"https:\/\/glycanostics.com\/#website\",\"url\":\"https:\/\/glycanostics.com\/\",\"name\":\"Glycanostics\",\"description\":\"\",\"potentialAction\":[{\"@type\":\"SearchAction\",\"target\":{\"@type\":\"EntryPoint\",\"urlTemplate\":\"https:\/\/glycanostics.com\/?s={search_term_string}\"},\"query-input\":\"required name=search_term_string\"}],\"inLanguage\":\"sk-SK\"}]}<\/script>\n<!-- \/ Yoast SEO plugin. -->","yoast_head_json":{"title":"\u00da\u010del sprac\u00favania os.\u00fadajov dotknut\u00fdch os\u00f4b - Glycanostics","robots":{"index":"index","follow":"follow","max-snippet":"max-snippet:-1","max-image-preview":"max-image-preview:large","max-video-preview":"max-video-preview:-1"},"canonical":"https:\/\/glycanostics.com\/sk\/ucel-spracovavania-os-udajov-dotknutych-osob\/","og_locale":"sk_SK","og_type":"article","og_title":"\u00da\u010del sprac\u00favania os.\u00fadajov dotknut\u00fdch os\u00f4b - Glycanostics","og_description":"\u00da\u010del sprac\u00favania osobn\u00fdch \u00fadajov dotknut\u00fdch os\u00f4b Pri sprac\u00favan\u00ed osobn\u00fdch \u00fadajov spolo\u010dnos\u0165 dodr\u017eiava z\u00e1sady sprac\u00favania osobn\u00fdch \u00fadajov definovan\u00e9 v\u00a0\u010dl\u00e1nku 5 ods. 1 nariadenia GDPR. Jednou zo z\u00e1sad sprac\u00favania osobn\u00fdch \u00fadajov je z\u00e1sada obmedzenia \u00fa\u010delu. V\u00a0zmysle tejto z\u00e1sady sa osobn\u00e9 \u00fadaje m\u00f4\u017eu z\u00edskava\u0165 len na konkr\u00e9tne ur\u010den\u00fd, v\u00fdslovne uveden\u00fd a opr\u00e1vnen\u00fd \u00fa\u010del, ktor\u00fd nesmie by\u0165 nelegit\u00edmny, a [&hellip;]","og_url":"https:\/\/glycanostics.com\/sk\/ucel-spracovavania-os-udajov-dotknutych-osob\/","og_site_name":"Glycanostics","article_modified_time":"2024-12-12T12:23:58+00:00","twitter_card":"summary_large_image","twitter_misc":{"Predpokladan\u00fd \u010das \u010d\u00edtania":"2 min\u00faty"},"schema":{"@context":"https:\/\/schema.org","@graph":[{"@type":"WebPage","@id":"https:\/\/glycanostics.com\/sk\/ucel-spracovavania-os-udajov-dotknutych-osob\/","url":"https:\/\/glycanostics.com\/sk\/ucel-spracovavania-os-udajov-dotknutych-osob\/","name":"\u00da\u010del sprac\u00favania os.\u00fadajov dotknut\u00fdch os\u00f4b - Glycanostics","isPartOf":{"@id":"https:\/\/glycanostics.com\/#website"},"datePublished":"2024-12-10T12:39:55+00:00","dateModified":"2024-12-12T12:23:58+00:00","breadcrumb":{"@id":"https:\/\/glycanostics.com\/sk\/ucel-spracovavania-os-udajov-dotknutych-osob\/#breadcrumb"},"inLanguage":"sk-SK","potentialAction":[{"@type":"ReadAction","target":["https:\/\/glycanostics.com\/sk\/ucel-spracovavania-os-udajov-dotknutych-osob\/"]}]},{"@type":"BreadcrumbList","@id":"https:\/\/glycanostics.com\/sk\/ucel-spracovavania-os-udajov-dotknutych-osob\/#breadcrumb","itemListElement":[{"@type":"ListItem","position":1,"name":"Home","item":"https:\/\/glycanostics.com\/"},{"@type":"ListItem","position":2,"name":"\u00da\u010del sprac\u00favania os.\u00fadajov dotknut\u00fdch os\u00f4b"}]},{"@type":"WebSite","@id":"https:\/\/glycanostics.com\/#website","url":"https:\/\/glycanostics.com\/","name":"Glycanostics","description":"","potentialAction":[{"@type":"SearchAction","target":{"@type":"EntryPoint","urlTemplate":"https:\/\/glycanostics.com\/?s={search_term_string}"},"query-input":"required name=search_term_string"}],"inLanguage":"sk-SK"}]}},"_links":{"self":[{"href":"https:\/\/glycanostics.com\/sk\/wp-json\/wp\/v2\/pages\/3257"}],"collection":[{"href":"https:\/\/glycanostics.com\/sk\/wp-json\/wp\/v2\/pages"}],"about":[{"href":"https:\/\/glycanostics.com\/sk\/wp-json\/wp\/v2\/types\/page"}],"author":[{"embeddable":true,"href":"https:\/\/glycanostics.com\/sk\/wp-json\/wp\/v2\/users\/5"}],"replies":[{"embeddable":true,"href":"https:\/\/glycanostics.com\/sk\/wp-json\/wp\/v2\/comments?post=3257"}],"version-history":[{"count":6,"href":"https:\/\/glycanostics.com\/sk\/wp-json\/wp\/v2\/pages\/3257\/revisions"}],"predecessor-version":[{"id":3357,"href":"https:\/\/glycanostics.com\/sk\/wp-json\/wp\/v2\/pages\/3257\/revisions\/3357"}],"wp:attachment":[{"href":"https:\/\/glycanostics.com\/sk\/wp-json\/wp\/v2\/media?parent=3257"}],"curies":[{"name":"wp","href":"https:\/\/api.w.org\/{rel}","templated":true}]}}