{"id":3259,"date":"2024-12-10T13:40:39","date_gmt":"2024-12-10T12:40:39","guid":{"rendered":"https:\/\/glycanostics.com\/?page_id=3259"},"modified":"2024-12-12T13:21:44","modified_gmt":"2024-12-12T12:21:44","slug":"rozsah-a-sposob-spracovavania-os-udajov-dotknutych-osob","status":"publish","type":"page","link":"https:\/\/glycanostics.com\/sk\/rozsah-a-sposob-spracovavania-os-udajov-dotknutych-osob\/","title":{"rendered":"Rozsah a sp\u00f4sob sprac\u00favania os.\u00fadajov dotknut\u00fdch os\u00f4b"},"content":{"rendered":"\t\t<div data-elementor-type=\"wp-page\" data-elementor-id=\"3259\" class=\"elementor elementor-3259\">\n\t\t\t\t\t\t\t\t\t<section data-particle_enable=\"false\" data-particle-mobile-disabled=\"false\" class=\"elementor-section elementor-top-section elementor-element elementor-element-79c09ec elementor-section-boxed elementor-section-height-default elementor-section-height-default\" data-id=\"79c09ec\" data-element_type=\"section\">\n\t\t\t\t\t\t<div class=\"elementor-container elementor-column-gap-default\">\n\t\t\t\t\t<div class=\"elementor-column elementor-col-100 elementor-top-column elementor-element elementor-element-9fcb982\" data-id=\"9fcb982\" data-element_type=\"column\">\n\t\t\t<div class=\"elementor-widget-wrap elementor-element-populated\">\n\t\t\t\t\t\t\t\t<div class=\"elementor-element elementor-element-a1402c4 elementor-widget elementor-widget-spacer\" data-id=\"a1402c4\" data-element_type=\"widget\" data-widget_type=\"spacer.default\">\n\t\t\t\t<div class=\"elementor-widget-container\">\n\t\t\t\t\t<div class=\"elementor-spacer\">\n\t\t\t<div class=\"elementor-spacer-inner\"><\/div>\n\t\t<\/div>\n\t\t\t\t<\/div>\n\t\t\t\t<\/div>\n\t\t\t\t\t<\/div>\n\t\t<\/div>\n\t\t\t\t\t\t\t<\/div>\n\t\t<\/section>\n\t\t\t\t<section data-particle_enable=\"false\" data-particle-mobile-disabled=\"false\" class=\"elementor-section elementor-top-section elementor-element elementor-element-9505b0a elementor-section-boxed elementor-section-height-default elementor-section-height-default\" data-id=\"9505b0a\" data-element_type=\"section\">\n\t\t\t\t\t\t<div class=\"elementor-container elementor-column-gap-default\">\n\t\t\t\t\t<div class=\"elementor-column elementor-col-100 elementor-top-column elementor-element elementor-element-f9b5b01\" data-id=\"f9b5b01\" data-element_type=\"column\">\n\t\t\t<div class=\"elementor-widget-wrap elementor-element-populated\">\n\t\t\t\t\t\t\t\t<div class=\"elementor-element elementor-element-d491678 elementor-widget elementor-widget-heading\" data-id=\"d491678\" data-element_type=\"widget\" data-widget_type=\"heading.default\">\n\t\t\t\t<div class=\"elementor-widget-container\">\n\t\t\t<h2 class=\"elementor-heading-title elementor-size-default\">Rozsah a sp\u00f4sob sprac\u00favania osobn\u00fdch \u00fadajov dotknut\u00fdch os\u00f4b<\/h2>\t\t<\/div>\n\t\t\t\t<\/div>\n\t\t\t\t\t<\/div>\n\t\t<\/div>\n\t\t\t\t\t\t\t<\/div>\n\t\t<\/section>\n\t\t\t\t<section data-particle_enable=\"false\" data-particle-mobile-disabled=\"false\" class=\"elementor-section elementor-top-section elementor-element elementor-element-bc393af elementor-section-boxed elementor-section-height-default elementor-section-height-default\" data-id=\"bc393af\" data-element_type=\"section\">\n\t\t\t\t\t\t<div class=\"elementor-container elementor-column-gap-default\">\n\t\t\t\t\t<div class=\"elementor-column elementor-col-100 elementor-top-column elementor-element elementor-element-275037f\" data-id=\"275037f\" data-element_type=\"column\">\n\t\t\t<div class=\"elementor-widget-wrap elementor-element-populated\">\n\t\t\t\t\t\t\t\t<div class=\"elementor-element elementor-element-21c33f9 elementor-widget-divider--view-line elementor-widget elementor-widget-divider\" data-id=\"21c33f9\" data-element_type=\"widget\" data-widget_type=\"divider.default\">\n\t\t\t\t<div class=\"elementor-widget-container\">\n\t\t\t\t\t<div class=\"elementor-divider\">\n\t\t\t<span class=\"elementor-divider-separator\">\n\t\t\t\t\t\t<\/span>\n\t\t<\/div>\n\t\t\t\t<\/div>\n\t\t\t\t<\/div>\n\t\t\t\t\t<\/div>\n\t\t<\/div>\n\t\t\t\t\t\t\t<\/div>\n\t\t<\/section>\n\t\t\t\t<section data-particle_enable=\"false\" data-particle-mobile-disabled=\"false\" class=\"elementor-section elementor-top-section elementor-element elementor-element-6539e1d elementor-section-boxed elementor-section-height-default elementor-section-height-default\" data-id=\"6539e1d\" data-element_type=\"section\">\n\t\t\t\t\t\t<div class=\"elementor-container elementor-column-gap-default\">\n\t\t\t\t\t<div class=\"elementor-column elementor-col-100 elementor-top-column elementor-element elementor-element-203747d\" data-id=\"203747d\" data-element_type=\"column\">\n\t\t\t<div class=\"elementor-widget-wrap elementor-element-populated\">\n\t\t\t\t\t\t\t\t<div class=\"elementor-element elementor-element-859f94d elementor-widget elementor-widget-text-editor\" data-id=\"859f94d\" data-element_type=\"widget\" data-widget_type=\"text-editor.default\">\n\t\t\t\t<div class=\"elementor-widget-container\">\n\t\t\t\t\t\t\t<p>Spolo\u010dnos\u0165 sprac\u00fava vo svojich informa\u010dn\u00fdch syst\u00e9moch osobn\u00e9 \u00fadaje dotknut\u00fdch os\u00f4b v rozsahu potrebnom na dosiahnutie stanoven\u00e9ho \u00fa\u010delu. Ide o rozsah osobn\u00fdch \u00fadajov stanoven\u00fdch osobitn\u00fdmi pr\u00e1vnymi predpismi alebo v rozsahu s\u00fahlasu dotknutej osoby na sprac\u00favanie jej osobn\u00fdch \u00fadajov. Spolo\u010dnos\u0165 sprac\u00fava iba osobn\u00e9 \u00fadaje, ktor\u00e9 jej boli poskytnut\u00e9 dobrovo\u013ene a\u00a0v\u00a0nevyhnutnej miere samotnou dotknutou osobou.<\/p>\t\t\t\t\t\t<\/div>\n\t\t\t\t<\/div>\n\t\t\t\t\t<\/div>\n\t\t<\/div>\n\t\t\t\t\t\t\t<\/div>\n\t\t<\/section>\n\t\t\t\t<section data-particle_enable=\"false\" data-particle-mobile-disabled=\"false\" class=\"elementor-section elementor-top-section elementor-element elementor-element-38b2a57 elementor-section-boxed elementor-section-height-default elementor-section-height-default\" data-id=\"38b2a57\" data-element_type=\"section\">\n\t\t\t\t\t\t<div class=\"elementor-container elementor-column-gap-default\">\n\t\t\t\t\t<div class=\"elementor-column elementor-col-100 elementor-top-column elementor-element elementor-element-13d9e53\" data-id=\"13d9e53\" data-element_type=\"column\">\n\t\t\t<div class=\"elementor-widget-wrap elementor-element-populated\">\n\t\t\t\t\t\t\t\t<div class=\"elementor-element elementor-element-92d9e8f elementor-widget elementor-widget-text-editor\" data-id=\"92d9e8f\" data-element_type=\"widget\" data-widget_type=\"text-editor.default\">\n\t\t\t\t<div class=\"elementor-widget-container\">\n\t\t\t\t\t\t\t<p>Spolo\u010dnos\u0165 sprac\u00fava vo svojich informa\u010dn\u00fdch syst\u00e9moch osobn\u00e9 \u00fadaje dotknut\u00fdch os\u00f4b automatizovan\u00fdmi i neautomatizovan\u00fdmi prostriedkami sprac\u00favania. Spolo\u010dnos\u0165 sprac\u00favan\u00e9 osobn\u00e9 \u00fadaje nezverej\u0148uje, okrem pr\u00edpadov, ak si to vy\u017eaduje osobitn\u00fd pr\u00e1vny predpis alebo rozhodnutie s\u00fadu alebo in\u00e9ho \u0161t\u00e1tneho org\u00e1nu.<\/p><p>Spolo\u010dnos\u0165 nebude sprac\u00fava\u0165 Va\u0161e osobn\u00e9 \u00fadaje bez V\u00e1\u0161ho v\u00fdslovn\u00e9ho s\u00fahlasu alebo in\u00e9ho z\u00e1konn\u00e9ho pr\u00e1vneho z\u00e1kladu za in\u00fdm \u00fa\u010delom.<\/p>\t\t\t\t\t\t<\/div>\n\t\t\t\t<\/div>\n\t\t\t\t\t<\/div>\n\t\t<\/div>\n\t\t\t\t\t\t\t<\/div>\n\t\t<\/section>\n\t\t\t\t\t\t\t<\/div>\n\t\t","protected":false},"excerpt":{"rendered":"<p>Rozsah a sp\u00f4sob sprac\u00favania osobn\u00fdch \u00fadajov dotknut\u00fdch os\u00f4b Spolo\u010dnos\u0165 sprac\u00fava vo svojich informa\u010dn\u00fdch syst\u00e9moch osobn\u00e9 \u00fadaje dotknut\u00fdch os\u00f4b v rozsahu potrebnom na dosiahnutie stanoven\u00e9ho \u00fa\u010delu. Ide o rozsah osobn\u00fdch \u00fadajov stanoven\u00fdch osobitn\u00fdmi pr\u00e1vnymi predpismi alebo v rozsahu s\u00fahlasu dotknutej osoby na sprac\u00favanie jej osobn\u00fdch \u00fadajov. Spolo\u010dnos\u0165 sprac\u00fava iba osobn\u00e9 \u00fadaje, ktor\u00e9 jej boli poskytnut\u00e9 dobrovo\u013ene [&hellip;]<\/p>\n","protected":false},"author":5,"featured_media":0,"parent":0,"menu_order":0,"comment_status":"closed","ping_status":"closed","template":"elementor_header_footer","meta":{"inline_featured_image":false,"_mi_skip_tracking":false,"_monsterinsights_sitenote_active":false,"_monsterinsights_sitenote_note":"","_monsterinsights_sitenote_category":0,"footnotes":""},"yoast_head":"<!-- This site is optimized with the Yoast SEO plugin v21.5 - https:\/\/yoast.com\/wordpress\/plugins\/seo\/ -->\n<title>Rozsah a sp\u00f4sob sprac\u00favania os.\u00fadajov dotknut\u00fdch os\u00f4b - Glycanostics<\/title>\n<meta name=\"robots\" content=\"index, follow, max-snippet:-1, max-image-preview:large, max-video-preview:-1\" \/>\n<link rel=\"canonical\" href=\"https:\/\/glycanostics.com\/sk\/rozsah-a-sposob-spracovavania-os-udajov-dotknutych-osob\/\" \/>\n<meta property=\"og:locale\" content=\"sk_SK\" \/>\n<meta property=\"og:type\" content=\"article\" \/>\n<meta property=\"og:title\" content=\"Rozsah a sp\u00f4sob sprac\u00favania os.\u00fadajov dotknut\u00fdch os\u00f4b - Glycanostics\" \/>\n<meta property=\"og:description\" content=\"Rozsah a sp\u00f4sob sprac\u00favania osobn\u00fdch \u00fadajov dotknut\u00fdch os\u00f4b Spolo\u010dnos\u0165 sprac\u00fava vo svojich informa\u010dn\u00fdch syst\u00e9moch osobn\u00e9 \u00fadaje dotknut\u00fdch os\u00f4b v rozsahu potrebnom na dosiahnutie stanoven\u00e9ho \u00fa\u010delu. Ide o rozsah osobn\u00fdch \u00fadajov stanoven\u00fdch osobitn\u00fdmi pr\u00e1vnymi predpismi alebo v rozsahu s\u00fahlasu dotknutej osoby na sprac\u00favanie jej osobn\u00fdch \u00fadajov. Spolo\u010dnos\u0165 sprac\u00fava iba osobn\u00e9 \u00fadaje, ktor\u00e9 jej boli poskytnut\u00e9 dobrovo\u013ene [&hellip;]\" \/>\n<meta property=\"og:url\" content=\"https:\/\/glycanostics.com\/sk\/rozsah-a-sposob-spracovavania-os-udajov-dotknutych-osob\/\" \/>\n<meta property=\"og:site_name\" content=\"Glycanostics\" \/>\n<meta property=\"article:modified_time\" content=\"2024-12-12T12:21:44+00:00\" \/>\n<meta name=\"twitter:card\" content=\"summary_large_image\" \/>\n<meta name=\"twitter:label1\" content=\"Predpokladan\u00fd \u010das \u010d\u00edtania\" \/>\n\t<meta name=\"twitter:data1\" content=\"1 min\u00fata\" \/>\n<script type=\"application\/ld+json\" class=\"yoast-schema-graph\">{\"@context\":\"https:\/\/schema.org\",\"@graph\":[{\"@type\":\"WebPage\",\"@id\":\"https:\/\/glycanostics.com\/sk\/rozsah-a-sposob-spracovavania-os-udajov-dotknutych-osob\/\",\"url\":\"https:\/\/glycanostics.com\/sk\/rozsah-a-sposob-spracovavania-os-udajov-dotknutych-osob\/\",\"name\":\"Rozsah a sp\u00f4sob sprac\u00favania os.\u00fadajov dotknut\u00fdch os\u00f4b - Glycanostics\",\"isPartOf\":{\"@id\":\"https:\/\/glycanostics.com\/#website\"},\"datePublished\":\"2024-12-10T12:40:39+00:00\",\"dateModified\":\"2024-12-12T12:21:44+00:00\",\"breadcrumb\":{\"@id\":\"https:\/\/glycanostics.com\/sk\/rozsah-a-sposob-spracovavania-os-udajov-dotknutych-osob\/#breadcrumb\"},\"inLanguage\":\"sk-SK\",\"potentialAction\":[{\"@type\":\"ReadAction\",\"target\":[\"https:\/\/glycanostics.com\/sk\/rozsah-a-sposob-spracovavania-os-udajov-dotknutych-osob\/\"]}]},{\"@type\":\"BreadcrumbList\",\"@id\":\"https:\/\/glycanostics.com\/sk\/rozsah-a-sposob-spracovavania-os-udajov-dotknutych-osob\/#breadcrumb\",\"itemListElement\":[{\"@type\":\"ListItem\",\"position\":1,\"name\":\"Home\",\"item\":\"https:\/\/glycanostics.com\/\"},{\"@type\":\"ListItem\",\"position\":2,\"name\":\"Rozsah a sp\u00f4sob sprac\u00favania os.\u00fadajov dotknut\u00fdch os\u00f4b\"}]},{\"@type\":\"WebSite\",\"@id\":\"https:\/\/glycanostics.com\/#website\",\"url\":\"https:\/\/glycanostics.com\/\",\"name\":\"Glycanostics\",\"description\":\"\",\"potentialAction\":[{\"@type\":\"SearchAction\",\"target\":{\"@type\":\"EntryPoint\",\"urlTemplate\":\"https:\/\/glycanostics.com\/?s={search_term_string}\"},\"query-input\":\"required name=search_term_string\"}],\"inLanguage\":\"sk-SK\"}]}<\/script>\n<!-- \/ Yoast SEO plugin. -->","yoast_head_json":{"title":"Rozsah a sp\u00f4sob sprac\u00favania os.\u00fadajov dotknut\u00fdch os\u00f4b - Glycanostics","robots":{"index":"index","follow":"follow","max-snippet":"max-snippet:-1","max-image-preview":"max-image-preview:large","max-video-preview":"max-video-preview:-1"},"canonical":"https:\/\/glycanostics.com\/sk\/rozsah-a-sposob-spracovavania-os-udajov-dotknutych-osob\/","og_locale":"sk_SK","og_type":"article","og_title":"Rozsah a sp\u00f4sob sprac\u00favania os.\u00fadajov dotknut\u00fdch os\u00f4b - Glycanostics","og_description":"Rozsah a sp\u00f4sob sprac\u00favania osobn\u00fdch \u00fadajov dotknut\u00fdch os\u00f4b Spolo\u010dnos\u0165 sprac\u00fava vo svojich informa\u010dn\u00fdch syst\u00e9moch osobn\u00e9 \u00fadaje dotknut\u00fdch os\u00f4b v rozsahu potrebnom na dosiahnutie stanoven\u00e9ho \u00fa\u010delu. Ide o rozsah osobn\u00fdch \u00fadajov stanoven\u00fdch osobitn\u00fdmi pr\u00e1vnymi predpismi alebo v rozsahu s\u00fahlasu dotknutej osoby na sprac\u00favanie jej osobn\u00fdch \u00fadajov. Spolo\u010dnos\u0165 sprac\u00fava iba osobn\u00e9 \u00fadaje, ktor\u00e9 jej boli poskytnut\u00e9 dobrovo\u013ene [&hellip;]","og_url":"https:\/\/glycanostics.com\/sk\/rozsah-a-sposob-spracovavania-os-udajov-dotknutych-osob\/","og_site_name":"Glycanostics","article_modified_time":"2024-12-12T12:21:44+00:00","twitter_card":"summary_large_image","twitter_misc":{"Predpokladan\u00fd \u010das \u010d\u00edtania":"1 min\u00fata"},"schema":{"@context":"https:\/\/schema.org","@graph":[{"@type":"WebPage","@id":"https:\/\/glycanostics.com\/sk\/rozsah-a-sposob-spracovavania-os-udajov-dotknutych-osob\/","url":"https:\/\/glycanostics.com\/sk\/rozsah-a-sposob-spracovavania-os-udajov-dotknutych-osob\/","name":"Rozsah a sp\u00f4sob sprac\u00favania os.\u00fadajov dotknut\u00fdch os\u00f4b - Glycanostics","isPartOf":{"@id":"https:\/\/glycanostics.com\/#website"},"datePublished":"2024-12-10T12:40:39+00:00","dateModified":"2024-12-12T12:21:44+00:00","breadcrumb":{"@id":"https:\/\/glycanostics.com\/sk\/rozsah-a-sposob-spracovavania-os-udajov-dotknutych-osob\/#breadcrumb"},"inLanguage":"sk-SK","potentialAction":[{"@type":"ReadAction","target":["https:\/\/glycanostics.com\/sk\/rozsah-a-sposob-spracovavania-os-udajov-dotknutych-osob\/"]}]},{"@type":"BreadcrumbList","@id":"https:\/\/glycanostics.com\/sk\/rozsah-a-sposob-spracovavania-os-udajov-dotknutych-osob\/#breadcrumb","itemListElement":[{"@type":"ListItem","position":1,"name":"Home","item":"https:\/\/glycanostics.com\/"},{"@type":"ListItem","position":2,"name":"Rozsah a sp\u00f4sob sprac\u00favania os.\u00fadajov dotknut\u00fdch os\u00f4b"}]},{"@type":"WebSite","@id":"https:\/\/glycanostics.com\/#website","url":"https:\/\/glycanostics.com\/","name":"Glycanostics","description":"","potentialAction":[{"@type":"SearchAction","target":{"@type":"EntryPoint","urlTemplate":"https:\/\/glycanostics.com\/?s={search_term_string}"},"query-input":"required name=search_term_string"}],"inLanguage":"sk-SK"}]}},"_links":{"self":[{"href":"https:\/\/glycanostics.com\/sk\/wp-json\/wp\/v2\/pages\/3259"}],"collection":[{"href":"https:\/\/glycanostics.com\/sk\/wp-json\/wp\/v2\/pages"}],"about":[{"href":"https:\/\/glycanostics.com\/sk\/wp-json\/wp\/v2\/types\/page"}],"author":[{"embeddable":true,"href":"https:\/\/glycanostics.com\/sk\/wp-json\/wp\/v2\/users\/5"}],"replies":[{"embeddable":true,"href":"https:\/\/glycanostics.com\/sk\/wp-json\/wp\/v2\/comments?post=3259"}],"version-history":[{"count":7,"href":"https:\/\/glycanostics.com\/sk\/wp-json\/wp\/v2\/pages\/3259\/revisions"}],"predecessor-version":[{"id":3416,"href":"https:\/\/glycanostics.com\/sk\/wp-json\/wp\/v2\/pages\/3259\/revisions\/3416"}],"wp:attachment":[{"href":"https:\/\/glycanostics.com\/sk\/wp-json\/wp\/v2\/media?parent=3259"}],"curies":[{"name":"wp","href":"https:\/\/api.w.org\/{rel}","templated":true}]}}