{"id":3266,"date":"2024-12-10T13:43:40","date_gmt":"2024-12-10T12:43:40","guid":{"rendered":"https:\/\/glycanostics.com\/?page_id=3266"},"modified":"2024-12-12T13:01:41","modified_gmt":"2024-12-12T12:01:41","slug":"urad-na-ochranu-osobnych-udajov-slovenskej-republiky","status":"publish","type":"page","link":"https:\/\/glycanostics.com\/sk\/urad-na-ochranu-osobnych-udajov-slovenskej-republiky\/","title":{"rendered":"\u00darad na ochranu osobn\u00fdch \u00fadajov Slovenskej republiky"},"content":{"rendered":"\t\t<div data-elementor-type=\"wp-page\" data-elementor-id=\"3266\" class=\"elementor elementor-3266\">\n\t\t\t\t\t\t\t\t\t<section data-particle_enable=\"false\" data-particle-mobile-disabled=\"false\" class=\"elementor-section elementor-top-section elementor-element elementor-element-d50b9f2 elementor-section-boxed elementor-section-height-default elementor-section-height-default\" data-id=\"d50b9f2\" data-element_type=\"section\">\n\t\t\t\t\t\t<div class=\"elementor-container elementor-column-gap-default\">\n\t\t\t\t\t<div class=\"elementor-column elementor-col-100 elementor-top-column elementor-element elementor-element-336d053\" data-id=\"336d053\" data-element_type=\"column\">\n\t\t\t<div class=\"elementor-widget-wrap elementor-element-populated\">\n\t\t\t\t\t\t\t\t<div class=\"elementor-element elementor-element-60883df elementor-widget elementor-widget-heading\" data-id=\"60883df\" data-element_type=\"widget\" data-widget_type=\"heading.default\">\n\t\t\t\t<div class=\"elementor-widget-container\">\n\t\t\t<h2 class=\"elementor-heading-title elementor-size-default\">\u00darad na ochranu osobn\u00fdch \u00fadajov Slovenskej republiky<\/h2>\t\t<\/div>\n\t\t\t\t<\/div>\n\t\t\t\t\t<\/div>\n\t\t<\/div>\n\t\t\t\t\t\t\t<\/div>\n\t\t<\/section>\n\t\t\t\t<section data-particle_enable=\"false\" data-particle-mobile-disabled=\"false\" class=\"elementor-section elementor-top-section elementor-element elementor-element-460d458 elementor-section-boxed elementor-section-height-default elementor-section-height-default\" data-id=\"460d458\" data-element_type=\"section\">\n\t\t\t\t\t\t<div class=\"elementor-container elementor-column-gap-default\">\n\t\t\t\t\t<div class=\"elementor-column elementor-col-100 elementor-top-column elementor-element elementor-element-cc40cdf\" data-id=\"cc40cdf\" data-element_type=\"column\">\n\t\t\t<div class=\"elementor-widget-wrap elementor-element-populated\">\n\t\t\t\t\t\t\t\t<div class=\"elementor-element elementor-element-c8b0a78 elementor-widget-divider--view-line elementor-widget elementor-widget-divider\" data-id=\"c8b0a78\" data-element_type=\"widget\" data-widget_type=\"divider.default\">\n\t\t\t\t<div class=\"elementor-widget-container\">\n\t\t\t\t\t<div class=\"elementor-divider\">\n\t\t\t<span class=\"elementor-divider-separator\">\n\t\t\t\t\t\t<\/span>\n\t\t<\/div>\n\t\t\t\t<\/div>\n\t\t\t\t<\/div>\n\t\t\t\t\t<\/div>\n\t\t<\/div>\n\t\t\t\t\t\t\t<\/div>\n\t\t<\/section>\n\t\t\t\t<section data-particle_enable=\"false\" data-particle-mobile-disabled=\"false\" class=\"elementor-section elementor-top-section elementor-element elementor-element-8fa3731 elementor-section-boxed elementor-section-height-default elementor-section-height-default\" data-id=\"8fa3731\" data-element_type=\"section\">\n\t\t\t\t\t\t<div class=\"elementor-container elementor-column-gap-default\">\n\t\t\t\t\t<div class=\"elementor-column elementor-col-100 elementor-top-column elementor-element elementor-element-6a82494\" data-id=\"6a82494\" data-element_type=\"column\">\n\t\t\t<div class=\"elementor-widget-wrap elementor-element-populated\">\n\t\t\t\t\t\t\t\t<div class=\"elementor-element elementor-element-3401f0d elementor-widget elementor-widget-text-editor\" data-id=\"3401f0d\" data-element_type=\"widget\" data-widget_type=\"text-editor.default\">\n\t\t\t\t<div class=\"elementor-widget-container\">\n\t\t\t\t\t\t\t<div><strong>Adresa:<\/strong><br \/>Hrani\u010dn\u00e1 12<\/div><div>820 07, Bratislava 27<\/div><div>Slovensk\u00e1 republika<\/div><div><p>I\u010cO: 36\u00a0064 220<\/p><p><strong>Podate\u013ena:<\/strong><br \/>pondelok \u2013 \u0161tvrtok: 8:00 &#8211; 15:00<br \/>piatok: 8:00 &#8211; 14:00<\/p><div><strong>Telefonick\u00e9 konzult\u00e1cie v oblasti ochrany osobn\u00fdch \u00fadajov:<\/strong><\/div><p>Utorok a \u0161tvrtok od 8:00 do 12:00\u00a0+421 2\u00a0323\u00a0132 20<br \/>Sekretari\u00e1t predsedu \u00faradu +421 2 323 132 11<br \/>Sekretari\u00e1t \u00faradu +421 2 323 132 14<br \/>Fax: +421 2\u00a0323\u00a0132 34<\/p><div><strong>Hovorca:<\/strong><\/div><div>mobil: 0910 985 794<\/div><div>e-mail: hovorca@pdp.gov.sk<\/div><div>\u00a0<\/div><p><strong>E-mail:<\/strong><br \/><span style=\"background-color: transparent; color: var( --e-global-color-text ); font-family: var( --e-global-typography-text-font-family ), Sans-serif;\"><b>&#8211;\u00a0<\/b><\/span><span style=\"background-color: transparent; color: var( --e-global-color-text ); font-family: var( --e-global-typography-text-font-family ), Sans-serif; font-weight: var( --e-global-typography-text-font-weight );\">v\u0161eobecne:\u00a0<\/span><a style=\"font-family: var( --e-global-typography-text-font-family ), Sans-serif; font-weight: var( --e-global-typography-text-font-weight );\" href=\"mailto:statny.dozor@pdp.gov.sk\">statny.dozor@pdp.gov.sk<\/a><br \/><span style=\"color: var( --e-global-color-text ); font-family: var( --e-global-typography-text-font-family ), Sans-serif; font-size: var( --e-global-typography-text-font-size ); font-weight: var( --e-global-typography-text-font-weight ); background-color: transparent;\">&#8211; pre poskytovanie inform\u00e1ci\u00ed pod\u013ea z\u00e1kona \u010d. 211\/2000 Z. z.:\u00a0<\/span><a style=\"font-family: var( --e-global-typography-text-font-family ), Sans-serif; font-size: var( --e-global-typography-text-font-size ); font-weight: var( --e-global-typography-text-font-weight ); background-color: #ffffff;\" href=\"mailto:info@pdp.gov.sk\">info@pdp.gov.sk<\/a><br \/>&#8211; webov\u00e9 s\u00eddlo:\u00a0<a href=\"mailto:webmaster@pdp.gov.sk\">webmaster@pdp.gov.sk<br \/><\/a>&#8211; na pod\u00e1vanie \u017eiadost\u00ed o poskytnutie inform\u00e1cie pod\u013ea z\u00e1kona \u010d. 211\/2000 Z. z. o slobodnom pr\u00edstupe k inform\u00e1ci\u00e1m vyu\u017eite\u00a0<a href=\"https:\/\/dataprotection.gov.sk\/uoou\/node\/49\">on-line formul\u00e1r<\/a>.<br \/><span style=\"color: var( --e-global-color-text ); font-family: var( --e-global-typography-text-font-family ), Sans-serif; font-size: var( --e-global-typography-text-font-size ); font-weight: var( --e-global-typography-text-font-weight );\">&#8211; emailov\u00e1 adresa, prostredn\u00edctvom ktorej V\u00e1m bude \u00darad poskytova\u0165 poradenstvo v oblasti ochrany osobn\u00fdch \u00fadajov.\u00a0 Je ur\u010den\u00e1 pre deti, ml\u00e1de\u017e, \u0161tudentov, u\u010dite\u013eov, rodi\u010dov, ktor\u00ed maj\u00fa podozrenie, \u017ee ich osobn\u00e9 \u00fadaje boli zneu\u017eit\u00e9:\u00a0<\/span><a style=\"font-family: var( --e-global-typography-text-font-family ), Sans-serif; font-size: var( --e-global-typography-text-font-size ); font-weight: var( --e-global-typography-text-font-weight ); background-color: #ffffff;\" href=\"mailto:ochrana@pdp.gov.sk\">ochrana@pdp.gov.sk<\/a><\/p><\/div>\t\t\t\t\t\t<\/div>\n\t\t\t\t<\/div>\n\t\t\t\t\t<\/div>\n\t\t<\/div>\n\t\t\t\t\t\t\t<\/div>\n\t\t<\/section>\n\t\t\t\t\t\t\t<\/div>\n\t\t","protected":false},"excerpt":{"rendered":"<p>\u00darad na ochranu osobn\u00fdch \u00fadajov Slovenskej republiky Adresa:Hrani\u010dn\u00e1 12820 07, Bratislava 27Slovensk\u00e1 republika I\u010cO: 36\u00a0064 220 Podate\u013ena:pondelok \u2013 \u0161tvrtok: 8:00 &#8211; 15:00piatok: 8:00 &#8211; 14:00 Telefonick\u00e9 konzult\u00e1cie v oblasti ochrany osobn\u00fdch \u00fadajov: Utorok a \u0161tvrtok od 8:00 do 12:00\u00a0+421 2\u00a0323\u00a0132 20Sekretari\u00e1t predsedu \u00faradu +421 2 323 132 11Sekretari\u00e1t \u00faradu +421 2 323 132 14Fax: +421 [&hellip;]<\/p>\n","protected":false},"author":5,"featured_media":0,"parent":0,"menu_order":0,"comment_status":"closed","ping_status":"closed","template":"elementor_header_footer","meta":{"inline_featured_image":false,"_mi_skip_tracking":false,"_monsterinsights_sitenote_active":false,"_monsterinsights_sitenote_note":"","_monsterinsights_sitenote_category":0,"footnotes":""},"yoast_head":"<!-- This site is optimized with the Yoast SEO plugin v21.5 - https:\/\/yoast.com\/wordpress\/plugins\/seo\/ -->\n<title>\u00darad na ochranu osobn\u00fdch \u00fadajov Slovenskej republiky - Glycanostics<\/title>\n<meta name=\"robots\" content=\"index, follow, max-snippet:-1, max-image-preview:large, max-video-preview:-1\" \/>\n<link rel=\"canonical\" href=\"https:\/\/glycanostics.com\/sk\/urad-na-ochranu-osobnych-udajov-slovenskej-republiky\/\" \/>\n<meta property=\"og:locale\" content=\"sk_SK\" \/>\n<meta property=\"og:type\" content=\"article\" \/>\n<meta property=\"og:title\" content=\"\u00darad na ochranu osobn\u00fdch \u00fadajov Slovenskej republiky - Glycanostics\" \/>\n<meta property=\"og:description\" content=\"\u00darad na ochranu osobn\u00fdch \u00fadajov Slovenskej republiky Adresa:Hrani\u010dn\u00e1 12820 07, Bratislava 27Slovensk\u00e1 republika I\u010cO: 36\u00a0064 220 Podate\u013ena:pondelok \u2013 \u0161tvrtok: 8:00 &#8211; 15:00piatok: 8:00 &#8211; 14:00 Telefonick\u00e9 konzult\u00e1cie v oblasti ochrany osobn\u00fdch \u00fadajov: Utorok a \u0161tvrtok od 8:00 do 12:00\u00a0+421 2\u00a0323\u00a0132 20Sekretari\u00e1t predsedu \u00faradu +421 2 323 132 11Sekretari\u00e1t \u00faradu +421 2 323 132 14Fax: +421 [&hellip;]\" \/>\n<meta property=\"og:url\" content=\"https:\/\/glycanostics.com\/sk\/urad-na-ochranu-osobnych-udajov-slovenskej-republiky\/\" \/>\n<meta property=\"og:site_name\" content=\"Glycanostics\" \/>\n<meta property=\"article:modified_time\" content=\"2024-12-12T12:01:41+00:00\" \/>\n<meta name=\"twitter:card\" content=\"summary_large_image\" \/>\n<meta name=\"twitter:label1\" content=\"Predpokladan\u00fd \u010das \u010d\u00edtania\" \/>\n\t<meta name=\"twitter:data1\" content=\"1 min\u00fata\" \/>\n<script type=\"application\/ld+json\" class=\"yoast-schema-graph\">{\"@context\":\"https:\/\/schema.org\",\"@graph\":[{\"@type\":\"WebPage\",\"@id\":\"https:\/\/glycanostics.com\/sk\/urad-na-ochranu-osobnych-udajov-slovenskej-republiky\/\",\"url\":\"https:\/\/glycanostics.com\/sk\/urad-na-ochranu-osobnych-udajov-slovenskej-republiky\/\",\"name\":\"\u00darad na ochranu osobn\u00fdch \u00fadajov Slovenskej republiky - Glycanostics\",\"isPartOf\":{\"@id\":\"https:\/\/glycanostics.com\/#website\"},\"datePublished\":\"2024-12-10T12:43:40+00:00\",\"dateModified\":\"2024-12-12T12:01:41+00:00\",\"breadcrumb\":{\"@id\":\"https:\/\/glycanostics.com\/sk\/urad-na-ochranu-osobnych-udajov-slovenskej-republiky\/#breadcrumb\"},\"inLanguage\":\"sk-SK\",\"potentialAction\":[{\"@type\":\"ReadAction\",\"target\":[\"https:\/\/glycanostics.com\/sk\/urad-na-ochranu-osobnych-udajov-slovenskej-republiky\/\"]}]},{\"@type\":\"BreadcrumbList\",\"@id\":\"https:\/\/glycanostics.com\/sk\/urad-na-ochranu-osobnych-udajov-slovenskej-republiky\/#breadcrumb\",\"itemListElement\":[{\"@type\":\"ListItem\",\"position\":1,\"name\":\"Home\",\"item\":\"https:\/\/glycanostics.com\/\"},{\"@type\":\"ListItem\",\"position\":2,\"name\":\"\u00darad na ochranu osobn\u00fdch \u00fadajov Slovenskej republiky\"}]},{\"@type\":\"WebSite\",\"@id\":\"https:\/\/glycanostics.com\/#website\",\"url\":\"https:\/\/glycanostics.com\/\",\"name\":\"Glycanostics\",\"description\":\"\",\"potentialAction\":[{\"@type\":\"SearchAction\",\"target\":{\"@type\":\"EntryPoint\",\"urlTemplate\":\"https:\/\/glycanostics.com\/?s={search_term_string}\"},\"query-input\":\"required name=search_term_string\"}],\"inLanguage\":\"sk-SK\"}]}<\/script>\n<!-- \/ Yoast SEO plugin. -->","yoast_head_json":{"title":"\u00darad na ochranu osobn\u00fdch \u00fadajov Slovenskej republiky - Glycanostics","robots":{"index":"index","follow":"follow","max-snippet":"max-snippet:-1","max-image-preview":"max-image-preview:large","max-video-preview":"max-video-preview:-1"},"canonical":"https:\/\/glycanostics.com\/sk\/urad-na-ochranu-osobnych-udajov-slovenskej-republiky\/","og_locale":"sk_SK","og_type":"article","og_title":"\u00darad na ochranu osobn\u00fdch \u00fadajov Slovenskej republiky - Glycanostics","og_description":"\u00darad na ochranu osobn\u00fdch \u00fadajov Slovenskej republiky Adresa:Hrani\u010dn\u00e1 12820 07, Bratislava 27Slovensk\u00e1 republika I\u010cO: 36\u00a0064 220 Podate\u013ena:pondelok \u2013 \u0161tvrtok: 8:00 &#8211; 15:00piatok: 8:00 &#8211; 14:00 Telefonick\u00e9 konzult\u00e1cie v oblasti ochrany osobn\u00fdch \u00fadajov: Utorok a \u0161tvrtok od 8:00 do 12:00\u00a0+421 2\u00a0323\u00a0132 20Sekretari\u00e1t predsedu \u00faradu +421 2 323 132 11Sekretari\u00e1t \u00faradu +421 2 323 132 14Fax: +421 [&hellip;]","og_url":"https:\/\/glycanostics.com\/sk\/urad-na-ochranu-osobnych-udajov-slovenskej-republiky\/","og_site_name":"Glycanostics","article_modified_time":"2024-12-12T12:01:41+00:00","twitter_card":"summary_large_image","twitter_misc":{"Predpokladan\u00fd \u010das \u010d\u00edtania":"1 min\u00fata"},"schema":{"@context":"https:\/\/schema.org","@graph":[{"@type":"WebPage","@id":"https:\/\/glycanostics.com\/sk\/urad-na-ochranu-osobnych-udajov-slovenskej-republiky\/","url":"https:\/\/glycanostics.com\/sk\/urad-na-ochranu-osobnych-udajov-slovenskej-republiky\/","name":"\u00darad na ochranu osobn\u00fdch \u00fadajov Slovenskej republiky - Glycanostics","isPartOf":{"@id":"https:\/\/glycanostics.com\/#website"},"datePublished":"2024-12-10T12:43:40+00:00","dateModified":"2024-12-12T12:01:41+00:00","breadcrumb":{"@id":"https:\/\/glycanostics.com\/sk\/urad-na-ochranu-osobnych-udajov-slovenskej-republiky\/#breadcrumb"},"inLanguage":"sk-SK","potentialAction":[{"@type":"ReadAction","target":["https:\/\/glycanostics.com\/sk\/urad-na-ochranu-osobnych-udajov-slovenskej-republiky\/"]}]},{"@type":"BreadcrumbList","@id":"https:\/\/glycanostics.com\/sk\/urad-na-ochranu-osobnych-udajov-slovenskej-republiky\/#breadcrumb","itemListElement":[{"@type":"ListItem","position":1,"name":"Home","item":"https:\/\/glycanostics.com\/"},{"@type":"ListItem","position":2,"name":"\u00darad na ochranu osobn\u00fdch \u00fadajov Slovenskej republiky"}]},{"@type":"WebSite","@id":"https:\/\/glycanostics.com\/#website","url":"https:\/\/glycanostics.com\/","name":"Glycanostics","description":"","potentialAction":[{"@type":"SearchAction","target":{"@type":"EntryPoint","urlTemplate":"https:\/\/glycanostics.com\/?s={search_term_string}"},"query-input":"required name=search_term_string"}],"inLanguage":"sk-SK"}]}},"_links":{"self":[{"href":"https:\/\/glycanostics.com\/sk\/wp-json\/wp\/v2\/pages\/3266"}],"collection":[{"href":"https:\/\/glycanostics.com\/sk\/wp-json\/wp\/v2\/pages"}],"about":[{"href":"https:\/\/glycanostics.com\/sk\/wp-json\/wp\/v2\/types\/page"}],"author":[{"embeddable":true,"href":"https:\/\/glycanostics.com\/sk\/wp-json\/wp\/v2\/users\/5"}],"replies":[{"embeddable":true,"href":"https:\/\/glycanostics.com\/sk\/wp-json\/wp\/v2\/comments?post=3266"}],"version-history":[{"count":6,"href":"https:\/\/glycanostics.com\/sk\/wp-json\/wp\/v2\/pages\/3266\/revisions"}],"predecessor-version":[{"id":3334,"href":"https:\/\/glycanostics.com\/sk\/wp-json\/wp\/v2\/pages\/3266\/revisions\/3334"}],"wp:attachment":[{"href":"https:\/\/glycanostics.com\/sk\/wp-json\/wp\/v2\/media?parent=3266"}],"curies":[{"name":"wp","href":"https:\/\/api.w.org\/{rel}","templated":true}]}}