{"id":3326,"date":"2024-12-12T12:59:04","date_gmt":"2024-12-12T11:59:04","guid":{"rendered":"https:\/\/glycanostics.com\/?page_id=3326"},"modified":"2024-12-12T13:18:39","modified_gmt":"2024-12-12T12:18:39","slug":"spracuvanie-suborov-cookie","status":"publish","type":"page","link":"https:\/\/glycanostics.com\/sk\/spracuvanie-suborov-cookie\/","title":{"rendered":"Sprac\u00favanie s\u00faborov cookie"},"content":{"rendered":"\t\t<div data-elementor-type=\"wp-page\" data-elementor-id=\"3326\" class=\"elementor elementor-3326\">\n\t\t\t\t\t\t\t\t\t<section data-particle_enable=\"false\" data-particle-mobile-disabled=\"false\" class=\"elementor-section elementor-top-section elementor-element elementor-element-d374671 elementor-section-boxed elementor-section-height-default elementor-section-height-default\" data-id=\"d374671\" data-element_type=\"section\">\n\t\t\t\t\t\t<div class=\"elementor-container elementor-column-gap-default\">\n\t\t\t\t\t<div class=\"elementor-column elementor-col-100 elementor-top-column elementor-element elementor-element-00e5a05\" data-id=\"00e5a05\" data-element_type=\"column\">\n\t\t\t<div class=\"elementor-widget-wrap elementor-element-populated\">\n\t\t\t\t\t\t\t\t<div class=\"elementor-element elementor-element-0e6be35 elementor-widget elementor-widget-spacer\" data-id=\"0e6be35\" data-element_type=\"widget\" data-widget_type=\"spacer.default\">\n\t\t\t\t<div class=\"elementor-widget-container\">\n\t\t\t\t\t<div class=\"elementor-spacer\">\n\t\t\t<div class=\"elementor-spacer-inner\"><\/div>\n\t\t<\/div>\n\t\t\t\t<\/div>\n\t\t\t\t<\/div>\n\t\t\t\t\t<\/div>\n\t\t<\/div>\n\t\t\t\t\t\t\t<\/div>\n\t\t<\/section>\n\t\t\t\t<section data-particle_enable=\"false\" data-particle-mobile-disabled=\"false\" class=\"elementor-section elementor-top-section elementor-element elementor-element-85f731d elementor-section-boxed elementor-section-height-default elementor-section-height-default\" data-id=\"85f731d\" data-element_type=\"section\">\n\t\t\t\t\t\t<div class=\"elementor-container elementor-column-gap-default\">\n\t\t\t\t\t<div class=\"elementor-column elementor-col-100 elementor-top-column elementor-element elementor-element-549b230\" data-id=\"549b230\" data-element_type=\"column\">\n\t\t\t<div class=\"elementor-widget-wrap elementor-element-populated\">\n\t\t\t\t\t\t\t\t<div class=\"elementor-element elementor-element-f3cf41a elementor-widget elementor-widget-heading\" data-id=\"f3cf41a\" data-element_type=\"widget\" data-widget_type=\"heading.default\">\n\t\t\t\t<div class=\"elementor-widget-container\">\n\t\t\t<h2 class=\"elementor-heading-title elementor-size-default\">Sprac\u00favanie s\u00faborov cookie<\/h2>\t\t<\/div>\n\t\t\t\t<\/div>\n\t\t\t\t\t<\/div>\n\t\t<\/div>\n\t\t\t\t\t\t\t<\/div>\n\t\t<\/section>\n\t\t\t\t<section data-particle_enable=\"false\" data-particle-mobile-disabled=\"false\" class=\"elementor-section elementor-top-section elementor-element elementor-element-f038c9f elementor-section-boxed elementor-section-height-default elementor-section-height-default\" data-id=\"f038c9f\" data-element_type=\"section\">\n\t\t\t\t\t\t<div class=\"elementor-container elementor-column-gap-default\">\n\t\t\t\t\t<div class=\"elementor-column elementor-col-100 elementor-top-column elementor-element elementor-element-103dd40\" data-id=\"103dd40\" data-element_type=\"column\">\n\t\t\t<div class=\"elementor-widget-wrap elementor-element-populated\">\n\t\t\t\t\t\t\t\t<div class=\"elementor-element elementor-element-89fa1ef elementor-widget-divider--view-line elementor-widget elementor-widget-divider\" data-id=\"89fa1ef\" data-element_type=\"widget\" data-widget_type=\"divider.default\">\n\t\t\t\t<div class=\"elementor-widget-container\">\n\t\t\t\t\t<div class=\"elementor-divider\">\n\t\t\t<span class=\"elementor-divider-separator\">\n\t\t\t\t\t\t<\/span>\n\t\t<\/div>\n\t\t\t\t<\/div>\n\t\t\t\t<\/div>\n\t\t\t\t\t<\/div>\n\t\t<\/div>\n\t\t\t\t\t\t\t<\/div>\n\t\t<\/section>\n\t\t\t\t<section data-particle_enable=\"false\" data-particle-mobile-disabled=\"false\" class=\"elementor-section elementor-top-section elementor-element elementor-element-a56019f elementor-section-boxed elementor-section-height-default elementor-section-height-default\" data-id=\"a56019f\" data-element_type=\"section\">\n\t\t\t\t\t\t<div class=\"elementor-container elementor-column-gap-default\">\n\t\t\t\t\t<div class=\"elementor-column elementor-col-100 elementor-top-column elementor-element elementor-element-3095a92\" data-id=\"3095a92\" data-element_type=\"column\">\n\t\t\t<div class=\"elementor-widget-wrap elementor-element-populated\">\n\t\t\t\t\t\t\t\t<div class=\"elementor-element elementor-element-f670023 elementor-widget elementor-widget-text-editor\" data-id=\"f670023\" data-element_type=\"widget\" data-widget_type=\"text-editor.default\">\n\t\t\t\t<div class=\"elementor-widget-container\">\n\t\t\t\t\t\t\t<p>S\u00fabory cookies s\u00fa mal\u00e9 textov\u00e9 s\u00fabory, ktor\u00e9 m\u00f4\u017eu by\u0165 do internetov\u00e9ho prehliada\u010da odosielan\u00e9 pri n\u00e1v\u0161teve webov\u00fdch str\u00e1nok a ukladan\u00e9 do v\u00e1\u0161ho zariadenia (po\u010d\u00edta\u010da alebo do in\u00e9ho zariadenia s pr\u00edstupom na internet, ako napr. smartphone alebo tablet). S\u00fabory cookies sa ukladaj\u00fa do prie\u010dinka pre s\u00fabory v\u00e1\u0161ho internetov\u00e9ho prehliada\u010da. Cookies obvykle obsahuj\u00fa n\u00e1zov webovej str\u00e1nky, z ktorej poch\u00e1dzaj\u00fa a d\u00e1tum svojho vzniku. Pri \u010fal\u0161ej n\u00e1v\u0161teve str\u00e1nky webov\u00fd prehliada\u010d znovu na\u010d\u00edta s\u00fabory cookies a tieto inform\u00e1cie odo\u0161le sp\u00e4\u0165 webovej str\u00e1nke, ktor\u00e1 p\u00f4vodne cookies vytvorila.\u00a0<\/p>\t\t\t\t\t\t<\/div>\n\t\t\t\t<\/div>\n\t\t\t\t\t<\/div>\n\t\t<\/div>\n\t\t\t\t\t\t\t<\/div>\n\t\t<\/section>\n\t\t\t\t<section data-particle_enable=\"false\" data-particle-mobile-disabled=\"false\" class=\"elementor-section elementor-top-section elementor-element elementor-element-8919fde elementor-section-boxed elementor-section-height-default elementor-section-height-default\" data-id=\"8919fde\" data-element_type=\"section\">\n\t\t\t\t\t\t<div class=\"elementor-container elementor-column-gap-default\">\n\t\t\t\t\t<div class=\"elementor-column elementor-col-100 elementor-top-column elementor-element elementor-element-3fe495e\" data-id=\"3fe495e\" data-element_type=\"column\">\n\t\t\t<div class=\"elementor-widget-wrap elementor-element-populated\">\n\t\t\t\t\t\t\t\t<div class=\"elementor-element elementor-element-310339f elementor-widget elementor-widget-text-editor\" data-id=\"310339f\" data-element_type=\"widget\" data-widget_type=\"text-editor.default\">\n\t\t\t\t<div class=\"elementor-widget-container\">\n\t\t\t\t\t\t\t<p>Na sprac\u00favanie s\u00faborov cookies sa v\u017edy vy\u017eaduje V\u00e1\u0161 predch\u00e1dzaj\u00faci s\u00fahlas, pri\u010dom tento suhlas m\u00e1 n\u00e1le\u017eitosti s\u00fahlasu pod\u013ea GDPR. Jedinou v\u00fdnimkou, kedy V\u00e1\u0161 s\u00fahlas nepotrebujeme je v pr\u00edpade sprac\u00favania tzv. funk\u010dn\u00fdch s\u00faborov cookies (alebo technick\u00fdch s\u00faborov cookies), ktor\u00e9 s\u00fa nevyhnutn\u00e9 na spr\u00e1vne fungovanie samotnej webstr\u00e1nky. S\u00fahlas so sprac\u00favan\u00edm s\u00faborov cookies archivujeme. Samozrejme, ako dotknut\u00e1 osoba m\u00e1te pr\u00e1vo kedyko\u013evek svoj s\u00fahlas odvola\u0165.<\/p>\t\t\t\t\t\t<\/div>\n\t\t\t\t<\/div>\n\t\t\t\t\t<\/div>\n\t\t<\/div>\n\t\t\t\t\t\t\t<\/div>\n\t\t<\/section>\n\t\t\t\t\t\t\t<\/div>\n\t\t","protected":false},"excerpt":{"rendered":"<p>Sprac\u00favanie s\u00faborov cookie S\u00fabory cookies s\u00fa mal\u00e9 textov\u00e9 s\u00fabory, ktor\u00e9 m\u00f4\u017eu by\u0165 do internetov\u00e9ho prehliada\u010da odosielan\u00e9 pri n\u00e1v\u0161teve webov\u00fdch str\u00e1nok a ukladan\u00e9 do v\u00e1\u0161ho zariadenia (po\u010d\u00edta\u010da alebo do in\u00e9ho zariadenia s pr\u00edstupom na internet, ako napr. smartphone alebo tablet). S\u00fabory cookies sa ukladaj\u00fa do prie\u010dinka pre s\u00fabory v\u00e1\u0161ho internetov\u00e9ho prehliada\u010da. Cookies obvykle obsahuj\u00fa n\u00e1zov webovej [&hellip;]<\/p>\n","protected":false},"author":5,"featured_media":0,"parent":0,"menu_order":0,"comment_status":"closed","ping_status":"closed","template":"elementor_header_footer","meta":{"inline_featured_image":false,"_mi_skip_tracking":false,"_monsterinsights_sitenote_active":false,"_monsterinsights_sitenote_note":"","_monsterinsights_sitenote_category":0,"footnotes":""},"yoast_head":"<!-- This site is optimized with the Yoast SEO plugin v21.5 - https:\/\/yoast.com\/wordpress\/plugins\/seo\/ -->\n<title>Sprac\u00favanie s\u00faborov cookie - Glycanostics<\/title>\n<meta name=\"robots\" content=\"index, follow, max-snippet:-1, max-image-preview:large, max-video-preview:-1\" \/>\n<link rel=\"canonical\" href=\"https:\/\/glycanostics.com\/sk\/spracuvanie-suborov-cookie\/\" \/>\n<meta property=\"og:locale\" content=\"sk_SK\" \/>\n<meta property=\"og:type\" content=\"article\" \/>\n<meta property=\"og:title\" content=\"Sprac\u00favanie s\u00faborov cookie - Glycanostics\" \/>\n<meta property=\"og:description\" content=\"Sprac\u00favanie s\u00faborov cookie S\u00fabory cookies s\u00fa mal\u00e9 textov\u00e9 s\u00fabory, ktor\u00e9 m\u00f4\u017eu by\u0165 do internetov\u00e9ho prehliada\u010da odosielan\u00e9 pri n\u00e1v\u0161teve webov\u00fdch str\u00e1nok a ukladan\u00e9 do v\u00e1\u0161ho zariadenia (po\u010d\u00edta\u010da alebo do in\u00e9ho zariadenia s pr\u00edstupom na internet, ako napr. smartphone alebo tablet). S\u00fabory cookies sa ukladaj\u00fa do prie\u010dinka pre s\u00fabory v\u00e1\u0161ho internetov\u00e9ho prehliada\u010da. Cookies obvykle obsahuj\u00fa n\u00e1zov webovej [&hellip;]\" \/>\n<meta property=\"og:url\" content=\"https:\/\/glycanostics.com\/sk\/spracuvanie-suborov-cookie\/\" \/>\n<meta property=\"og:site_name\" content=\"Glycanostics\" \/>\n<meta property=\"article:modified_time\" content=\"2024-12-12T12:18:39+00:00\" \/>\n<meta name=\"twitter:card\" content=\"summary_large_image\" \/>\n<meta name=\"twitter:label1\" content=\"Predpokladan\u00fd \u010das \u010d\u00edtania\" \/>\n\t<meta name=\"twitter:data1\" content=\"1 min\u00fata\" \/>\n<script type=\"application\/ld+json\" class=\"yoast-schema-graph\">{\"@context\":\"https:\/\/schema.org\",\"@graph\":[{\"@type\":\"WebPage\",\"@id\":\"https:\/\/glycanostics.com\/sk\/spracuvanie-suborov-cookie\/\",\"url\":\"https:\/\/glycanostics.com\/sk\/spracuvanie-suborov-cookie\/\",\"name\":\"Sprac\u00favanie s\u00faborov cookie - Glycanostics\",\"isPartOf\":{\"@id\":\"https:\/\/glycanostics.com\/#website\"},\"datePublished\":\"2024-12-12T11:59:04+00:00\",\"dateModified\":\"2024-12-12T12:18:39+00:00\",\"breadcrumb\":{\"@id\":\"https:\/\/glycanostics.com\/sk\/spracuvanie-suborov-cookie\/#breadcrumb\"},\"inLanguage\":\"sk-SK\",\"potentialAction\":[{\"@type\":\"ReadAction\",\"target\":[\"https:\/\/glycanostics.com\/sk\/spracuvanie-suborov-cookie\/\"]}]},{\"@type\":\"BreadcrumbList\",\"@id\":\"https:\/\/glycanostics.com\/sk\/spracuvanie-suborov-cookie\/#breadcrumb\",\"itemListElement\":[{\"@type\":\"ListItem\",\"position\":1,\"name\":\"Home\",\"item\":\"https:\/\/glycanostics.com\/\"},{\"@type\":\"ListItem\",\"position\":2,\"name\":\"Sprac\u00favanie s\u00faborov cookie\"}]},{\"@type\":\"WebSite\",\"@id\":\"https:\/\/glycanostics.com\/#website\",\"url\":\"https:\/\/glycanostics.com\/\",\"name\":\"Glycanostics\",\"description\":\"\",\"potentialAction\":[{\"@type\":\"SearchAction\",\"target\":{\"@type\":\"EntryPoint\",\"urlTemplate\":\"https:\/\/glycanostics.com\/?s={search_term_string}\"},\"query-input\":\"required name=search_term_string\"}],\"inLanguage\":\"sk-SK\"}]}<\/script>\n<!-- \/ Yoast SEO plugin. -->","yoast_head_json":{"title":"Sprac\u00favanie s\u00faborov cookie - Glycanostics","robots":{"index":"index","follow":"follow","max-snippet":"max-snippet:-1","max-image-preview":"max-image-preview:large","max-video-preview":"max-video-preview:-1"},"canonical":"https:\/\/glycanostics.com\/sk\/spracuvanie-suborov-cookie\/","og_locale":"sk_SK","og_type":"article","og_title":"Sprac\u00favanie s\u00faborov cookie - Glycanostics","og_description":"Sprac\u00favanie s\u00faborov cookie S\u00fabory cookies s\u00fa mal\u00e9 textov\u00e9 s\u00fabory, ktor\u00e9 m\u00f4\u017eu by\u0165 do internetov\u00e9ho prehliada\u010da odosielan\u00e9 pri n\u00e1v\u0161teve webov\u00fdch str\u00e1nok a ukladan\u00e9 do v\u00e1\u0161ho zariadenia (po\u010d\u00edta\u010da alebo do in\u00e9ho zariadenia s pr\u00edstupom na internet, ako napr. smartphone alebo tablet). S\u00fabory cookies sa ukladaj\u00fa do prie\u010dinka pre s\u00fabory v\u00e1\u0161ho internetov\u00e9ho prehliada\u010da. Cookies obvykle obsahuj\u00fa n\u00e1zov webovej [&hellip;]","og_url":"https:\/\/glycanostics.com\/sk\/spracuvanie-suborov-cookie\/","og_site_name":"Glycanostics","article_modified_time":"2024-12-12T12:18:39+00:00","twitter_card":"summary_large_image","twitter_misc":{"Predpokladan\u00fd \u010das \u010d\u00edtania":"1 min\u00fata"},"schema":{"@context":"https:\/\/schema.org","@graph":[{"@type":"WebPage","@id":"https:\/\/glycanostics.com\/sk\/spracuvanie-suborov-cookie\/","url":"https:\/\/glycanostics.com\/sk\/spracuvanie-suborov-cookie\/","name":"Sprac\u00favanie s\u00faborov cookie - Glycanostics","isPartOf":{"@id":"https:\/\/glycanostics.com\/#website"},"datePublished":"2024-12-12T11:59:04+00:00","dateModified":"2024-12-12T12:18:39+00:00","breadcrumb":{"@id":"https:\/\/glycanostics.com\/sk\/spracuvanie-suborov-cookie\/#breadcrumb"},"inLanguage":"sk-SK","potentialAction":[{"@type":"ReadAction","target":["https:\/\/glycanostics.com\/sk\/spracuvanie-suborov-cookie\/"]}]},{"@type":"BreadcrumbList","@id":"https:\/\/glycanostics.com\/sk\/spracuvanie-suborov-cookie\/#breadcrumb","itemListElement":[{"@type":"ListItem","position":1,"name":"Home","item":"https:\/\/glycanostics.com\/"},{"@type":"ListItem","position":2,"name":"Sprac\u00favanie s\u00faborov cookie"}]},{"@type":"WebSite","@id":"https:\/\/glycanostics.com\/#website","url":"https:\/\/glycanostics.com\/","name":"Glycanostics","description":"","potentialAction":[{"@type":"SearchAction","target":{"@type":"EntryPoint","urlTemplate":"https:\/\/glycanostics.com\/?s={search_term_string}"},"query-input":"required name=search_term_string"}],"inLanguage":"sk-SK"}]}},"_links":{"self":[{"href":"https:\/\/glycanostics.com\/sk\/wp-json\/wp\/v2\/pages\/3326"}],"collection":[{"href":"https:\/\/glycanostics.com\/sk\/wp-json\/wp\/v2\/pages"}],"about":[{"href":"https:\/\/glycanostics.com\/sk\/wp-json\/wp\/v2\/types\/page"}],"author":[{"embeddable":true,"href":"https:\/\/glycanostics.com\/sk\/wp-json\/wp\/v2\/users\/5"}],"replies":[{"embeddable":true,"href":"https:\/\/glycanostics.com\/sk\/wp-json\/wp\/v2\/comments?post=3326"}],"version-history":[{"count":6,"href":"https:\/\/glycanostics.com\/sk\/wp-json\/wp\/v2\/pages\/3326\/revisions"}],"predecessor-version":[{"id":3348,"href":"https:\/\/glycanostics.com\/sk\/wp-json\/wp\/v2\/pages\/3326\/revisions\/3348"}],"wp:attachment":[{"href":"https:\/\/glycanostics.com\/sk\/wp-json\/wp\/v2\/media?parent=3326"}],"curies":[{"name":"wp","href":"https:\/\/api.w.org\/{rel}","templated":true}]}}