{"id":3388,"date":"2025-02-14T09:54:55","date_gmt":"2025-02-14T08:54:55","guid":{"rendered":"https:\/\/glycanostics.com\/?page_id=3388"},"modified":"2025-02-14T15:43:30","modified_gmt":"2025-02-14T14:43:30","slug":"formulare","status":"publish","type":"page","link":"https:\/\/glycanostics.com\/sk\/gdpr\/formulare\/","title":{"rendered":"Formul\u00e1re"},"content":{"rendered":"\t\t<div data-elementor-type=\"wp-page\" data-elementor-id=\"3388\" class=\"elementor elementor-3388\">\n\t\t\t\t\t\t\t\t\t<section data-particle_enable=\"false\" data-particle-mobile-disabled=\"false\" class=\"elementor-section elementor-top-section elementor-element elementor-element-28709be elementor-section-boxed elementor-section-height-default elementor-section-height-default\" data-id=\"28709be\" data-element_type=\"section\">\n\t\t\t\t\t\t<div class=\"elementor-container elementor-column-gap-default\">\n\t\t\t\t\t<div class=\"elementor-column elementor-col-100 elementor-top-column elementor-element elementor-element-c58afe1\" data-id=\"c58afe1\" data-element_type=\"column\">\n\t\t\t<div class=\"elementor-widget-wrap elementor-element-populated\">\n\t\t\t\t\t\t\t\t<div class=\"elementor-element elementor-element-eea20f9 elementor-widget elementor-widget-spacer\" data-id=\"eea20f9\" data-element_type=\"widget\" data-widget_type=\"spacer.default\">\n\t\t\t\t<div class=\"elementor-widget-container\">\n\t\t\t\t\t<div class=\"elementor-spacer\">\n\t\t\t<div class=\"elementor-spacer-inner\"><\/div>\n\t\t<\/div>\n\t\t\t\t<\/div>\n\t\t\t\t<\/div>\n\t\t\t\t\t<\/div>\n\t\t<\/div>\n\t\t\t\t\t\t\t<\/div>\n\t\t<\/section>\n\t\t\t\t<section data-particle_enable=\"false\" data-particle-mobile-disabled=\"false\" class=\"elementor-section elementor-top-section elementor-element elementor-element-1e67ca9 elementor-section-boxed elementor-section-height-default elementor-section-height-default\" data-id=\"1e67ca9\" data-element_type=\"section\">\n\t\t\t\t\t\t<div class=\"elementor-container elementor-column-gap-default\">\n\t\t\t\t\t<div class=\"elementor-column elementor-col-100 elementor-top-column elementor-element elementor-element-dd154e8\" data-id=\"dd154e8\" data-element_type=\"column\">\n\t\t\t<div class=\"elementor-widget-wrap elementor-element-populated\">\n\t\t\t\t\t\t\t\t<div class=\"elementor-element elementor-element-969a80c elementor-widget elementor-widget-heading\" data-id=\"969a80c\" data-element_type=\"widget\" data-widget_type=\"heading.default\">\n\t\t\t\t<div class=\"elementor-widget-container\">\n\t\t\t<h2 class=\"elementor-heading-title elementor-size-default\">Formul\u00e1re na stiahnutie<\/h2>\t\t<\/div>\n\t\t\t\t<\/div>\n\t\t\t\t<div class=\"elementor-element elementor-element-68b58c0 elementor-widget-divider--view-line elementor-widget elementor-widget-divider\" data-id=\"68b58c0\" data-element_type=\"widget\" data-widget_type=\"divider.default\">\n\t\t\t\t<div class=\"elementor-widget-container\">\n\t\t\t\t\t<div class=\"elementor-divider\">\n\t\t\t<span class=\"elementor-divider-separator\">\n\t\t\t\t\t\t<\/span>\n\t\t<\/div>\n\t\t\t\t<\/div>\n\t\t\t\t<\/div>\n\t\t\t\t\t<\/div>\n\t\t<\/div>\n\t\t\t\t\t\t\t<\/div>\n\t\t<\/section>\n\t\t\t\t<section data-particle_enable=\"false\" data-particle-mobile-disabled=\"false\" class=\"elementor-section elementor-top-section elementor-element elementor-element-8614364 elementor-section-boxed elementor-section-height-default elementor-section-height-default\" data-id=\"8614364\" data-element_type=\"section\">\n\t\t\t\t\t\t<div class=\"elementor-container elementor-column-gap-default\">\n\t\t\t\t\t<div class=\"elementor-column elementor-col-100 elementor-top-column elementor-element elementor-element-86f7dc0\" data-id=\"86f7dc0\" data-element_type=\"column\">\n\t\t\t<div class=\"elementor-widget-wrap elementor-element-populated\">\n\t\t\t\t\t\t\t\t<div class=\"elementor-element elementor-element-fe1b463 elementor-widget elementor-widget-spacer\" data-id=\"fe1b463\" data-element_type=\"widget\" data-widget_type=\"spacer.default\">\n\t\t\t\t<div class=\"elementor-widget-container\">\n\t\t\t\t\t<div class=\"elementor-spacer\">\n\t\t\t<div class=\"elementor-spacer-inner\"><\/div>\n\t\t<\/div>\n\t\t\t\t<\/div>\n\t\t\t\t<\/div>\n\t\t\t\t\t<\/div>\n\t\t<\/div>\n\t\t\t\t\t\t\t<\/div>\n\t\t<\/section>\n\t\t\t\t<section data-particle_enable=\"false\" data-particle-mobile-disabled=\"false\" class=\"elementor-section elementor-top-section elementor-element elementor-element-ac5156a elementor-section-boxed elementor-section-height-default elementor-section-height-default\" data-id=\"ac5156a\" data-element_type=\"section\">\n\t\t\t\t\t\t<div class=\"elementor-container elementor-column-gap-default\">\n\t\t\t\t\t<div class=\"elementor-column elementor-col-33 elementor-top-column elementor-element elementor-element-69bad07\" data-id=\"69bad07\" data-element_type=\"column\">\n\t\t\t<div class=\"elementor-widget-wrap elementor-element-populated\">\n\t\t\t\t\t\t\t\t<div class=\"elementor-element elementor-element-972ee69 elementor-widget elementor-widget-image\" data-id=\"972ee69\" data-element_type=\"widget\" data-widget_type=\"image.default\">\n\t\t\t\t<div class=\"elementor-widget-container\">\n\t\t\t\t\t\t\t\t\t\t\t\t\t\t\t\t<a href=\"https:\/\/glycanostics.com\/wp-content\/uploads\/2024\/12\/Ziadost-dotknutej-osoby.pdf\" target=\"_blank\">\n\t\t\t\t\t\t\t<img loading=\"lazy\" decoding=\"async\" width=\"800\" height=\"800\" src=\"https:\/\/glycanostics.com\/wp-content\/uploads\/2025\/02\/Ziadost-dotknutej-osoby.png\" class=\"attachment-large size-large wp-image-3418\" alt=\"\" srcset=\"https:\/\/glycanostics.com\/wp-content\/uploads\/2025\/02\/Ziadost-dotknutej-osoby.png 1024w, https:\/\/glycanostics.com\/wp-content\/uploads\/2025\/02\/Ziadost-dotknutej-osoby-300x300.png 300w, https:\/\/glycanostics.com\/wp-content\/uploads\/2025\/02\/Ziadost-dotknutej-osoby-150x150.png 150w, https:\/\/glycanostics.com\/wp-content\/uploads\/2025\/02\/Ziadost-dotknutej-osoby-768x768.png 768w\" sizes=\"(max-width: 800px) 100vw, 800px\" \/>\t\t\t\t\t\t\t\t<\/a>\n\t\t\t\t\t\t\t\t\t\t\t\t\t\t\t<\/div>\n\t\t\t\t<\/div>\n\t\t\t\t\t<\/div>\n\t\t<\/div>\n\t\t\t\t<div class=\"elementor-column elementor-col-33 elementor-top-column elementor-element elementor-element-fbe9ee1\" data-id=\"fbe9ee1\" data-element_type=\"column\">\n\t\t\t<div class=\"elementor-widget-wrap elementor-element-populated\">\n\t\t\t\t\t\t\t\t<div class=\"elementor-element elementor-element-d20e8d8 elementor-widget elementor-widget-image\" data-id=\"d20e8d8\" data-element_type=\"widget\" data-widget_type=\"image.default\">\n\t\t\t\t<div class=\"elementor-widget-container\">\n\t\t\t\t\t\t\t\t\t\t\t\t\t\t\t\t<a href=\"https:\/\/glycanostics.com\/wp-content\/uploads\/2024\/12\/Namietanie-spracuvania-OU.pdf\" target=\"_blank\">\n\t\t\t\t\t\t\t<img loading=\"lazy\" decoding=\"async\" width=\"800\" height=\"800\" src=\"https:\/\/glycanostics.com\/wp-content\/uploads\/2025\/02\/Namietanie.png\" class=\"attachment-large size-large wp-image-3423\" alt=\"\" srcset=\"https:\/\/glycanostics.com\/wp-content\/uploads\/2025\/02\/Namietanie.png 1024w, https:\/\/glycanostics.com\/wp-content\/uploads\/2025\/02\/Namietanie-300x300.png 300w, https:\/\/glycanostics.com\/wp-content\/uploads\/2025\/02\/Namietanie-150x150.png 150w, https:\/\/glycanostics.com\/wp-content\/uploads\/2025\/02\/Namietanie-768x768.png 768w\" sizes=\"(max-width: 800px) 100vw, 800px\" \/>\t\t\t\t\t\t\t\t<\/a>\n\t\t\t\t\t\t\t\t\t\t\t\t\t\t\t<\/div>\n\t\t\t\t<\/div>\n\t\t\t\t\t<\/div>\n\t\t<\/div>\n\t\t\t\t<div class=\"elementor-column elementor-col-33 elementor-top-column elementor-element elementor-element-2d06e20\" data-id=\"2d06e20\" data-element_type=\"column\">\n\t\t\t<div class=\"elementor-widget-wrap elementor-element-populated\">\n\t\t\t\t\t\t\t\t<div class=\"elementor-element elementor-element-4f3224f elementor-widget elementor-widget-image\" data-id=\"4f3224f\" data-element_type=\"widget\" data-widget_type=\"image.default\">\n\t\t\t\t<div class=\"elementor-widget-container\">\n\t\t\t\t\t\t\t\t\t\t\t\t\t\t\t\t<a href=\"https:\/\/glycanostics.com\/wp-content\/uploads\/2024\/12\/Odvolanie-suhlasu-na-spracuvanie-OU.pdf\" target=\"_blank\">\n\t\t\t\t\t\t\t<img loading=\"lazy\" decoding=\"async\" width=\"800\" height=\"800\" src=\"https:\/\/glycanostics.com\/wp-content\/uploads\/2025\/02\/Odvolanie-suhlasu.png\" class=\"attachment-large size-large wp-image-3425\" alt=\"\" srcset=\"https:\/\/glycanostics.com\/wp-content\/uploads\/2025\/02\/Odvolanie-suhlasu.png 1024w, https:\/\/glycanostics.com\/wp-content\/uploads\/2025\/02\/Odvolanie-suhlasu-300x300.png 300w, https:\/\/glycanostics.com\/wp-content\/uploads\/2025\/02\/Odvolanie-suhlasu-150x150.png 150w, https:\/\/glycanostics.com\/wp-content\/uploads\/2025\/02\/Odvolanie-suhlasu-768x768.png 768w\" sizes=\"(max-width: 800px) 100vw, 800px\" \/>\t\t\t\t\t\t\t\t<\/a>\n\t\t\t\t\t\t\t\t\t\t\t\t\t\t\t<\/div>\n\t\t\t\t<\/div>\n\t\t\t\t\t<\/div>\n\t\t<\/div>\n\t\t\t\t\t\t\t<\/div>\n\t\t<\/section>\n\t\t\t\t<section data-particle_enable=\"false\" data-particle-mobile-disabled=\"false\" class=\"elementor-section elementor-top-section elementor-element elementor-element-a9078a0 elementor-section-boxed elementor-section-height-default elementor-section-height-default\" data-id=\"a9078a0\" data-element_type=\"section\">\n\t\t\t\t\t\t<div class=\"elementor-container elementor-column-gap-default\">\n\t\t\t\t\t<div class=\"elementor-column elementor-col-100 elementor-top-column elementor-element elementor-element-719e561\" data-id=\"719e561\" data-element_type=\"column\">\n\t\t\t<div class=\"elementor-widget-wrap\">\n\t\t\t\t\t\t\t\t\t<\/div>\n\t\t<\/div>\n\t\t\t\t\t\t\t<\/div>\n\t\t<\/section>\n\t\t\t\t\t\t\t<\/div>\n\t\t","protected":false},"excerpt":{"rendered":"<p>Formul\u00e1re na stiahnutie<\/p>\n","protected":false},"author":5,"featured_media":0,"parent":3248,"menu_order":0,"comment_status":"closed","ping_status":"closed","template":"elementor_header_footer","meta":{"inline_featured_image":false,"_mi_skip_tracking":false,"_monsterinsights_sitenote_active":false,"_monsterinsights_sitenote_note":"","_monsterinsights_sitenote_category":0,"footnotes":""},"yoast_head":"<!-- This site is optimized with the Yoast SEO plugin v21.5 - https:\/\/yoast.com\/wordpress\/plugins\/seo\/ -->\n<title>Formul\u00e1re - Glycanostics<\/title>\n<meta name=\"robots\" content=\"index, follow, max-snippet:-1, max-image-preview:large, max-video-preview:-1\" \/>\n<link rel=\"canonical\" href=\"https:\/\/glycanostics.com\/sk\/gdpr\/formulare\/\" \/>\n<meta property=\"og:locale\" content=\"sk_SK\" \/>\n<meta property=\"og:type\" content=\"article\" \/>\n<meta property=\"og:title\" content=\"Formul\u00e1re - Glycanostics\" \/>\n<meta property=\"og:description\" content=\"Formul\u00e1re na stiahnutie\" \/>\n<meta property=\"og:url\" content=\"https:\/\/glycanostics.com\/sk\/gdpr\/formulare\/\" \/>\n<meta property=\"og:site_name\" content=\"Glycanostics\" \/>\n<meta property=\"article:modified_time\" content=\"2025-02-14T14:43:30+00:00\" \/>\n<meta property=\"og:image\" content=\"https:\/\/glycanostics.com\/wp-content\/uploads\/2025\/02\/Ziadost-dotknutej-osoby.png\" \/>\n<meta name=\"twitter:card\" content=\"summary_large_image\" \/>\n<meta name=\"twitter:label1\" content=\"Predpokladan\u00fd \u010das \u010d\u00edtania\" \/>\n\t<meta name=\"twitter:data1\" content=\"1 min\u00fata\" \/>\n<script type=\"application\/ld+json\" class=\"yoast-schema-graph\">{\"@context\":\"https:\/\/schema.org\",\"@graph\":[{\"@type\":\"WebPage\",\"@id\":\"https:\/\/glycanostics.com\/sk\/gdpr\/formulare\/\",\"url\":\"https:\/\/glycanostics.com\/sk\/gdpr\/formulare\/\",\"name\":\"Formul\u00e1re - Glycanostics\",\"isPartOf\":{\"@id\":\"https:\/\/glycanostics.com\/#website\"},\"datePublished\":\"2025-02-14T08:54:55+00:00\",\"dateModified\":\"2025-02-14T14:43:30+00:00\",\"breadcrumb\":{\"@id\":\"https:\/\/glycanostics.com\/sk\/gdpr\/formulare\/#breadcrumb\"},\"inLanguage\":\"sk-SK\",\"potentialAction\":[{\"@type\":\"ReadAction\",\"target\":[\"https:\/\/glycanostics.com\/sk\/gdpr\/formulare\/\"]}]},{\"@type\":\"BreadcrumbList\",\"@id\":\"https:\/\/glycanostics.com\/sk\/gdpr\/formulare\/#breadcrumb\",\"itemListElement\":[{\"@type\":\"ListItem\",\"position\":1,\"name\":\"Home\",\"item\":\"https:\/\/glycanostics.com\/\"},{\"@type\":\"ListItem\",\"position\":2,\"name\":\"GDPR\",\"item\":\"https:\/\/glycanostics.com\/sk\/gdpr\/\"},{\"@type\":\"ListItem\",\"position\":3,\"name\":\"Formul\u00e1re\"}]},{\"@type\":\"WebSite\",\"@id\":\"https:\/\/glycanostics.com\/#website\",\"url\":\"https:\/\/glycanostics.com\/\",\"name\":\"Glycanostics\",\"description\":\"\",\"potentialAction\":[{\"@type\":\"SearchAction\",\"target\":{\"@type\":\"EntryPoint\",\"urlTemplate\":\"https:\/\/glycanostics.com\/?s={search_term_string}\"},\"query-input\":\"required name=search_term_string\"}],\"inLanguage\":\"sk-SK\"}]}<\/script>\n<!-- \/ Yoast SEO plugin. -->","yoast_head_json":{"title":"Formul\u00e1re - Glycanostics","robots":{"index":"index","follow":"follow","max-snippet":"max-snippet:-1","max-image-preview":"max-image-preview:large","max-video-preview":"max-video-preview:-1"},"canonical":"https:\/\/glycanostics.com\/sk\/gdpr\/formulare\/","og_locale":"sk_SK","og_type":"article","og_title":"Formul\u00e1re - Glycanostics","og_description":"Formul\u00e1re na stiahnutie","og_url":"https:\/\/glycanostics.com\/sk\/gdpr\/formulare\/","og_site_name":"Glycanostics","article_modified_time":"2025-02-14T14:43:30+00:00","og_image":[{"url":"https:\/\/glycanostics.com\/wp-content\/uploads\/2025\/02\/Ziadost-dotknutej-osoby.png"}],"twitter_card":"summary_large_image","twitter_misc":{"Predpokladan\u00fd \u010das \u010d\u00edtania":"1 min\u00fata"},"schema":{"@context":"https:\/\/schema.org","@graph":[{"@type":"WebPage","@id":"https:\/\/glycanostics.com\/sk\/gdpr\/formulare\/","url":"https:\/\/glycanostics.com\/sk\/gdpr\/formulare\/","name":"Formul\u00e1re - Glycanostics","isPartOf":{"@id":"https:\/\/glycanostics.com\/#website"},"datePublished":"2025-02-14T08:54:55+00:00","dateModified":"2025-02-14T14:43:30+00:00","breadcrumb":{"@id":"https:\/\/glycanostics.com\/sk\/gdpr\/formulare\/#breadcrumb"},"inLanguage":"sk-SK","potentialAction":[{"@type":"ReadAction","target":["https:\/\/glycanostics.com\/sk\/gdpr\/formulare\/"]}]},{"@type":"BreadcrumbList","@id":"https:\/\/glycanostics.com\/sk\/gdpr\/formulare\/#breadcrumb","itemListElement":[{"@type":"ListItem","position":1,"name":"Home","item":"https:\/\/glycanostics.com\/"},{"@type":"ListItem","position":2,"name":"GDPR","item":"https:\/\/glycanostics.com\/sk\/gdpr\/"},{"@type":"ListItem","position":3,"name":"Formul\u00e1re"}]},{"@type":"WebSite","@id":"https:\/\/glycanostics.com\/#website","url":"https:\/\/glycanostics.com\/","name":"Glycanostics","description":"","potentialAction":[{"@type":"SearchAction","target":{"@type":"EntryPoint","urlTemplate":"https:\/\/glycanostics.com\/?s={search_term_string}"},"query-input":"required name=search_term_string"}],"inLanguage":"sk-SK"}]}},"_links":{"self":[{"href":"https:\/\/glycanostics.com\/sk\/wp-json\/wp\/v2\/pages\/3388"}],"collection":[{"href":"https:\/\/glycanostics.com\/sk\/wp-json\/wp\/v2\/pages"}],"about":[{"href":"https:\/\/glycanostics.com\/sk\/wp-json\/wp\/v2\/types\/page"}],"author":[{"embeddable":true,"href":"https:\/\/glycanostics.com\/sk\/wp-json\/wp\/v2\/users\/5"}],"replies":[{"embeddable":true,"href":"https:\/\/glycanostics.com\/sk\/wp-json\/wp\/v2\/comments?post=3388"}],"version-history":[{"count":6,"href":"https:\/\/glycanostics.com\/sk\/wp-json\/wp\/v2\/pages\/3388\/revisions"}],"predecessor-version":[{"id":3457,"href":"https:\/\/glycanostics.com\/sk\/wp-json\/wp\/v2\/pages\/3388\/revisions\/3457"}],"up":[{"embeddable":true,"href":"https:\/\/glycanostics.com\/sk\/wp-json\/wp\/v2\/pages\/3248"}],"wp:attachment":[{"href":"https:\/\/glycanostics.com\/sk\/wp-json\/wp\/v2\/media?parent=3388"}],"curies":[{"name":"wp","href":"https:\/\/api.w.org\/{rel}","templated":true}]}}