{"id":3507,"date":"2026-02-04T12:22:47","date_gmt":"2026-02-04T11:22:47","guid":{"rendered":"https:\/\/glycanostics.com\/?page_id=3507"},"modified":"2026-03-05T13:43:51","modified_gmt":"2026-03-05T12:43:51","slug":"projekty","status":"publish","type":"page","link":"https:\/\/glycanostics.com\/sk\/projekty\/","title":{"rendered":"Projekty"},"content":{"rendered":"<p><strong>Projekty\u00a0<\/strong><\/p>\n<p>Efekt\u00edvnej\u0161ie riadenie a posilnenie financovania v\u00fdskumu, v\u00fdvoja a\u00a0inov\u00e1ci\u00ed Pl\u00e1nu obnovy a odolnosti Slovenskej republiky.<\/p>\n<p><strong>N\u00e1zov v\u00fdzvy:<\/strong><strong>\u00a0<\/strong> Vy\u0301zva na predkladanie \u017eiadost\u00ed o poskytnutie prostriedkov mechanizmu, zameran\u00e1 na podporu projektov, ktory\u0301m bola udelen\u00e1 zn\u00e1mka excelentnosti za kvalitu (Seal of Excellence)<\/p>\n<p><strong>N\u00e1zov projektu:<\/strong><strong>\u00a0Inovat\u00edvne s\u00e9rologick\u00e9 biomarkery na b\u00e1ze glyk\u00e1nov ur\u010den\u00e9 na skr\u00edning rakoviny prsn\u00edka, p\u013e\u00fac a pankreasu<\/strong><\/p>\n<p><strong>K\u00f3d projektu:<\/strong><strong>\u00a0<\/strong> 09I01-03-V01-00001<br \/>\n<strong>Vykon\u00e1vate\u013e:<\/strong><strong>\u00a0<\/strong> Ministerstvo hospod\u00e1rstva Slovenskej republiky<br \/>\n<strong>Miesto realiz\u00e1cie:<\/strong><strong>\u00a0<\/strong> Bratislava<br \/>\n<strong>Pl\u00e1novan\u00fd term\u00edn ukon\u010denia realiz\u00e1cie aktiv\u00edt:<\/strong><strong>\u00a0<\/strong> <strong>03\/2026<\/strong><\/p>\n<p><strong>Link na zmluvu zverejnen\u00fa v centr\u00e1lnom registri zml\u00fav:<\/strong><strong>\u00a0<\/strong> <a href=\"https:\/\/www.crz.gov.sk\/data\/att\/4218530.pdf?csrt=354734951152504275\">https:\/\/www.crz.gov.sk\/data\/att\/4218530.pdf?csrt=354734951152504275<\/a><\/p>\n<p>________________________________________________________________________________________________<\/p>\n<p>Efekt\u00edvnej\u0161ie riadenie a posilnenie financovania v\u00fdskumu, v\u00fdvoja a\u00a0inov\u00e1ci\u00ed Pl\u00e1nu obnovy a odolnosti Slovenskej republiky<\/p>\n<p><strong>Invest\u00edcia: <\/strong>3: Excelentn\u00e1 veda<\/p>\n<p><strong>N\u00e1zov v\u00fdzvy:<\/strong><strong>\u00a0<\/strong>Ve\u013ek\u00e9 projekty pre excelentn\u00fdch v\u00fdskumn\u00edkov<\/p>\n<p><strong>N\u00e1zov projektu:<\/strong><strong> Glyk\u00e1nov\u00e9 biomarkery pre diagnostiku rakoviny hrub\u00e9ho \u010dreva a \u017eal\u00fadka\u00a0<\/strong><strong>a rakoviny tr\u00e1viaceho \u00fastrojenstva<\/strong><\/p>\n<p><strong>K\u00f3d projektu:<\/strong><strong>\u00a0<\/strong> 09I03-03-V03-00053<\/p>\n<p><strong>Vykon\u00e1vate\u013e:<\/strong><strong>\u00a0<\/strong> V\u00fdskumn\u00e1 agent\u00fara<br \/>\n<strong>Miesto realiz\u00e1cie:<\/strong><strong>\u00a0<\/strong> Bratislava<\/p>\n<p><strong>Cie\u013e projektu:<\/strong><strong>\u00a0<\/strong> Projekt glyBIOcan m\u00e1 za cie\u013e posun\u00fa\u0165 poznanie v oblasti glyk\u00e1nov\u00fdch biomarkerov (glyk\u00e1ny = komplexn\u00e9 sacharidy) pre efekt\u00edvnu diagnostiku rakoviny hrub\u00e9ho \u010dreva (CRC) a \u017eal\u00fadka (GC). Vedeck\u00fd t\u00edm spolo\u010dnosti Glycanostics pod veden\u00edm hlavn\u00e9ho rie\u0161ite\u013ea Dr. J\u00e1na Tk\u00e1\u010da, ktor\u00fd \u00faspe\u0161ne zrealizoval ERC grant, klinicky over\u00ed nov\u00e9 biomarkery na b\u00e1ze glyk\u00e1nov na skor\u00fa diagnostiku CRC a GC. Diagnostika je zalo\u017een\u00e1 na anal\u00fdze \u013eudsk\u00e9ho krvn\u00e9ho s\u00e9ra, \u010do je minim\u00e1lne invaz\u00edvny a n\u00e1kladovo vysoko efekt\u00edvny diagnostick\u00fd pr\u00edstup. Slovensko je dlhodobo jednou z ved\u00facich kraj\u00edn v E\u00da v incidenci\u00ed a \u00famrtnosti na CRC, pri\u010dom rutinn\u00fd skr\u00edningov\u00fd z\u00e1krok podstupuje menej ako 50 % popul\u00e1cie. GC je \u010dasto diagnostikovan\u00e1 v neskorom \u0161t\u00e1diu alebo ako metast\u00e1zy. Okrem toho sa o\u010dak\u00e1va, \u017ee celosvetov\u00e1 \u00famrtnos\u0165 v roku 2040 vzrastie o 63 %. Projekt preto prin\u00e1\u0161a vedeck\u00e9 v\u00fdsledky pre diagnostick\u00e9 n\u00e1stroje s cie\u013eom zlep\u0161i\u0165 prevenciu a diagnostiku t\u00fdchto celospolo\u010densky z\u00e1va\u017en\u00fdch ochoren\u00ed. (SK RIS3 2021+: Zdrav\u00e1 spolo\u010dnos\u0165)<\/p>\n<p><strong>Pl\u00e1novan\u00fd term\u00edn ukon\u010denia realiz\u00e1cie aktiv\u00edt:<\/strong><strong>\u00a0<\/strong> <strong>06\/2026<\/strong><\/p>\n<p><strong>Link na zmluvu zverejnen\u00fa v centr\u00e1lnom registri zml\u00fav:<\/strong><strong>\u00a0<\/strong> <a href=\"https:\/\/www.crz.gov.sk\/data\/att\/5108200.pdf?csrt=354734951152504275\">https:\/\/www.crz.gov.sk\/data\/att\/5108200.pdf?csrt=354734951152504275<\/a><\/p>\n<p>________________________________________________________________________________________________<\/p>\n<p>&nbsp;<\/p>\n<p>Efekt\u00edvnej\u0161ie riadenie a posilnenie financovania v\u00fdskumu, v\u00fdvoja a\u00a0inov\u00e1ci\u00ed Pl\u00e1nu obnovy a odolnosti Slovenskej republiky.<\/p>\n<p><strong>Invest\u00edcia:<\/strong> Podpora medzin\u00e1rodnej spolupr\u00e1ce a zap\u00e1jania sa do projektov Horizont Eur\u00f3pa a Eur\u00f3psky inova\u010dn\u00fd a technologick\u00fd in\u0161tit\u00fat (EIT \u2013 European Institute of Innovation and Technology)<\/p>\n<p><strong>N\u00e1zov v\u00fdzvy:<\/strong><strong>\u00a0<\/strong> Matching granty ku zdrojom z\u00edskan\u00fdm v r\u00e1mci programu Horizont 2020 a Horizont Eur\u00f3pa<\/p>\n<p><strong>N\u00e1zov projektu:<\/strong><strong>\u00a0 Hodnotenie v\u00fdkonu nov\u00e9ho form\u00e1tu diagnostick\u00e9ho testu GIASAY pre rakovinu prostaty nadv\u00e4zuj\u00face na v\u00fdsledky projektu EIC-Akceler\u00e1tor<\/strong><\/p>\n<p><strong>K\u00f3d projektu:<\/strong><strong>\u00a0<\/strong> 09I01-03-V04-00071<\/p>\n<p><strong>Vykon\u00e1vate\u013e:<\/strong><strong>\u00a0<\/strong> V\u00fdskumn\u00e1 agent\u00fara<br \/>\n<strong>Miesto realiz\u00e1cie:<\/strong><strong>\u00a0<\/strong> Bratislava<\/p>\n<p><strong>Cie\u013e projektu:<\/strong><strong>\u00a0<\/strong> Hlavn\u00fdm cie\u013eom projektu je nadviaza\u0165 na excelentn\u00e9 v\u00fdsledky dosiahnut\u00e9 po\u010das rie\u0161enia prest\u00ed\u017eneho EIC-A projektu. Giasay (Glycobiopsy ImmunoAssay) PROSTATE test (verzia 1.0) bol vyvinut\u00fd po\u010das implement\u00e1cie projektu EIC-A a z\u00e1rove\u0148 \u00faspe\u0161ne validovan\u00fd v klinickej \u0161t\u00fadii publikovanej v \u010dasopise Plos ONE. Pre podmienky masovej v\u00fdroby je Giasay PROSTATE test (verzia 1.0) potrebn\u00e9 upravi\u0165 a optimalizova\u0165. Cie\u013eom tohto projektu je preto plne dokon\u010di\u0165 Giasay PROSTATE vo verzii 2.0, validova\u0165 biomarkery a uskuto\u010dni\u0165 analytick\u00e9 hodnotenie v\u00fdkonu testu; pripravi\u0165 dizajn, pl\u00e1novanie a uskuto\u010dnite\u013enos\u0165 klinick\u00fdch \u0161t\u00fadi\u00ed; a uskuto\u010dni\u0165 klinick\u00e9 hodnotenie v\u00fdkonu testu a monitorovanie terapie testom.<\/p>\n<p><strong>Pl\u00e1novan\u00fd term\u00edn ukon\u010denia realiz\u00e1cie aktiv\u00edt:<\/strong><strong>\u00a0<\/strong> <strong>06\/2026<\/strong><\/p>\n<p><strong>Link na zmluvu zverejnen\u00fa v centr\u00e1lnom registri zml\u00fav:<\/strong><strong>\u00a0<\/strong> <a href=\"https:\/\/www.crz.gov.sk\/zmluva\/10548310\/?csrt=354734951152504275\">https:\/\/www.crz.gov.sk\/zmluva\/10548310\/?csrt=354734951152504275<\/a><\/p>\n<p>Projekty s\u00fa financovan\u00e9 Eur\u00f3pskou \u00faniou \u2013 NextGenerationEU v r\u00e1mci Pl\u00e1nu obnovy a odolnosti Slovenskej republiky<\/p>\n<p>&nbsp;<\/p>\n<p>&nbsp;<\/p>\n<p>&nbsp;<\/p>\n","protected":false},"excerpt":{"rendered":"<p>Projekty\u00a0 Efekt\u00edvnej\u0161ie riadenie a posilnenie financovania v\u00fdskumu, v\u00fdvoja a\u00a0inov\u00e1ci\u00ed Pl\u00e1nu obnovy a odolnosti Slovenskej republiky. N\u00e1zov v\u00fdzvy:\u00a0 Vy\u0301zva na predkladanie \u017eiadost\u00ed o poskytnutie prostriedkov mechanizmu, zameran\u00e1 na podporu projektov, ktory\u0301m bola udelen\u00e1 zn\u00e1mka excelentnosti za kvalitu (Seal of Excellence) N\u00e1zov projektu:\u00a0Inovat\u00edvne s\u00e9rologick\u00e9 biomarkery na b\u00e1ze glyk\u00e1nov ur\u010den\u00e9 na skr\u00edning rakoviny prsn\u00edka, p\u013e\u00fac a pankreasu K\u00f3d [&hellip;]<\/p>\n","protected":false},"author":4,"featured_media":0,"parent":0,"menu_order":0,"comment_status":"closed","ping_status":"closed","template":"","meta":{"inline_featured_image":false,"_mi_skip_tracking":false,"_monsterinsights_sitenote_active":false,"_monsterinsights_sitenote_note":"","_monsterinsights_sitenote_category":0,"footnotes":""},"yoast_head":"<!-- This site is optimized with the Yoast SEO plugin v21.5 - https:\/\/yoast.com\/wordpress\/plugins\/seo\/ -->\n<title>Projekty - Glycanostics<\/title>\n<meta name=\"robots\" content=\"index, follow, max-snippet:-1, max-image-preview:large, max-video-preview:-1\" \/>\n<link rel=\"canonical\" href=\"https:\/\/glycanostics.com\/sk\/projekty\/\" \/>\n<meta property=\"og:locale\" content=\"sk_SK\" \/>\n<meta property=\"og:type\" content=\"article\" \/>\n<meta property=\"og:title\" content=\"Projekty - Glycanostics\" \/>\n<meta property=\"og:description\" content=\"Projekty\u00a0 Efekt\u00edvnej\u0161ie riadenie a posilnenie financovania v\u00fdskumu, v\u00fdvoja a\u00a0inov\u00e1ci\u00ed Pl\u00e1nu obnovy a odolnosti Slovenskej republiky. N\u00e1zov v\u00fdzvy:\u00a0 Vy\u0301zva na predkladanie \u017eiadost\u00ed o poskytnutie prostriedkov mechanizmu, zameran\u00e1 na podporu projektov, ktory\u0301m bola udelen\u00e1 zn\u00e1mka excelentnosti za kvalitu (Seal of Excellence) N\u00e1zov projektu:\u00a0Inovat\u00edvne s\u00e9rologick\u00e9 biomarkery na b\u00e1ze glyk\u00e1nov ur\u010den\u00e9 na skr\u00edning rakoviny prsn\u00edka, p\u013e\u00fac a pankreasu K\u00f3d [&hellip;]\" \/>\n<meta property=\"og:url\" content=\"https:\/\/glycanostics.com\/sk\/projekty\/\" \/>\n<meta property=\"og:site_name\" content=\"Glycanostics\" \/>\n<meta property=\"article:modified_time\" content=\"2026-03-05T12:43:51+00:00\" \/>\n<meta name=\"twitter:card\" content=\"summary_large_image\" \/>\n<meta name=\"twitter:label1\" content=\"Predpokladan\u00fd \u010das \u010d\u00edtania\" \/>\n\t<meta name=\"twitter:data1\" content=\"3 min\u00faty\" \/>\n<script type=\"application\/ld+json\" class=\"yoast-schema-graph\">{\"@context\":\"https:\/\/schema.org\",\"@graph\":[{\"@type\":\"WebPage\",\"@id\":\"https:\/\/glycanostics.com\/sk\/projekty\/\",\"url\":\"https:\/\/glycanostics.com\/sk\/projekty\/\",\"name\":\"Projekty - Glycanostics\",\"isPartOf\":{\"@id\":\"https:\/\/glycanostics.com\/#website\"},\"datePublished\":\"2026-02-04T11:22:47+00:00\",\"dateModified\":\"2026-03-05T12:43:51+00:00\",\"breadcrumb\":{\"@id\":\"https:\/\/glycanostics.com\/sk\/projekty\/#breadcrumb\"},\"inLanguage\":\"sk-SK\",\"potentialAction\":[{\"@type\":\"ReadAction\",\"target\":[\"https:\/\/glycanostics.com\/sk\/projekty\/\"]}]},{\"@type\":\"BreadcrumbList\",\"@id\":\"https:\/\/glycanostics.com\/sk\/projekty\/#breadcrumb\",\"itemListElement\":[{\"@type\":\"ListItem\",\"position\":1,\"name\":\"Home\",\"item\":\"https:\/\/glycanostics.com\/\"},{\"@type\":\"ListItem\",\"position\":2,\"name\":\"Projekty\"}]},{\"@type\":\"WebSite\",\"@id\":\"https:\/\/glycanostics.com\/#website\",\"url\":\"https:\/\/glycanostics.com\/\",\"name\":\"Glycanostics\",\"description\":\"\",\"potentialAction\":[{\"@type\":\"SearchAction\",\"target\":{\"@type\":\"EntryPoint\",\"urlTemplate\":\"https:\/\/glycanostics.com\/?s={search_term_string}\"},\"query-input\":\"required name=search_term_string\"}],\"inLanguage\":\"sk-SK\"}]}<\/script>\n<!-- \/ Yoast SEO plugin. -->","yoast_head_json":{"title":"Projekty - Glycanostics","robots":{"index":"index","follow":"follow","max-snippet":"max-snippet:-1","max-image-preview":"max-image-preview:large","max-video-preview":"max-video-preview:-1"},"canonical":"https:\/\/glycanostics.com\/sk\/projekty\/","og_locale":"sk_SK","og_type":"article","og_title":"Projekty - Glycanostics","og_description":"Projekty\u00a0 Efekt\u00edvnej\u0161ie riadenie a posilnenie financovania v\u00fdskumu, v\u00fdvoja a\u00a0inov\u00e1ci\u00ed Pl\u00e1nu obnovy a odolnosti Slovenskej republiky. N\u00e1zov v\u00fdzvy:\u00a0 Vy\u0301zva na predkladanie \u017eiadost\u00ed o poskytnutie prostriedkov mechanizmu, zameran\u00e1 na podporu projektov, ktory\u0301m bola udelen\u00e1 zn\u00e1mka excelentnosti za kvalitu (Seal of Excellence) N\u00e1zov projektu:\u00a0Inovat\u00edvne s\u00e9rologick\u00e9 biomarkery na b\u00e1ze glyk\u00e1nov ur\u010den\u00e9 na skr\u00edning rakoviny prsn\u00edka, p\u013e\u00fac a pankreasu K\u00f3d [&hellip;]","og_url":"https:\/\/glycanostics.com\/sk\/projekty\/","og_site_name":"Glycanostics","article_modified_time":"2026-03-05T12:43:51+00:00","twitter_card":"summary_large_image","twitter_misc":{"Predpokladan\u00fd \u010das \u010d\u00edtania":"3 min\u00faty"},"schema":{"@context":"https:\/\/schema.org","@graph":[{"@type":"WebPage","@id":"https:\/\/glycanostics.com\/sk\/projekty\/","url":"https:\/\/glycanostics.com\/sk\/projekty\/","name":"Projekty - Glycanostics","isPartOf":{"@id":"https:\/\/glycanostics.com\/#website"},"datePublished":"2026-02-04T11:22:47+00:00","dateModified":"2026-03-05T12:43:51+00:00","breadcrumb":{"@id":"https:\/\/glycanostics.com\/sk\/projekty\/#breadcrumb"},"inLanguage":"sk-SK","potentialAction":[{"@type":"ReadAction","target":["https:\/\/glycanostics.com\/sk\/projekty\/"]}]},{"@type":"BreadcrumbList","@id":"https:\/\/glycanostics.com\/sk\/projekty\/#breadcrumb","itemListElement":[{"@type":"ListItem","position":1,"name":"Home","item":"https:\/\/glycanostics.com\/"},{"@type":"ListItem","position":2,"name":"Projekty"}]},{"@type":"WebSite","@id":"https:\/\/glycanostics.com\/#website","url":"https:\/\/glycanostics.com\/","name":"Glycanostics","description":"","potentialAction":[{"@type":"SearchAction","target":{"@type":"EntryPoint","urlTemplate":"https:\/\/glycanostics.com\/?s={search_term_string}"},"query-input":"required name=search_term_string"}],"inLanguage":"sk-SK"}]}},"_links":{"self":[{"href":"https:\/\/glycanostics.com\/sk\/wp-json\/wp\/v2\/pages\/3507"}],"collection":[{"href":"https:\/\/glycanostics.com\/sk\/wp-json\/wp\/v2\/pages"}],"about":[{"href":"https:\/\/glycanostics.com\/sk\/wp-json\/wp\/v2\/types\/page"}],"author":[{"embeddable":true,"href":"https:\/\/glycanostics.com\/sk\/wp-json\/wp\/v2\/users\/4"}],"replies":[{"embeddable":true,"href":"https:\/\/glycanostics.com\/sk\/wp-json\/wp\/v2\/comments?post=3507"}],"version-history":[{"count":6,"href":"https:\/\/glycanostics.com\/sk\/wp-json\/wp\/v2\/pages\/3507\/revisions"}],"predecessor-version":[{"id":3559,"href":"https:\/\/glycanostics.com\/sk\/wp-json\/wp\/v2\/pages\/3507\/revisions\/3559"}],"wp:attachment":[{"href":"https:\/\/glycanostics.com\/sk\/wp-json\/wp\/v2\/media?parent=3507"}],"curies":[{"name":"wp","href":"https:\/\/api.w.org\/{rel}","templated":true}]}}